{"id":15209,"date":"2023-05-24T14:52:42","date_gmt":"2023-05-24T12:52:42","guid":{"rendered":"https:\/\/swissmassage.ch\/produit\/einweg-string-fur-frauen-12-tlg\/"},"modified":"2026-02-13T22:01:35","modified_gmt":"2026-02-13T21:01:35","slug":"einweg-string-fur-frauen-12-tlg","status":"publish","type":"product","link":"https:\/\/swissmassage.weprocess.dev\/de\/produits\/einweg-string-fur-frauen-12-tlg\/","title":{"rendered":"Einweg-Tanga f\u00fcr Damen 12 Stk."},"content":{"rendered":"<h2 style=\"text-align: left;\">String aus Papier, Einweg nach Gebrauch f\u00fcr Massagen oder medizinische Untersuchungen.<\/h2>\n<p>  Einweg-Tangas sind f\u00fcr alle K\u00f6rperbehandlungen konzipiert, einschlie\u00dflich Massagen, Packungen, Peelings, Schlamm und Haarentfernung.<br \/>\nVollst\u00e4ndige Hygiene, da es Einweg und einzeln verpackt ist.   <span style=\"font-size: 10pt;\">In der ganzen Schweiz verf\u00fcgbar.<br \/>\nOder bringen Sie es direkt in unsere Werkstatt. <\/span><br \/>\n<span style=\"font-size: 10pt;\">Eingetragene Marke SWISSMASSAGE, Garantie f\u00fcr Seriosit\u00e4t und Nachverfolgung.<\/span><\/p>\n","protected":false},"excerpt":{"rendered":"<p>String aus Papier, Einweg nach Gebrauch f\u00fcr Massagen oder medizinische Untersuchungen. Einweg-Tangas sind f\u00fcr alle K\u00f6rperbehandlungen konzipiert, einschlie\u00dflich Massagen, Packungen, Peelings, Schlamm und Haarentfernung. Vollst\u00e4ndige Hygiene, da es Einweg und einzeln verpackt ist. In der ganzen Schweiz verf\u00fcgbar. Oder bringen Sie es direkt in unsere Werkstatt. Eingetragene Marke SWISSMASSAGE, Garantie f\u00fcr Seriosit\u00e4t und Nachverfolgung.<\/p>\n","protected":false},"featured_media":15210,"template":"","meta":{"_seopress_robots_primary_cat":"275","_seopress_titles_title":"","_seopress_titles_desc":"String aus Papier, Einweg nach Gebrauch f\u00fcr Massagen oder medizinische Untersuchungen. Vollst\u00e4ndige Hygiene, da es Einweg und einzeln verpackt ist.","_seopress_robots_index":""},"pwb-brand":[],"product_brand":[],"product_cat":[1345,1337,1344,1335],"product_tag":[1551,1552,1542,1550],"product_folder":[1017],"class_list":{"0":"post-15209","1":"product","2":"type-product","3":"status-publish","4":"has-post-thumbnail","6":"product_cat-alles-massagezubehor","7":"product_cat-erganzung-fur-massagen","8":"product_cat-schutzbezuge-fur-massageliegen","9":"product_cat-massagezubehor","10":"product_tag-einweg-slips","11":"product_tag-einweg-tanga","12":"product_tag-riemen","13":"product_tag-unterhose","14":"product_shipping_class-versandkosten-inklusive-paket","16":"first","17":"instock","18":"taxable","19":"shipping-taxable","20":"purchasable","21":"product-type-simple"},"exclude_global_add_ons":[],"addons":[],"brands":[],"_links":{"self":[{"href":"https:\/\/swissmassage.weprocess.dev\/de\/wp-json\/wp\/v2\/product\/15209","targetHints":{"allow":["GET"]}}],"collection":[{"href":"https:\/\/swissmassage.weprocess.dev\/de\/wp-json\/wp\/v2\/product"}],"about":[{"href":"https:\/\/swissmassage.weprocess.dev\/de\/wp-json\/wp\/v2\/types\/product"}],"wp:featuredmedia":[{"embeddable":true,"href":"https:\/\/swissmassage.weprocess.dev\/de\/wp-json\/wp\/v2\/media\/15210"}],"wp:attachment":[{"href":"https:\/\/swissmassage.weprocess.dev\/de\/wp-json\/wp\/v2\/media?parent=15209"}],"wp:term":[{"taxonomy":"pwb-brand","embeddable":true,"href":"https:\/\/swissmassage.weprocess.dev\/de\/wp-json\/wp\/v2\/pwb-brand?post=15209"},{"taxonomy":"product_brand","embeddable":true,"href":"https:\/\/swissmassage.weprocess.dev\/de\/wp-json\/wp\/v2\/product_brand?post=15209"},{"taxonomy":"product_cat","embeddable":true,"href":"https:\/\/swissmassage.weprocess.dev\/de\/wp-json\/wp\/v2\/product_cat?post=15209"},{"taxonomy":"product_tag","embeddable":true,"href":"https:\/\/swissmassage.weprocess.dev\/de\/wp-json\/wp\/v2\/product_tag?post=15209"},{"taxonomy":"product_folder","embeddable":true,"href":"https:\/\/swissmassage.weprocess.dev\/de\/wp-json\/wp\/v2\/product_folder?post=15209"}],"curies":[{"name":"wp","href":"https:\/\/api.w.org\/{rel}","templated":true}]}}