{"id":15208,"date":"2023-05-24T14:52:49","date_gmt":"2023-05-24T12:52:49","guid":{"rendered":"https:\/\/swissmassage.ch\/produit\/medizinischer-sitzhocker-rund-anthrazit\/"},"modified":"2025-03-14T14:04:54","modified_gmt":"2025-03-14T13:04:54","slug":"medizinischer-sitzhocker-rund-anthrazit","status":"publish","type":"product","link":"https:\/\/swissmassage.weprocess.dev\/de\/produits\/medizinischer-sitzhocker-rund-anthrazit\/","title":{"rendered":"Runder Sitzhocker Modell Ceti anthrazit"},"content":{"rendered":"<h2>Massagehocker mit runder Sitzfl\u00e4che in Anthrazit<\/h2>\n<p>Bequemer runder Hocker, gro\u00dfe H\u00f6henverstellung von 49,5 cm bis 67,5 cm.<br \/>\nSitz 35,5 cm und Schaumstoff 7 cm dick.<br \/>\nGewicht 4 kg.<br \/>\nMaximales unterst\u00fctztes Gewicht 120 kg Erh\u00e4ltlich in der ganzen Schweiz oder zum Mitnehmen in unseren Showroom.<br \/>\nBitte beachten Sie, dass wir aufgrund der morphologischen Unterschiede jeder Person dringend empfehlen, die Hocker in unserer Ausstellung in Aigle auszuprobieren, bevor Sie Ihren Kauf abschlie\u00dfen. Im Falle eines Fehlkaufs k\u00f6nnen die Hocker weder zur\u00fcckgegeben noch umgetauscht werden.<\/p>\n","protected":false},"excerpt":{"rendered":"<p>Massagehocker mit runder Sitzfl\u00e4che in Anthrazit Bequemer runder Hocker, gro\u00dfe H\u00f6henverstellung von 49,5 cm bis 67,5 cm. Sitz 35,5 cm und Schaumstoff 7 cm dick. Gewicht 4 kg. Maximales unterst\u00fctztes Gewicht 120 kg Erh\u00e4ltlich in der ganzen Schweiz oder zum Mitnehmen in unseren Showroom. Bitte beachten Sie, dass wir aufgrund der morphologischen Unterschiede jeder Person&hellip;<\/p>\n","protected":false},"featured_media":11900,"template":"","meta":{"_seopress_robots_primary_cat":"none","_seopress_titles_title":"","_seopress_titles_desc":"Massagehocker mit anthrazitfarbenem rundem Sitz, der optimalen Komfort f\u00fcr Ihre Sitzungen bietet.","_seopress_robots_index":""},"pwb-brand":[],"product_brand":[],"product_cat":[1332,1330,1331,1333,1345,1326,1329,1325,1328,1327],"product_tag":[1420,1425,1549],"product_folder":[992],"class_list":{"0":"post-15208","1":"product","2":"type-product","3":"status-publish","4":"has-post-thumbnail","6":"product_cat-alle-asthetischen-artikel","7":"product_cat-alle-massageliegen-massage-ausstattungen","8":"product_cat-alle-physio-medizinischen-artikel","9":"product_cat-alle-spa-beauty-produkte","10":"product_cat-alles-massagezubehor","11":"product_cat-hocker-fur-therapeuten","12":"product_cat-hocker-und-komfort","13":"product_cat-medizinischer-stuhl","14":"product_cat-spa-hocker","15":"product_cat-stuhle-fur-kosmetikerinnen","16":"product_tag-hocker","17":"product_tag-hocker-rader","18":"product_tag-runder-hocker","20":"first","21":"outofstock","22":"taxable","23":"shipping-taxable","24":"purchasable","25":"product-type-simple"},"exclude_global_add_ons":[],"addons":[],"brands":[],"_links":{"self":[{"href":"https:\/\/swissmassage.weprocess.dev\/de\/wp-json\/wp\/v2\/product\/15208","targetHints":{"allow":["GET"]}}],"collection":[{"href":"https:\/\/swissmassage.weprocess.dev\/de\/wp-json\/wp\/v2\/product"}],"about":[{"href":"https:\/\/swissmassage.weprocess.dev\/de\/wp-json\/wp\/v2\/types\/product"}],"wp:featuredmedia":[{"embeddable":true,"href":"https:\/\/swissmassage.weprocess.dev\/de\/wp-json\/wp\/v2\/media\/11900"}],"wp:attachment":[{"href":"https:\/\/swissmassage.weprocess.dev\/de\/wp-json\/wp\/v2\/media?parent=15208"}],"wp:term":[{"taxonomy":"pwb-brand","embeddable":true,"href":"https:\/\/swissmassage.weprocess.dev\/de\/wp-json\/wp\/v2\/pwb-brand?post=15208"},{"taxonomy":"product_brand","embeddable":true,"href":"https:\/\/swissmassage.weprocess.dev\/de\/wp-json\/wp\/v2\/product_brand?post=15208"},{"taxonomy":"product_cat","embeddable":true,"href":"https:\/\/swissmassage.weprocess.dev\/de\/wp-json\/wp\/v2\/product_cat?post=15208"},{"taxonomy":"product_tag","embeddable":true,"href":"https:\/\/swissmassage.weprocess.dev\/de\/wp-json\/wp\/v2\/product_tag?post=15208"},{"taxonomy":"product_folder","embeddable":true,"href":"https:\/\/swissmassage.weprocess.dev\/de\/wp-json\/wp\/v2\/product_folder?post=15208"}],"curies":[{"name":"wp","href":"https:\/\/api.w.org\/{rel}","templated":true}]}}