{"id":15203,"date":"2023-05-24T14:53:11","date_gmt":"2023-05-24T14:53:11","guid":{"rendered":"https:\/\/swissmassage.ch\/produit\/elektrische-massageliege-model-excellence-weiss\/"},"modified":"2026-02-25T17:00:11","modified_gmt":"2026-02-25T16:00:11","slug":"elektrische-massageliege-model-excellence-weiss","status":"publish","type":"product","link":"https:\/\/swissmassage.weprocess.dev\/de\/produits\/elektrische-massageliege-model-excellence-weiss\/","title":{"rendered":"Massageliege Modell Excellence wei\u00df"},"content":{"rendered":"<h2><strong>Elektrische Massageliege Modell Excellence 4 Motoren.<\/strong><\/h2>\n<p>4 sehr schnelle und leise Motoren mit wasserdichter Fernbedienung.<br \/>\nInklusive 2 Motoren zum Einstellen der H\u00f6he der Massageliege von 68 cm bis 88 cm.<br \/>\nUnd die Neigung der SPA-Liege.<br \/>\n1 Motor zum Verstellen der R\u00fcckenlehne des SPA-Bettes in sitzender Position.<br \/>\n1 Motor erm\u00f6glicht es Ihnen, die Beine anzuheben, um den unteren R\u00fccken zu entlasten.<br \/>\nFlexibler und fester wei\u00dfer Polyurethan-Bezug.<br \/>\nR\u00fcckenlehne mit Gesichtsloch und Kappe.<br \/>\nVerstellbare Armlehnen f\u00fcr besseren Komfort in Bauchlage.<br \/>\nSpezieller, mehrschichtiger 10+3-Memory-Schaum mit extra Komfort, sehr bequem und effektiv f\u00fcr Massagen.<br \/>\nIdeales Design f\u00fcr Hotels, SPAs und Wellnesszentren.<br \/>\nBreite der Massageliege 76cm,<br \/>\nL\u00e4nge der Massageliege 198cm.<br \/>\nH\u00f6he der Massageliege 68 bis 88 cm.<br \/>\nGewicht der Massageliege 104 kg.<\/p>\n<p><span style=\"font-size: 10pt;\">F\u00fcr den therapeutischen Einsatz empfehlen wir den Kauf unserer <a href=\"https:\/\/swissmassage.weprocess.dev\/produit\/couverture-chauffante-table-de-massage\/\"><span style=\"color: #993366;\">Heizdecke<\/span><\/a>, die auf 10 Temperaturstufen einstellbar und mit einem programmierbaren Timer von einer bis zehn Stunden ausgestattet ist, der sich nach Gebrauch automatisch abschaltet. <\/span><\/p>\n<h3>Philosophie der Massageliege Modell Excellence Wei\u00df:<\/h3>\n<p>Die elektrische Massageliege White Excellence ist die ideale Wahl f\u00fcr Wellnesszentren. Ausgestattet mit vier leisen und schnellen Motoren bietet er eine pr\u00e4zise Steuerung \u00fcber eine wasserdichte Fernbedienung.<br \/>\nAusgestattet mit zwei Motoren, um die H\u00f6he der Massageliege und ihre Neigung einzustellen, sowie einem Motor, um die R\u00fcckenlehne des Bettes beim Sitzen zu verstellen, und einem weiteren, um die Beine anzuheben, um die Lendenwirbels\u00e4ule zu entlasten, garantiert diese Liege optimalen Komfort. Seine Vielseitigkeit erm\u00f6glicht es Ihnen, verschiedene Arten von Massagen durchzuf\u00fchren, wie z. B. klassische, Hot-Stone-Massagen, hawaiianische Massagen oder Fu\u00dfreflexzonenmassagen. Seine Mehrfachpositionen erleichtern auch den ven\u00f6sen R\u00fcckfluss in die Beine.<br \/>\nDie wei\u00dfe Polyurethan-Beschichtung, die sowohl flexibel als auch robust ist, sorgt f\u00fcr eine angenehme Haptik und eine lange Lebensdauer. Die R\u00fcckenlehne, ausgestattet mit einem Gesichtsloch mit Stopper, und die verstellbaren Armlehnen bieten maximalen Komfort in Bauchlage.<br \/>\nDer spezielle, mehrschichtige Extra-Komfort-Schaum garantiert eine optimale Unterst\u00fctzung w\u00e4hrend der Massagen und vereint sowohl Komfort als auch Wirksamkeit. Mit ihren gro\u00dfz\u00fcgigen Abmessungen bietet diese Liege einen ger\u00e4umigen und komfortablen Behandlungsraum.<\/p>\n<h3>Video zur Excellence Massageliege:<\/h3>\n<div style=\"width: 848px;\" class=\"wp-video\"><video class=\"wp-video-shortcode\" id=\"video-15203-1\" width=\"848\" height=\"480\" preload=\"metadata\" controls=\"controls\"><source type=\"video\/mp4\" src=\"https:\/\/swissmassage.weprocess.dev\/wp-content\/uploads\/video-table-de-massage-electrique-excellence-swissmassage.mp4?_=1\" \/><a href=\"https:\/\/swissmassage.weprocess.dev\/wp-content\/uploads\/video-table-de-massage-electrique-excellence-swissmassage.mp4\">https:\/\/swissmassage.weprocess.dev\/wp-content\/uploads\/video-table-de-massage-electrique-excellence-swissmassage.mp4<\/a><\/video><\/div>\n","protected":false},"excerpt":{"rendered":"<p>Elektrische Massageliege Modell Excellence 4 Motoren. 4 sehr schnelle und leise Motoren mit wasserdichter Fernbedienung. Inklusive 2 Motoren zum Einstellen der H\u00f6he der Massageliege von 68 cm bis 88 cm. Und die Neigung der SPA-Liege. 1 Motor zum Verstellen der R\u00fcckenlehne des SPA-Bettes in sitzender Position. 1 Motor erm\u00f6glicht es Ihnen, die Beine anzuheben, um&hellip;<\/p>\n","protected":false},"featured_media":13926,"template":"","meta":{"_seopress_robots_primary_cat":"none","_seopress_titles_title":"","_seopress_titles_desc":"Die elektrische Massageliege Excellence ist die ideale Wahl f\u00fcr Wellnesszentren. Ausgestattet mit vier leisen und schnellen Motoren bietet er eine pr\u00e4zise Steuerung.","_seopress_robots_index":""},"pwb-brand":[],"product_brand":[],"product_cat":[1330,1384,1368],"product_tag":[1445,1435,1443],"product_folder":[994],"class_list":{"0":"post-15203","1":"product","2":"type-product","3":"status-publish","4":"has-post-thumbnail","6":"product_cat-alle-massageliegen-massage-ausstattungen","7":"product_cat-angebote","8":"product_cat-elektrische-massageliegen","9":"product_tag-elektrische-massageliege","10":"product_tag-massage-de","11":"product_tag-massageliege","12":"product_shipping_class-versandkosten-inklusive-paket","14":"first","15":"instock","16":"sale","17":"taxable","18":"shipping-taxable","19":"purchasable","20":"product-type-simple"},"exclude_global_add_ons":false,"addons":{"0":{"name":"Filzoption unter den F\u00fc\u00dfen, macht es leicht zu bewegen","type":"multiple_choice","position":0,"required":false,"title_format":"label","description_enable":false,"description":"","placeholder_enable":false,"placeholder":"","display":"images","restrictions_type":"any_text","adjust_price":false,"price":"","price_type":"flat_fee","restrictions":false,"min":0,"max":0,"options":[{"label":"Mit Filzunterbeinen","price":"24","price_type":"flat_fee","image":8612}],"id":1720449559},"1":{"name":"Option Kopfst\u00fctzen-Kit","type":"multiple_choice","position":1,"required":false,"title_format":"label","description_enable":false,"description":"","placeholder_enable":false,"placeholder":"","display":"images","restrictions_type":"any_text","adjust_price":false,"price":"","price_type":"flat_fee","restrictions":false,"min":0,"max":0,"options":[{"label":"Mit kippbarer Kopfst\u00fctze","price":"180","price_type":"flat_fee","image":8713}],"id":1720449560},"5":{"name":"Option f\u00fcr Fu\u00dfschalter","type":"multiple_choice","position":2,"required":false,"title_format":"label","description_enable":false,"description":"","placeholder_enable":false,"placeholder":"","display":"images","restrictions_type":"any_text","adjust_price":false,"price":"","price_type":"flat_fee","restrictions":false,"min":0,"max":0,"options":[{"label":"Mit Fu\u00dfschalter","price":"290","price_type":"flat_fee","image":15206}],"id":1772038811},"2":{"name":"Option f\u00fcr sch\u00fctzenden Papierhalter","type":"multiple_choice","position":3,"required":false,"title_format":"label","description_enable":false,"description":"","placeholder_enable":false,"placeholder":"","display":"images","restrictions_type":"any_text","adjust_price":false,"price":"","price_type":"flat_fee","restrictions":false,"min":0,"max":0,"options":[{"label":"Mit sch\u00fctzendem Papierspender","price":"80","price_type":"flat_fee","image":8726}],"id":1720449561},"3":{"name":"Verl\u00e4ngerungsm\u00f6glichkeit +16 cm","type":"multiple_choice","position":4,"required":false,"title_format":"label","description_enable":false,"description":"","placeholder_enable":false,"placeholder":"","display":"images","restrictions_type":"any_text","adjust_price":false,"price":"","price_type":"flat_fee","restrictions":false,"min":0,"max":0,"options":[{"label":"Verl\u00e4ngerungsm\u00f6glichkeit +16 cm","price":"260","price_type":"flat_fee","image":19778}],"id":1756912400},"4":{"name":"Finanzierungsm\u00f6glichkeiten","type":"checkbox","position":5,"required":false,"title_format":"label","description_enable":false,"description":"","placeholder_enable":false,"placeholder":"","display":"select","restrictions_type":"any_text","adjust_price":false,"price":"","price_type":"flat_fee","restrictions":false,"min":0,"max":0,"options":[{"label":"F\u00fcr Gewerbetreibende besteht die M\u00f6glichkeit einer Finanzierung \u00fcber 24 Monate","price":"","price_type":"flat_fee","image":0}],"id":1720449562}},"brands":[],"_links":{"self":[{"href":"https:\/\/swissmassage.weprocess.dev\/de\/wp-json\/wp\/v2\/product\/15203","targetHints":{"allow":["GET"]}}],"collection":[{"href":"https:\/\/swissmassage.weprocess.dev\/de\/wp-json\/wp\/v2\/product"}],"about":[{"href":"https:\/\/swissmassage.weprocess.dev\/de\/wp-json\/wp\/v2\/types\/product"}],"wp:featuredmedia":[{"embeddable":true,"href":"https:\/\/swissmassage.weprocess.dev\/de\/wp-json\/wp\/v2\/media\/13926"}],"wp:attachment":[{"href":"https:\/\/swissmassage.weprocess.dev\/de\/wp-json\/wp\/v2\/media?parent=15203"}],"wp:term":[{"taxonomy":"pwb-brand","embeddable":true,"href":"https:\/\/swissmassage.weprocess.dev\/de\/wp-json\/wp\/v2\/pwb-brand?post=15203"},{"taxonomy":"product_brand","embeddable":true,"href":"https:\/\/swissmassage.weprocess.dev\/de\/wp-json\/wp\/v2\/product_brand?post=15203"},{"taxonomy":"product_cat","embeddable":true,"href":"https:\/\/swissmassage.weprocess.dev\/de\/wp-json\/wp\/v2\/product_cat?post=15203"},{"taxonomy":"product_tag","embeddable":true,"href":"https:\/\/swissmassage.weprocess.dev\/de\/wp-json\/wp\/v2\/product_tag?post=15203"},{"taxonomy":"product_folder","embeddable":true,"href":"https:\/\/swissmassage.weprocess.dev\/de\/wp-json\/wp\/v2\/product_folder?post=15203"}],"curies":[{"name":"wp","href":"https:\/\/api.w.org\/{rel}","templated":true}]}}