{"id":15201,"date":"2023-05-24T14:53:00","date_gmt":"2023-05-24T14:53:00","guid":{"rendered":"https:\/\/swissmassage.ch\/produit\/elektrische-massageliege-modell-ellipse\/"},"modified":"2025-11-04T08:29:23","modified_gmt":"2025-11-04T07:29:23","slug":"elektrische-massageliege-modell-ellipse","status":"publish","type":"product","link":"https:\/\/swissmassage.weprocess.dev\/de\/produits\/elektrische-massageliege-modell-ellipse\/","title":{"rendered":"Anthrazit Elektrische Massageliege Modell Ellipse"},"content":{"rendered":"<h2>Elektrische Massageliege Ellipse 3 Motoren in Anthrazit.<\/h2>\n<p>Die Ellipse-Liege ist eine vielseitige Behandlungsliege, die entwickelt wurde, um die Bed\u00fcrfnisse von Therapeuten wie Masseuren und Knochensetzern zu erf\u00fcllen. Es ist auch im Bereich der \u00c4sthetik sehr beliebt, da seine Abmessungen besonders an den Komfort des Patienten sowie des Behandlers angepasst sind.<br \/>\nEr ist mit 3 sehr schnellen und leisen Motoren ausgestattet, die von einer Handsteuerung gesteuert werden.<br \/>\nDer 1. Motor stellt die H\u00f6he \u00fcber eine gro\u00dfe Amplitude von 53cm bis 86cm ein.<br \/>\nDer 2. Motor hebt die R\u00fcckenlehne in eine sitzende Position und erm\u00f6glicht die Umkehrung.<br \/>\nDer 3. Motor kippt die Beine, um die Lendenmuskulatur zu entlasten, und erm\u00f6glicht die Behandlung und Positionierung in positiver Pause oder Kyphose.<br \/>\nDie R\u00fcckenlehne ist mit einem Loch f\u00fcr das Gesicht mit seinem Stecker ausgestattet, sie verf\u00fcgt \u00fcber verstellbare Armlehnen, die den Druck auf das Gesicht, die Nebenh\u00f6hlen und die Wangenknochen in Bauchlage reduzieren, was den Komfort erheblich erh\u00f6ht.<br \/>\nDer 8,5 cm gro\u00dfe Schaumstoff mit einer Dichte von 35 kg\/m3 kombiniert Komfort und Wirksamkeit, indem er bei anhaltenden Massagen eine Reaktion bietet.<br \/>\nDie L\u00e4nge der Massageliege betr\u00e4gt 198cm und die Breite 74cm.<br \/>\n2 einziehbare Armlehnen von 10 cm x 70 cm k\u00f6nnen je nach Anordnung als Verbreiterungen oder als Armlehnen verwendet werden.<br \/>\nEr wiegt 71 kg und tr\u00e4gt im aktiven Modus das Gewicht einer Person von bis zu 200 kg.<br \/>\nEr verf\u00fcgt \u00fcber ein Radsystem auf einer Seite, das das Bewegen erleichtert.<br \/>\nDie Polyurethan-Beschichtung zeichnet die Swissmassage-Liegen f\u00fcr ihre Flexibilit\u00e4t, Festigkeit und Zuverl\u00e4ssigkeit aus. Es tr\u00e4gt zum Wohlbefinden bei, indem es die Eigenschaften des Schaums wiederherstellt.<br \/>\nDie Behandlungsliege Ellipse eignet sich besonders f\u00fcr Fu\u00dfreflexzonenmassage, Kinesiologie, Hypnose, K\u00f6rperpflege, Haarentfernungs\u00e4sthetik, Gesichtsbehandlungen, Lymphdrainage, klassische Massagen.<br \/>\nEs ist das Spitzenmodell unter den Massageliegen in Bezug auf seine Abmessungen, seine vielen Einstellm\u00f6glichkeiten und seine Fertigungsmaterialien.<br \/>\nSwissmassage ist eine eingetragene Marke, die Ihnen die Garantie f\u00fcr Seriosit\u00e4t und Nachverfolgung w\u00e4hrend Ihrer gesamten T\u00e4tigkeit bietet.<br \/>\nWir freuen uns, Sie nach Vereinbarung in unserem Showroom in Aigle begr\u00fc\u00dfen zu d\u00fcrfen, damit Sie unsere Ger\u00e4te testen und direkt kaufen k\u00f6nnen, wenn es Ihnen passt, noch am selben Tag oder in unserem Webshop, um ein Angebot anzufordern.<\/p>\n<h2>Technische Zusammenfassung der elektrischen Massageliege Ellipse:<\/h2>\n<p><span style=\"font-size: 10pt;\"><span style=\"color: #000000;\">3 sehr schnelle und leise Motoren mit Handsteuerung.<br \/>\n<\/span><\/span>Der 1. Motor stellt die H\u00f6he von 53 cm bis 86 cm ein.<br \/>\nDer 2. Motor hebt die R\u00fcckenlehne in eine sitzende Position und erm\u00f6glicht eine Umkehrung.<br \/>\nDer 3. Motor hebt die Beine an, um die Lendenmuskulatur zu entlasten.<br \/>\nR\u00fcckenlehne mit Gesichtsloch.<br \/>\nGesichtskappe.<br \/>\nVerstellbare Armlehnen f\u00fcr optimalen Komfort.<br \/>\nNackenkissen.<br \/>\nVersenkbare Armlehnen k\u00f6nnen auch in \u00e4sthetischen Gr\u00fcnden verwendet werden.<br \/>\n<ins>8,5 cm Schaumstoff mit hoher Dichte<br \/>\n<\/ins><br \/>\nSehr komfortabel und effizient.<br \/>\nL\u00e4nge der Massageliege 198cm.<br \/>\nBreite der Massageliege 74cm.<br \/>\n2 einziehbare Armlehnen 10cm.<br \/>\nGewicht der Massageliege 71 kg.<br \/>\nNackenkissen.<span style=\"color: #bc0f4d;\"><br \/>\n<\/span><\/p>\n<h3>Philosophie der Ellipse Massageliege anthrazit:<\/h3>\n<p>Die elektrische Massageliege Ellipse in Anthrazit ist eine vielseitige Behandlungsliege, die auf die unterschiedlichen Bed\u00fcrfnisse von Therapeuten zugeschnitten ist, unabh\u00e4ngig davon, ob sie Massagetherapie, Kinesiologie oder \u00c4sthetik praktizieren. Mit seinen Abmessungen, die an den Komfort des Patienten und des Behandlers angepasst sind, ist er mit drei sehr schnellen und leisen Motoren ausgestattet, die von einer Handsteuerung gesteuert werden.<br \/>\nDer erste Motor erm\u00f6glicht es, die H\u00f6he des Tisches \u00fcber einen weiten Einstellbereich zu verstellen, was eine gro\u00dfe Flexibilit\u00e4t bei der Verwendung bietet. Der zweite Motor hebt die R\u00fcckenlehne im Sitzen an und erm\u00f6glicht auch eine Inversion, w\u00e4hrend der dritte die Beine zur Entlastung der Lendenwirbels\u00e4ule neigt und fortschrittliche Behandlungsm\u00f6glichkeiten bietet.Die R\u00fcckenlehne ist mit einem Gesichtsloch mit einem Stecker und verstellbaren Armlehnen ausgestattet, um den Komfort des Patienten in Bauchlage zu erh\u00f6hen. Der Schaumstoff sorgt f\u00fcr optimalen Halt bei Massagen, w\u00e4hrend die versenkbaren Armlehnen je nach Bedarf genutzt werden k\u00f6nnen.Dieser Tisch bietet einen bequemen und funktionalen Arbeitsbereich. Mit einem vern\u00fcnftigen Gewicht ist er robust und kann ein Gewicht von bis zu einem hohen Aktivit\u00e4tsniveau tragen. Seine Rollen erleichtern das Bewegen und machen ihn zu einer bequemen Wahl f\u00fcr mobile Profis.Die Polyurethanbeschichtung zeichnet die Swissmassage-Liegen f\u00fcr ihre Flexibilit\u00e4t, Festigkeit und Zuverl\u00e4ssigkeit aus und tr\u00e4gt so zum Wohlbefinden des Patienten bei, w\u00e4hrend die Eigenschaften des Schaums erhalten bleiben. Mit ihrem hochwertigen Design und den vielseitigen Einstellm\u00f6glichkeiten steht die Massageliege Ellipse f\u00fcr eine Exzellenz in der therapeutischen Ausstattung.<\/p>\n","protected":false},"excerpt":{"rendered":"<p>Elektrische Massageliege Ellipse 3 Motoren in Anthrazit. Die Ellipse-Liege ist eine vielseitige Behandlungsliege, die entwickelt wurde, um die Bed\u00fcrfnisse von Therapeuten wie Masseuren und Knochensetzern zu erf\u00fcllen. Es ist auch im Bereich der \u00c4sthetik sehr beliebt, da seine Abmessungen besonders an den Komfort des Patienten sowie des Behandlers angepasst sind. Er ist mit 3 sehr&hellip;<\/p>\n","protected":false},"featured_media":13836,"template":"","meta":{"_seopress_robots_primary_cat":"none","_seopress_titles_title":"Ellipse Anthrazit Elektrische Massageliege - Swissmassage","_seopress_titles_desc":"Die elektrische Massageliege Ellipse Anthrazit ist eine vielseitige Behandlungsliege, die auf die unterschiedlichen Bed\u00fcrfnisse von Therapeuten zugeschnitten ist.","_seopress_robots_index":""},"pwb-brand":[],"product_brand":[],"product_cat":[1330,1392,1368,1391,1321],"product_tag":[1445,1435,1443],"product_folder":[994],"class_list":{"0":"post-15201","1":"product","2":"type-product","3":"status-publish","4":"has-post-thumbnail","6":"product_cat-alle-massageliegen-massage-ausstattungen","7":"product_cat-alle-seniorenartikel","8":"product_cat-elektrische-massageliegen","9":"product_cat-pflegebett-fuer-seniorenheime","10":"product_cat-unkategorisiert","11":"product_tag-elektrische-massageliege","12":"product_tag-massage-de","13":"product_tag-massageliege","15":"first","16":"instock","17":"taxable","18":"shipping-taxable","19":"purchasable","20":"product-type-simple"},"exclude_global_add_ons":false,"addons":[{"name":"Option f\u00fcr neigbare Kopfst\u00fctze","type":"multiple_choice","position":0,"required":false,"title_format":"label","description_enable":false,"description":"","placeholder_enable":false,"placeholder":"","display":"images","restrictions_type":"any_text","adjust_price":false,"price":"","price_type":"flat_fee","restrictions":false,"min":0,"max":0,"options":[{"label":"Mit kippbarer Kopfst\u00fctze","price":"180","price_type":"flat_fee","image":8714}],"id":1720449314},{"name":"Option f\u00fcr einen sch\u00fctzenden Papierspender","type":"multiple_choice","position":1,"required":false,"title_format":"label","description_enable":false,"description":"","placeholder_enable":false,"placeholder":"","display":"images","restrictions_type":"any_text","adjust_price":false,"price":"","price_type":"flat_fee","restrictions":false,"min":0,"max":0,"options":[{"label":"Mit sch\u00fctzendem Papierspender","price":"50","price_type":"flat_fee","image":8625}],"id":1720449315},{"name":"Option f\u00fcr Fu\u00dfschalter","type":"multiple_choice","position":2,"required":false,"title_format":"label","description_enable":false,"description":"","placeholder_enable":false,"placeholder":"","display":"images","restrictions_type":"any_text","adjust_price":false,"price":"","price_type":"flat_fee","restrictions":false,"min":0,"max":0,"options":[{"label":"Mit Fu\u00dfschalter","price":"250","price_type":"flat_fee","image":8624}],"id":1720449316},{"name":"Verl\u00e4ngerungsm\u00f6glichkeit +16 cm","type":"multiple_choice","position":3,"required":false,"title_format":"label","description_enable":false,"description":"","placeholder_enable":false,"placeholder":"","display":"images","restrictions_type":"any_text","adjust_price":false,"price":"","price_type":"flat_fee","restrictions":false,"min":0,"max":0,"options":[{"label":"Verl\u00e4ngerungsm\u00f6glichkeit +16 cm","price":"260","price_type":"flat_fee","image":19778}],"id":1756912731},{"name":"Finanzierungsm\u00f6glichkeit:","type":"checkbox","position":4,"required":false,"title_format":"label","description_enable":false,"description":"","placeholder_enable":false,"placeholder":"","display":"select","restrictions_type":"any_text","adjust_price":false,"price":"","price_type":"flat_fee","restrictions":false,"min":0,"max":0,"options":[{"label":"F\u00fcr Gewerbetreibende besteht die M\u00f6glichkeit einer Finanzierung \u00fcber 24 Monate","price":"","price_type":"flat_fee","image":0}],"id":1720449317}],"brands":[],"_links":{"self":[{"href":"https:\/\/swissmassage.weprocess.dev\/de\/wp-json\/wp\/v2\/product\/15201","targetHints":{"allow":["GET"]}}],"collection":[{"href":"https:\/\/swissmassage.weprocess.dev\/de\/wp-json\/wp\/v2\/product"}],"about":[{"href":"https:\/\/swissmassage.weprocess.dev\/de\/wp-json\/wp\/v2\/types\/product"}],"wp:featuredmedia":[{"embeddable":true,"href":"https:\/\/swissmassage.weprocess.dev\/de\/wp-json\/wp\/v2\/media\/13836"}],"wp:attachment":[{"href":"https:\/\/swissmassage.weprocess.dev\/de\/wp-json\/wp\/v2\/media?parent=15201"}],"wp:term":[{"taxonomy":"pwb-brand","embeddable":true,"href":"https:\/\/swissmassage.weprocess.dev\/de\/wp-json\/wp\/v2\/pwb-brand?post=15201"},{"taxonomy":"product_brand","embeddable":true,"href":"https:\/\/swissmassage.weprocess.dev\/de\/wp-json\/wp\/v2\/product_brand?post=15201"},{"taxonomy":"product_cat","embeddable":true,"href":"https:\/\/swissmassage.weprocess.dev\/de\/wp-json\/wp\/v2\/product_cat?post=15201"},{"taxonomy":"product_tag","embeddable":true,"href":"https:\/\/swissmassage.weprocess.dev\/de\/wp-json\/wp\/v2\/product_tag?post=15201"},{"taxonomy":"product_folder","embeddable":true,"href":"https:\/\/swissmassage.weprocess.dev\/de\/wp-json\/wp\/v2\/product_folder?post=15201"}],"curies":[{"name":"wp","href":"https:\/\/api.w.org\/{rel}","templated":true}]}}