{"id":15198,"date":"2023-05-24T14:53:27","date_gmt":"2023-05-24T14:53:27","guid":{"rendered":"https:\/\/swissmassage.ch\/produit\/behandlungsliegeeisser-modell-luna-tisch\/"},"modified":"2023-05-24T14:53:27","modified_gmt":"2023-05-24T12:53:27","slug":"behandlungsliegeeisser-modell-luna-tisch","status":"publish","type":"product","link":"https:\/\/swissmassage.weprocess.dev\/de\/produits\/behandlungsliegeeisser-modell-luna-tisch\/","title":{"rendered":"Behandlungsliege Modell Luna White"},"content":{"rendered":"<h2>Wei\u00dfe Behandlungsliege Modell Luna.<\/h2>\n<p><span style=\"font-size: 10pt; font-family: tahoma,arial,helvetica,sans-serif;\">1 sehr schneller und leiser Motor mit wasserdichter Fernbedienung.<\/span><br \/>\n<span style=\"font-family: tahoma,arial,helvetica,sans-serif; font-size: 10pt;\">R\u00fcckenlehnenneigung mit Gasfeder. Breite der Massageliege 70cm. Sehr komfortabler und effektiver 6,5 cm Schaumstoff mit hoher Dichte. L\u00e4nge der Massageliege 190cm. Massageliege H\u00f6he von 53cm bis 86cm. Gewicht der Massageliege 71 kg.      <\/span><span style=\"font-size: 10pt;\">Verpackungsma\u00dfe: 206x72x58cm, Gewicht: 71kg  <\/span><span style=\"font-size: 10pt;\"><span style=\"font-size: 10pt;\">Lieferung in der ganzen Schweiz oder zum Mitnehmen.  <\/span><\/span><\/p>\n<h3>Philosophie der wei\u00dfen Luna Behandlungsliege:<\/h3>\n<p>  Die Luna White Behandlungsliege ist mit einem schnellen und leisen Motor ausgestattet, der von einer wasserdichten Fernbedienung f\u00fcr einen sorgenfreien Gebrauch begleitet wird.<br \/>\nDie R\u00fcckenlehne kann mit einer Gasfeder gekippt werden, was eine Vielseitigkeit bei verschiedenen Behandlungen bietet.<br \/>\nMit einer komfortablen Breite bietet diese Liege optimalen Platz f\u00fcr Patienten.<br \/>\nDer hochdichte Schaumstoff sorgt f\u00fcr eine optimale Unterst\u00fctzung w\u00e4hrend der Behandlungssitzungen.<br \/>\nSeine L\u00e4nge passt sich m\u00fchelos an unterschiedliche Morphologien an.<br \/>\nDie H\u00f6he der Liege ist verstellbar, was eine Anpassung an verschiedene Situationen erm\u00f6glicht und eine ergonomische Haltung f\u00fcr den Praktizierenden f\u00f6rdert.<br \/>\nMit einem ausgewogenen Gewicht bietet es sowohl Stabilit\u00e4t als auch Bewegungsfreiheit.<br \/>\nOptional kann die Untersuchungsliege Luna mit verschiedenem Zubeh\u00f6r ausgestattet werden, um unterschiedlichen Bed\u00fcrfnissen gerecht zu werden.<br \/>\nKommt mit einer Garantie f\u00fcr maximale Sicherheit.        <\/p>\n","protected":false},"excerpt":{"rendered":"<p>Wei\u00dfe Behandlungsliege Modell Luna. 1 sehr schneller und leiser Motor mit wasserdichter Fernbedienung. R\u00fcckenlehnenneigung mit Gasfeder. Breite der Massageliege 70cm. Sehr komfortabler und effektiver 6,5 cm Schaumstoff mit hoher Dichte. L\u00e4nge der Massageliege 190cm. Massageliege H\u00f6he von 53cm bis 86cm. Gewicht der Massageliege 71 kg. Verpackungsma\u00dfe: 206x72x58cm, Gewicht: 71kg Lieferung in der ganzen Schweiz oder&hellip;<\/p>\n","protected":false},"featured_media":13851,"template":"","meta":{"_seopress_robots_primary_cat":"none","_seopress_titles_title":"","_seopress_titles_desc":"Die Luna White Behandlungsliege ist mit einem schnellen und leisen Motor ausgestattet, der von einer wasserdichten Fernbedienung f\u00fcr einen sorgenfreien Gebrauch begleitet wird.","_seopress_robots_index":""},"pwb-brand":[],"product_brand":[],"product_cat":[1330,1368],"product_tag":[1447,1435,1443],"product_folder":[994],"class_list":{"0":"post-15198","1":"product","2":"type-product","3":"status-publish","4":"has-post-thumbnail","6":"product_cat-alle-massageliegen-massage-ausstattungen","7":"product_cat-elektrische-massageliegen","8":"product_tag-asthetische-massageliege","9":"product_tag-massage-de","10":"product_tag-massageliege","12":"first","13":"instock","14":"taxable","15":"shipping-taxable","16":"purchasable","17":"product-type-simple"},"exclude_global_add_ons":false,"addons":[{"name":"Option f\u00fcr Fu\u00dfschalter","type":"multiple_choice","position":0,"required":false,"title_format":"label","description_enable":false,"description":null,"placeholder_enable":false,"placeholder":null,"display":"images","restrictions_type":"any_text","adjust_price":false,"price":"","price_type":"flat_fee","restrictions":false,"min":0,"max":0,"options":[{"label":"Mit Fu\u00dfschalter","price":"180","price_type":"flat_fee","image":8720}],"id":1720449773},{"name":"Option f\u00fcr einen sch\u00fctzenden Papierspender","type":"multiple_choice","position":1,"required":false,"title_format":"label","description_enable":false,"description":null,"placeholder_enable":false,"placeholder":null,"display":"images","restrictions_type":"any_text","adjust_price":false,"price":"","price_type":"flat_fee","restrictions":false,"min":0,"max":0,"options":[{"label":"Mit sch\u00fctzendem Papierspender","price":"80","price_type":"flat_fee","image":8722}],"id":1720449774}],"brands":[],"_links":{"self":[{"href":"https:\/\/swissmassage.weprocess.dev\/de\/wp-json\/wp\/v2\/product\/15198","targetHints":{"allow":["GET"]}}],"collection":[{"href":"https:\/\/swissmassage.weprocess.dev\/de\/wp-json\/wp\/v2\/product"}],"about":[{"href":"https:\/\/swissmassage.weprocess.dev\/de\/wp-json\/wp\/v2\/types\/product"}],"wp:featuredmedia":[{"embeddable":true,"href":"https:\/\/swissmassage.weprocess.dev\/de\/wp-json\/wp\/v2\/media\/13851"}],"wp:attachment":[{"href":"https:\/\/swissmassage.weprocess.dev\/de\/wp-json\/wp\/v2\/media?parent=15198"}],"wp:term":[{"taxonomy":"pwb-brand","embeddable":true,"href":"https:\/\/swissmassage.weprocess.dev\/de\/wp-json\/wp\/v2\/pwb-brand?post=15198"},{"taxonomy":"product_brand","embeddable":true,"href":"https:\/\/swissmassage.weprocess.dev\/de\/wp-json\/wp\/v2\/product_brand?post=15198"},{"taxonomy":"product_cat","embeddable":true,"href":"https:\/\/swissmassage.weprocess.dev\/de\/wp-json\/wp\/v2\/product_cat?post=15198"},{"taxonomy":"product_tag","embeddable":true,"href":"https:\/\/swissmassage.weprocess.dev\/de\/wp-json\/wp\/v2\/product_tag?post=15198"},{"taxonomy":"product_folder","embeddable":true,"href":"https:\/\/swissmassage.weprocess.dev\/de\/wp-json\/wp\/v2\/product_folder?post=15198"}],"curies":[{"name":"wp","href":"https:\/\/api.w.org\/{rel}","templated":true}]}}