{"id":15194,"date":"2023-05-24T14:53:30","date_gmt":"2023-05-24T14:53:30","guid":{"rendered":"https:\/\/swissmassage.ch\/produit\/pflege-liege-modell-luna-anthrazit\/"},"modified":"2023-05-24T14:53:30","modified_gmt":"2023-05-24T12:53:30","slug":"pflege-liege-modell-luna-anthrazit","status":"publish","type":"product","link":"https:\/\/swissmassage.weprocess.dev\/de\/produits\/pflege-liege-modell-luna-anthrazit\/","title":{"rendered":"Behandlungsliege Modell Luna anthrazit"},"content":{"rendered":"<h2>Luna elektrische Behandlungsliege originelles Design anthrazitfarben.<\/h2>\n<p><span style=\"font-size: 10pt; font-family: tahoma,arial,helvetica,sans-serif;\">1 sehr schneller und leiser Motor mit wasserdichter Fernbedienung.<\/span><br \/>\n<span style=\"font-family: tahoma,arial,helvetica,sans-serif; font-size: 10pt;\">R\u00fcckenlehnenneigung mit Gasfeder.<br \/>\nBreite der Massageliege 70cm.<br \/>\nSehr komfortabler und effektiver 6,5 cm Schaumstoff mit hoher Dichte.<br \/>\nL\u00e4nge der Massageliege 190cm.<br \/>\nMassageliege H\u00f6he von 53cm bis 86cm.<br \/>\nGewicht der Massageliege 71 kg.     <\/span><\/p>\n<h3>Philosophie der Luna Behandlungsliege anthrazit:<\/h3>\n<p>  Die elektrische Behandlungsliege Modell Luna mit einem originellen anthrazitfarbenen Design ist mit einem sehr schnellen und leisen Motor ausgestattet, der von einer wasserdichten Fernbedienung f\u00fcr den praktischen Einsatz gesteuert wird.<br \/>\nDie R\u00fcckenlehne kann mit einer Gasfeder zur\u00fcckgelehnt werden und bietet eine Vielzahl von Positionen f\u00fcr optimalen Komfort w\u00e4hrend der Behandlungen.<br \/>\nMit einer gro\u00dfz\u00fcgigen Breite bietet diese Liege ausreichend Platz f\u00fcr Behandlungen.<br \/>\nDer hochdichte Schaumstoff sorgt f\u00fcr eine komfortable und effektive Unterst\u00fctzung der Patienten.<br \/>\nIhre L\u00e4nge erm\u00f6glicht es ihr, sich m\u00fchelos an verschiedene Morphologien anzupassen.<br \/>\nDie H\u00f6he der Liege ist verstellbar, um sich an unterschiedliche Arbeitsh\u00f6hen anzupassen und eine ergonomische Haltung f\u00fcr den Behandler zu f\u00f6rdern.<br \/>\nMit seinem Gewicht bietet er sowohl Stabilit\u00e4t als auch Bewegungsfreiheit.<br \/>\nMit ihrem originellen Design und ihren funktionalen Merkmalen ist die elektrische Behandlungsliege Luna die ideale Wahl f\u00fcr Profis, die Stil und Zweckm\u00e4\u00dfigkeit an ihrem Arbeitsplatz kombinieren m\u00f6chten.       <\/p>\n","protected":false},"excerpt":{"rendered":"<p>Luna elektrische Behandlungsliege originelles Design anthrazitfarben. 1 sehr schneller und leiser Motor mit wasserdichter Fernbedienung. R\u00fcckenlehnenneigung mit Gasfeder. Breite der Massageliege 70cm. Sehr komfortabler und effektiver 6,5 cm Schaumstoff mit hoher Dichte. L\u00e4nge der Massageliege 190cm. Massageliege H\u00f6he von 53cm bis 86cm. Gewicht der Massageliege 71 kg. Philosophie der Luna Behandlungsliege anthrazit: Die elektrische Behandlungsliege&hellip;<\/p>\n","protected":false},"featured_media":13863,"template":"","meta":{"_seopress_robots_primary_cat":"none","_seopress_titles_title":"","_seopress_titles_desc":"Die elektrische Behandlungsliege Luna ist mit einem sehr schnellen und leisen Motor ausgestattet, der f\u00fcr eine bequeme Verwendung von einer wasserdichten Fernbedienung gesteuert wird.","_seopress_robots_index":""},"pwb-brand":[],"product_brand":[],"product_cat":[1330,1368],"product_tag":[1440,1447,1445,1435,1443],"product_folder":[994],"class_list":{"0":"post-15194","1":"product","2":"type-product","3":"status-publish","4":"has-post-thumbnail","6":"product_cat-alle-massageliegen-massage-ausstattungen","7":"product_cat-elektrische-massageliegen","8":"product_tag-asthetisch","9":"product_tag-asthetische-massageliege","10":"product_tag-elektrische-massageliege","11":"product_tag-massage-de","12":"product_tag-massageliege","14":"first","15":"instock","16":"taxable","17":"shipping-taxable","18":"purchasable","19":"product-type-simple"},"exclude_global_add_ons":false,"addons":[{"name":"Option f\u00fcr Fu\u00dfschalter","type":"multiple_choice","position":0,"required":false,"title_format":"label","description_enable":false,"description":null,"placeholder_enable":false,"placeholder":null,"display":"images","restrictions_type":"any_text","adjust_price":false,"price":"","price_type":"flat_fee","restrictions":false,"min":0,"max":0,"options":[{"label":"Mit medizinischem Untersuchungspapierspender","price":"80","price_type":"flat_fee","image":8721}],"id":1720449743},{"name":"Option f\u00fcr Fu\u00dfschalter","type":"multiple_choice","position":1,"required":false,"title_format":"label","description_enable":false,"description":null,"placeholder_enable":false,"placeholder":null,"display":"images","restrictions_type":"any_text","adjust_price":false,"price":"","price_type":"flat_fee","restrictions":false,"min":0,"max":0,"options":[{"label":"Mit Fu\u00dfschalter","price":"180","price_type":"flat_fee","image":8720}],"id":1720449744}],"brands":[],"_links":{"self":[{"href":"https:\/\/swissmassage.weprocess.dev\/de\/wp-json\/wp\/v2\/product\/15194","targetHints":{"allow":["GET"]}}],"collection":[{"href":"https:\/\/swissmassage.weprocess.dev\/de\/wp-json\/wp\/v2\/product"}],"about":[{"href":"https:\/\/swissmassage.weprocess.dev\/de\/wp-json\/wp\/v2\/types\/product"}],"wp:featuredmedia":[{"embeddable":true,"href":"https:\/\/swissmassage.weprocess.dev\/de\/wp-json\/wp\/v2\/media\/13863"}],"wp:attachment":[{"href":"https:\/\/swissmassage.weprocess.dev\/de\/wp-json\/wp\/v2\/media?parent=15194"}],"wp:term":[{"taxonomy":"pwb-brand","embeddable":true,"href":"https:\/\/swissmassage.weprocess.dev\/de\/wp-json\/wp\/v2\/pwb-brand?post=15194"},{"taxonomy":"product_brand","embeddable":true,"href":"https:\/\/swissmassage.weprocess.dev\/de\/wp-json\/wp\/v2\/product_brand?post=15194"},{"taxonomy":"product_cat","embeddable":true,"href":"https:\/\/swissmassage.weprocess.dev\/de\/wp-json\/wp\/v2\/product_cat?post=15194"},{"taxonomy":"product_tag","embeddable":true,"href":"https:\/\/swissmassage.weprocess.dev\/de\/wp-json\/wp\/v2\/product_tag?post=15194"},{"taxonomy":"product_folder","embeddable":true,"href":"https:\/\/swissmassage.weprocess.dev\/de\/wp-json\/wp\/v2\/product_folder?post=15194"}],"curies":[{"name":"wp","href":"https:\/\/api.w.org\/{rel}","templated":true}]}}