{"id":15167,"date":"2023-05-24T14:54:05","date_gmt":"2023-05-24T12:54:05","guid":{"rendered":"https:\/\/swissmassage.ch\/produit\/kosmetik-stuhl-untersuchungspapier-abwickler\/"},"modified":"2023-05-24T14:54:05","modified_gmt":"2023-05-24T12:54:05","slug":"kosmetik-stuhl-untersuchungspapier-abwickler","status":"publish","type":"product","link":"https:\/\/swissmassage.weprocess.dev\/de\/produits\/kosmetik-stuhl-untersuchungspapier-abwickler\/","title":{"rendered":"Untersuchungspapierspender f\u00fcr Kosmetik St\u00fchle"},"content":{"rendered":"<h2>Untersuchungspapierhalter f\u00fcr Kosmetik St\u00fchle Modell Fulu.<\/h2>\n<p>  Halter f\u00fcr Papierrollen bis zu einer Breite von 60 cm.<br \/>\nEinfache Installation auf der R\u00fcckenlehne von \u00e4sthetischen Sesseln mit Armlehnen. <\/p>\n","protected":false},"excerpt":{"rendered":"<p>Untersuchungspapierhalter f\u00fcr Kosmetik St\u00fchle Modell Fulu. Halter f\u00fcr Papierrollen bis zu einer Breite von 60 cm. Einfache Installation auf der R\u00fcckenlehne von \u00e4sthetischen Sesseln mit Armlehnen.<\/p>\n","protected":false},"featured_media":11936,"template":"","meta":{"_seopress_robots_primary_cat":"none","_seopress_titles_title":"Untersuchungspapierspender f\u00fcr Kosmetik St\u00fchle","_seopress_titles_desc":"Untersuchungspapierhalter f\u00fcr Kosmetikst\u00fchle Modell Fulu. Einfache Installation auf der R\u00fcckenlehne von Kosmetiksesseln mit Armlehnen. ","_seopress_robots_index":""},"pwb-brand":[],"product_brand":[],"product_cat":[1345,1336],"product_tag":[1440,1540,1426,1427,1539],"product_folder":[1030],"class_list":{"0":"post-15167","1":"product","2":"type-product","3":"status-publish","4":"has-post-thumbnail","6":"product_cat-alles-massagezubehor","7":"product_cat-zubehor-fur-massageliegen","8":"product_tag-asthetisch","9":"product_tag-papier-de-2","10":"product_tag-papier-de","11":"product_tag-papierrolle","12":"product_tag-zubehor","14":"first","15":"instock","16":"taxable","17":"shipping-taxable","18":"purchasable","19":"product-type-simple"},"exclude_global_add_ons":[],"addons":[],"brands":[],"_links":{"self":[{"href":"https:\/\/swissmassage.weprocess.dev\/de\/wp-json\/wp\/v2\/product\/15167","targetHints":{"allow":["GET"]}}],"collection":[{"href":"https:\/\/swissmassage.weprocess.dev\/de\/wp-json\/wp\/v2\/product"}],"about":[{"href":"https:\/\/swissmassage.weprocess.dev\/de\/wp-json\/wp\/v2\/types\/product"}],"wp:featuredmedia":[{"embeddable":true,"href":"https:\/\/swissmassage.weprocess.dev\/de\/wp-json\/wp\/v2\/media\/11936"}],"wp:attachment":[{"href":"https:\/\/swissmassage.weprocess.dev\/de\/wp-json\/wp\/v2\/media?parent=15167"}],"wp:term":[{"taxonomy":"pwb-brand","embeddable":true,"href":"https:\/\/swissmassage.weprocess.dev\/de\/wp-json\/wp\/v2\/pwb-brand?post=15167"},{"taxonomy":"product_brand","embeddable":true,"href":"https:\/\/swissmassage.weprocess.dev\/de\/wp-json\/wp\/v2\/product_brand?post=15167"},{"taxonomy":"product_cat","embeddable":true,"href":"https:\/\/swissmassage.weprocess.dev\/de\/wp-json\/wp\/v2\/product_cat?post=15167"},{"taxonomy":"product_tag","embeddable":true,"href":"https:\/\/swissmassage.weprocess.dev\/de\/wp-json\/wp\/v2\/product_tag?post=15167"},{"taxonomy":"product_folder","embeddable":true,"href":"https:\/\/swissmassage.weprocess.dev\/de\/wp-json\/wp\/v2\/product_folder?post=15167"}],"curies":[{"name":"wp","href":"https:\/\/api.w.org\/{rel}","templated":true}]}}