{"id":15166,"date":"2023-05-24T14:54:04","date_gmt":"2023-05-24T12:54:04","guid":{"rendered":"https:\/\/swissmassage.ch\/produit\/einweg-papier-spannbettlaken-fur-massageliege\/"},"modified":"2023-05-24T14:54:04","modified_gmt":"2023-05-24T12:54:04","slug":"einweg-papier-spannbettlaken-fur-massageliege","status":"publish","type":"product","link":"https:\/\/swissmassage.weprocess.dev\/de\/produits\/einweg-papier-spannbettlaken-fur-massageliege\/","title":{"rendered":"Einweg Papier Spannbettlaken f\u00fcr Massageliege"},"content":{"rendered":"<h2 style=\"text-align: left;\">Einweg-Spannbettlaken aus Papier f\u00fcr Massageliege.<\/h2>\n<p style=\"text-align: left;\"><span style=\"font-size: 10pt;\">F\u00fcr Massageliegen von 182 cm bis 195 cm L\u00e4nge und 65 cm bis 80 cm Breite.<br \/>\nPackung \u00e0 10 St\u00fcck <\/span><\/p>\n","protected":false},"excerpt":{"rendered":"<p>Einweg-Spannbettlaken aus Papier f\u00fcr Massageliege. F\u00fcr Massageliegen von 182 cm bis 195 cm L\u00e4nge und 65 cm bis 80 cm Breite. Packung \u00e0 10 St\u00fcck<\/p>\n","protected":false},"featured_media":11933,"template":"","meta":{"_seopress_robots_primary_cat":"none","_seopress_titles_title":"","_seopress_titles_desc":"Einweg-Spannbettlaken aus Papier f\u00fcr Massageliege.\nF\u00fcr Massageliegen von 182 cm bis 195 cm L\u00e4nge und 65 cm bis 80 cm Breite.\nPackung mit 10 St\u00fcck.  ","_seopress_robots_index":""},"pwb-brand":[],"product_brand":[],"product_cat":[1345,1344],"product_tag":[1538,1428,1394,1433],"product_folder":[1017],"class_list":{"0":"post-15166","1":"product","2":"type-product","3":"status-publish","4":"has-post-thumbnail","6":"product_cat-alles-massagezubehor","7":"product_cat-schutzbezuge-fur-massageliegen","8":"product_tag-einweg-blatt","9":"product_tag-laken","10":"product_tag-schutz","11":"product_tag-spannbettlaken","13":"first","14":"instock","15":"taxable","16":"shipping-taxable","17":"purchasable","18":"product-type-simple"},"exclude_global_add_ons":[],"addons":[],"brands":[],"_links":{"self":[{"href":"https:\/\/swissmassage.weprocess.dev\/de\/wp-json\/wp\/v2\/product\/15166","targetHints":{"allow":["GET"]}}],"collection":[{"href":"https:\/\/swissmassage.weprocess.dev\/de\/wp-json\/wp\/v2\/product"}],"about":[{"href":"https:\/\/swissmassage.weprocess.dev\/de\/wp-json\/wp\/v2\/types\/product"}],"wp:featuredmedia":[{"embeddable":true,"href":"https:\/\/swissmassage.weprocess.dev\/de\/wp-json\/wp\/v2\/media\/11933"}],"wp:attachment":[{"href":"https:\/\/swissmassage.weprocess.dev\/de\/wp-json\/wp\/v2\/media?parent=15166"}],"wp:term":[{"taxonomy":"pwb-brand","embeddable":true,"href":"https:\/\/swissmassage.weprocess.dev\/de\/wp-json\/wp\/v2\/pwb-brand?post=15166"},{"taxonomy":"product_brand","embeddable":true,"href":"https:\/\/swissmassage.weprocess.dev\/de\/wp-json\/wp\/v2\/product_brand?post=15166"},{"taxonomy":"product_cat","embeddable":true,"href":"https:\/\/swissmassage.weprocess.dev\/de\/wp-json\/wp\/v2\/product_cat?post=15166"},{"taxonomy":"product_tag","embeddable":true,"href":"https:\/\/swissmassage.weprocess.dev\/de\/wp-json\/wp\/v2\/product_tag?post=15166"},{"taxonomy":"product_folder","embeddable":true,"href":"https:\/\/swissmassage.weprocess.dev\/de\/wp-json\/wp\/v2\/product_folder?post=15166"}],"curies":[{"name":"wp","href":"https:\/\/api.w.org\/{rel}","templated":true}]}}