{"id":15162,"date":"2023-05-24T14:55:36","date_gmt":"2023-05-24T14:55:36","guid":{"rendered":"https:\/\/swissmassage.ch\/produit\/spannbetttuch-baumwoll-xl-fur-massageliege\/"},"modified":"2026-02-20T11:01:39","modified_gmt":"2026-02-20T10:01:39","slug":"spannbetttuch-baumwoll-xl-fur-massageliege","status":"publish","type":"product","link":"https:\/\/swissmassage.weprocess.dev\/de\/produits\/spannbetttuch-baumwoll-xl-fur-massageliege\/","title":{"rendered":"Spannbetttuch aus Baumwollfrottee mit Gesichtsloch"},"content":{"rendered":"<h2 style=\"text-align: left;\">Wei\u00dfes Spannbettlaken f\u00fcr Massageliege mit Gesichtsloch in den Gr\u00f6\u00dfen XL und XXL<\/h2>\n<p style=\"text-align: left;\"><span style=\"font-size: 10pt;\">Zwei Gr\u00f6\u00dfen zur Auswahl f\u00fcr einen perfekten Halt auf Ihren Massageliegen.<br \/>\nW\u00e4hlen Sie entweder die Gr\u00f6\u00dfe 80&#215;200 cm oder 90&#215;200 cm.<br \/>\nDas wei\u00dfe Spannbettlaken aus Baumwollfrottee 80&#215;200 cm mit Gesichtsloch ist f\u00fcr Massageliegen mit einer L\u00e4nge von 190 bis 200 cm und einer Breite von 76 cm bis 82 cm geeignet.<br \/>\nF\u00fcr alle gr\u00f6sseren Massageliegen ist 90&#215;200 cm besser geeignet.<br \/>\nIn der ganzen Schweiz lieferbar. Oder zum Mitnehmen direkt in unserem Showroom.<br \/>\nEingetragene Marke SWISSMASSAGE, Garantie f\u00fcr Seriosit\u00e4t und Betreuung.<\/span><\/p>\n","protected":false},"excerpt":{"rendered":"<p>Wei\u00dfes Spannbettlaken f\u00fcr Massageliege mit Gesichtsloch in den Gr\u00f6\u00dfen XL und XXL Zwei Gr\u00f6\u00dfen zur Auswahl f\u00fcr einen perfekten Halt auf Ihren Massageliegen. W\u00e4hlen Sie entweder die Gr\u00f6\u00dfe 80&#215;200 cm oder 90&#215;200 cm. Das wei\u00dfe Spannbettlaken aus Baumwollfrottee 80&#215;200 cm mit Gesichtsloch ist f\u00fcr Massageliegen mit einer L\u00e4nge von 190 bis 200 cm und einer&hellip;<\/p>\n","protected":false},"featured_media":12002,"template":"","meta":{"_seopress_robots_primary_cat":"none","_seopress_titles_title":"","_seopress_titles_desc":"Spannbetttuch aus wei\u00dfer Frottee-Baumwolle mit Gesichtsloch f\u00fcr Massageliege mit einer L\u00e4nge von 190 bis 200 cm und einer Breite von 76 cm bis 82 cm.","_seopress_robots_index":""},"pwb-brand":[],"product_brand":[],"product_cat":[1345,1344],"product_tag":[1428,1394,1433,1429],"product_folder":[1017],"class_list":{"0":"post-15162","1":"product","2":"type-product","3":"status-publish","4":"has-post-thumbnail","6":"product_cat-alles-massagezubehor","7":"product_cat-schutzbezuge-fur-massageliegen","8":"product_tag-laken","9":"product_tag-schutz","10":"product_tag-spannbettlaken","11":"product_tag-waschbares-laken","13":"first","14":"instock","15":"taxable","16":"shipping-taxable","17":"purchasable","18":"product-type-variable","19":"has-default-attributes"},"exclude_global_add_ons":[],"addons":[],"brands":[],"_links":{"self":[{"href":"https:\/\/swissmassage.weprocess.dev\/de\/wp-json\/wp\/v2\/product\/15162","targetHints":{"allow":["GET"]}}],"collection":[{"href":"https:\/\/swissmassage.weprocess.dev\/de\/wp-json\/wp\/v2\/product"}],"about":[{"href":"https:\/\/swissmassage.weprocess.dev\/de\/wp-json\/wp\/v2\/types\/product"}],"wp:featuredmedia":[{"embeddable":true,"href":"https:\/\/swissmassage.weprocess.dev\/de\/wp-json\/wp\/v2\/media\/12002"}],"wp:attachment":[{"href":"https:\/\/swissmassage.weprocess.dev\/de\/wp-json\/wp\/v2\/media?parent=15162"}],"wp:term":[{"taxonomy":"pwb-brand","embeddable":true,"href":"https:\/\/swissmassage.weprocess.dev\/de\/wp-json\/wp\/v2\/pwb-brand?post=15162"},{"taxonomy":"product_brand","embeddable":true,"href":"https:\/\/swissmassage.weprocess.dev\/de\/wp-json\/wp\/v2\/product_brand?post=15162"},{"taxonomy":"product_cat","embeddable":true,"href":"https:\/\/swissmassage.weprocess.dev\/de\/wp-json\/wp\/v2\/product_cat?post=15162"},{"taxonomy":"product_tag","embeddable":true,"href":"https:\/\/swissmassage.weprocess.dev\/de\/wp-json\/wp\/v2\/product_tag?post=15162"},{"taxonomy":"product_folder","embeddable":true,"href":"https:\/\/swissmassage.weprocess.dev\/de\/wp-json\/wp\/v2\/product_folder?post=15162"}],"curies":[{"name":"wp","href":"https:\/\/api.w.org\/{rel}","templated":true}]}}