{"id":15161,"date":"2023-05-24T14:56:41","date_gmt":"2023-05-24T12:56:41","guid":{"rendered":"https:\/\/swissmassage.ch\/produit\/ergonomischer-hocker-protektor-bezug\/"},"modified":"2023-05-24T14:56:41","modified_gmt":"2023-05-24T12:56:41","slug":"ergonomischer-hocker-protektor-bezug","status":"publish","type":"product","link":"https:\/\/swissmassage.weprocess.dev\/de\/produits\/ergonomischer-hocker-protektor-bezug\/","title":{"rendered":"Grauer ergonomischer Hockerbezug"},"content":{"rendered":"<h2>Schutzbezug aus elastischem Stoff f\u00fcr ergonomischen Sattelhocker.<\/h2>\n<p>  Stretch-Stoffbezug f\u00fcr den Sitzschutz des Hockers f\u00fcr eine Sitzbreite von bis zu 48 cm und mindestens 35 cm Die besten Ideen f\u00fcr Ihren besten Komfort.<\/p>\n","protected":false},"excerpt":{"rendered":"<p>Schutzbezug aus elastischem Stoff f\u00fcr ergonomischen Sattelhocker. Stretch-Stoffbezug f\u00fcr den Sitzschutz des Hockers f\u00fcr eine Sitzbreite von bis zu 48 cm und mindestens 35 cm Die besten Ideen f\u00fcr Ihren besten Komfort.<\/p>\n","protected":false},"featured_media":12032,"template":"","meta":{"_seopress_robots_primary_cat":"none","_seopress_titles_title":"","_seopress_titles_desc":"Stretch-Stoffbezug f\u00fcr den Sitzschutz des Hockers f\u00fcr eine Sitzbreite von bis zu 48 cm und eine Mindestbreite von 35 cm.","_seopress_robots_index":""},"pwb-brand":[],"product_brand":[],"product_cat":[1332,1330,1331,1333,1345,1326,1329,1325,1328,1327],"product_tag":[1536],"product_folder":[992],"class_list":{"0":"post-15161","1":"product","2":"type-product","3":"status-publish","4":"has-post-thumbnail","6":"product_cat-alle-asthetischen-artikel","7":"product_cat-alle-massageliegen-massage-ausstattungen","8":"product_cat-alle-physio-medizinischen-artikel","9":"product_cat-alle-spa-beauty-produkte","10":"product_cat-alles-massagezubehor","11":"product_cat-hocker-fur-therapeuten","12":"product_cat-hocker-und-komfort","13":"product_cat-medizinischer-stuhl","14":"product_cat-spa-hocker","15":"product_cat-stuhle-fur-kosmetikerinnen","16":"product_tag-hockerbezug","17":"product_shipping_class-versandkosten-inklusive-paket","19":"first","20":"instock","21":"taxable","22":"shipping-taxable","23":"purchasable","24":"product-type-variable"},"exclude_global_add_ons":[],"addons":[],"brands":[],"_links":{"self":[{"href":"https:\/\/swissmassage.weprocess.dev\/de\/wp-json\/wp\/v2\/product\/15161","targetHints":{"allow":["GET"]}}],"collection":[{"href":"https:\/\/swissmassage.weprocess.dev\/de\/wp-json\/wp\/v2\/product"}],"about":[{"href":"https:\/\/swissmassage.weprocess.dev\/de\/wp-json\/wp\/v2\/types\/product"}],"wp:featuredmedia":[{"embeddable":true,"href":"https:\/\/swissmassage.weprocess.dev\/de\/wp-json\/wp\/v2\/media\/12032"}],"wp:attachment":[{"href":"https:\/\/swissmassage.weprocess.dev\/de\/wp-json\/wp\/v2\/media?parent=15161"}],"wp:term":[{"taxonomy":"pwb-brand","embeddable":true,"href":"https:\/\/swissmassage.weprocess.dev\/de\/wp-json\/wp\/v2\/pwb-brand?post=15161"},{"taxonomy":"product_brand","embeddable":true,"href":"https:\/\/swissmassage.weprocess.dev\/de\/wp-json\/wp\/v2\/product_brand?post=15161"},{"taxonomy":"product_cat","embeddable":true,"href":"https:\/\/swissmassage.weprocess.dev\/de\/wp-json\/wp\/v2\/product_cat?post=15161"},{"taxonomy":"product_tag","embeddable":true,"href":"https:\/\/swissmassage.weprocess.dev\/de\/wp-json\/wp\/v2\/product_tag?post=15161"},{"taxonomy":"product_folder","embeddable":true,"href":"https:\/\/swissmassage.weprocess.dev\/de\/wp-json\/wp\/v2\/product_folder?post=15161"}],"curies":[{"name":"wp","href":"https:\/\/api.w.org\/{rel}","templated":true}]}}