{"id":15160,"date":"2023-05-24T14:55:32","date_gmt":"2023-05-24T14:55:32","guid":{"rendered":"https:\/\/swissmassage.ch\/produit\/teleskopische-medizinische-mobile-armlehne\/"},"modified":"2023-05-24T14:55:32","modified_gmt":"2023-05-24T12:55:32","slug":"teleskopische-medizinische-mobile-armlehne","status":"publish","type":"product","link":"https:\/\/swissmassage.weprocess.dev\/de\/produits\/teleskopische-medizinische-mobile-armlehne\/","title":{"rendered":"Mobile Teleskoparmlehne f\u00fcr Medizin und Shiatsu"},"content":{"rendered":"<h2>Armlehnen, Teleskoparm.<\/h2>\n<p><span style=\"font-size: 10pt;\">Sehr n\u00fctzlich im medizinischen Bereich oder in der Massage, um Positionen zu begleiten, bei denen die Arme weit vom K\u00f6rper entfernt oder die Arme auseinander liegen.<\/span><br \/>\n<span style=\"font-size: 10pt;\">Mit einer Vielzahl von H\u00f6henverstellungen passt es auf jede Massageliege oder Physioliege.<\/span><br \/>\n<span style=\"font-size: 10pt;\">Es ist n\u00fctzlich im Shiatsu und f\u00fcr ambulante Behandlungen aller Art.<\/span><br \/>\n<span style=\"font-size: 10pt;\">Er ist schwarz, wiegt 1,30 kg und l\u00e4sst sich in der H\u00f6he von 65 cm bis 125 cm verstellen.<\/span><br \/>\n<span style=\"font-size: 10pt;\">Die Armlehne misst 22 cm x 17 cm x 3 cm und ist dick.<\/span><\/p>\n","protected":false},"excerpt":{"rendered":"<p>Armlehnen, Teleskoparm. Sehr n\u00fctzlich im medizinischen Bereich oder in der Massage, um Positionen zu begleiten, bei denen die Arme weit vom K\u00f6rper entfernt oder die Arme auseinander liegen. Mit einer Vielzahl von H\u00f6henverstellungen passt es auf jede Massageliege oder Physioliege. Es ist n\u00fctzlich im Shiatsu und f\u00fcr ambulante Behandlungen aller Art. Er ist schwarz, wiegt&hellip;<\/p>\n","protected":false},"featured_media":11984,"template":"","meta":{"_seopress_robots_primary_cat":"none","_seopress_titles_title":"","_seopress_titles_desc":"Mobile teleskopierbare medizinische Armlehne, die als Erg\u00e4nzung zu einer Behandlungsliege verwendet wird, um sie zu verbreitern.","_seopress_robots_index":""},"pwb-brand":[],"product_brand":[],"product_cat":[1345,1336],"product_tag":[],"product_folder":[1002],"class_list":{"0":"post-15160","1":"product","2":"type-product","3":"status-publish","4":"has-post-thumbnail","6":"product_cat-alles-massagezubehor","7":"product_cat-zubehor-fur-massageliegen","9":"first","10":"outofstock","11":"taxable","12":"shipping-taxable","13":"purchasable","14":"product-type-simple"},"exclude_global_add_ons":[],"addons":[],"brands":[],"_links":{"self":[{"href":"https:\/\/swissmassage.weprocess.dev\/de\/wp-json\/wp\/v2\/product\/15160","targetHints":{"allow":["GET"]}}],"collection":[{"href":"https:\/\/swissmassage.weprocess.dev\/de\/wp-json\/wp\/v2\/product"}],"about":[{"href":"https:\/\/swissmassage.weprocess.dev\/de\/wp-json\/wp\/v2\/types\/product"}],"wp:featuredmedia":[{"embeddable":true,"href":"https:\/\/swissmassage.weprocess.dev\/de\/wp-json\/wp\/v2\/media\/11984"}],"wp:attachment":[{"href":"https:\/\/swissmassage.weprocess.dev\/de\/wp-json\/wp\/v2\/media?parent=15160"}],"wp:term":[{"taxonomy":"pwb-brand","embeddable":true,"href":"https:\/\/swissmassage.weprocess.dev\/de\/wp-json\/wp\/v2\/pwb-brand?post=15160"},{"taxonomy":"product_brand","embeddable":true,"href":"https:\/\/swissmassage.weprocess.dev\/de\/wp-json\/wp\/v2\/product_brand?post=15160"},{"taxonomy":"product_cat","embeddable":true,"href":"https:\/\/swissmassage.weprocess.dev\/de\/wp-json\/wp\/v2\/product_cat?post=15160"},{"taxonomy":"product_tag","embeddable":true,"href":"https:\/\/swissmassage.weprocess.dev\/de\/wp-json\/wp\/v2\/product_tag?post=15160"},{"taxonomy":"product_folder","embeddable":true,"href":"https:\/\/swissmassage.weprocess.dev\/de\/wp-json\/wp\/v2\/product_folder?post=15160"}],"curies":[{"name":"wp","href":"https:\/\/api.w.org\/{rel}","templated":true}]}}