{"id":15150,"date":"2023-05-24T14:56:40","date_gmt":"2023-05-24T12:56:40","guid":{"rendered":"https:\/\/swissmassage.ch\/produit\/flanell-spannbettlaken-massageliege-ohne-gesichtsloch\/"},"modified":"2026-03-07T14:30:18","modified_gmt":"2026-03-07T13:30:18","slug":"flanell-spannbettlaken-massageliege-ohne-gesichtsloch","status":"publish","type":"product","link":"https:\/\/swissmassage.weprocess.dev\/de\/produits\/flanell-spannbettlaken-massageliege-ohne-gesichtsloch\/","title":{"rendered":"Flanell Spannbetttuch, Massageliege ohne Gesichtsloch"},"content":{"rendered":"<h2>Wei\u00dfes Baumwollflanell-Spannbetttuch f\u00fcr Massageliege ohne Gesichtsloch.<\/h2>\n<p>  Spannbetttuch f\u00fcr die Massageliege von 180cm bis 185cm x 65cm bis 74cm.<br \/>\nIn der ganzen Schweiz verf\u00fcgbar.<br \/>\nOder bringen Sie es direkt in unseren Showroom.   Eingetragene Marke SWISSMASSAGE, Garantie f\u00fcr Seriosit\u00e4t und Nachverfolgung.<\/p>\n","protected":false},"excerpt":{"rendered":"<p>Wei\u00dfes Baumwollflanell-Spannbetttuch f\u00fcr Massageliege ohne Gesichtsloch. Spannbetttuch f\u00fcr die Massageliege von 180cm bis 185cm x 65cm bis 74cm. In der ganzen Schweiz verf\u00fcgbar. Oder bringen Sie es direkt in unseren Showroom. Eingetragene Marke SWISSMASSAGE, Garantie f\u00fcr Seriosit\u00e4t und Nachverfolgung.<\/p>\n","protected":false},"featured_media":12029,"template":"","meta":{"_seopress_robots_primary_cat":"none","_seopress_titles_title":"Baumwollflanell-Spannbetttuch f\u00fcr Massageliege","_seopress_titles_desc":"Spannbetttuch f\u00fcr die Massageliege von 180cm bis 185cm x 65cm bis 74cm.\nIn der ganzen Schweiz verf\u00fcgbar. ","_seopress_robots_index":""},"pwb-brand":[],"product_brand":[],"product_cat":[1345,1344],"product_tag":[1428,1433,1429],"product_folder":[1017],"class_list":{"0":"post-15150","1":"product","2":"type-product","3":"status-publish","4":"has-post-thumbnail","6":"product_cat-alles-massagezubehor","7":"product_cat-schutzbezuge-fur-massageliegen","8":"product_tag-laken","9":"product_tag-spannbettlaken","10":"product_tag-waschbares-laken","12":"first","13":"instock","14":"taxable","15":"shipping-taxable","16":"purchasable","17":"product-type-simple"},"exclude_global_add_ons":[],"addons":[],"brands":[],"_links":{"self":[{"href":"https:\/\/swissmassage.weprocess.dev\/de\/wp-json\/wp\/v2\/product\/15150","targetHints":{"allow":["GET"]}}],"collection":[{"href":"https:\/\/swissmassage.weprocess.dev\/de\/wp-json\/wp\/v2\/product"}],"about":[{"href":"https:\/\/swissmassage.weprocess.dev\/de\/wp-json\/wp\/v2\/types\/product"}],"wp:featuredmedia":[{"embeddable":true,"href":"https:\/\/swissmassage.weprocess.dev\/de\/wp-json\/wp\/v2\/media\/12029"}],"wp:attachment":[{"href":"https:\/\/swissmassage.weprocess.dev\/de\/wp-json\/wp\/v2\/media?parent=15150"}],"wp:term":[{"taxonomy":"pwb-brand","embeddable":true,"href":"https:\/\/swissmassage.weprocess.dev\/de\/wp-json\/wp\/v2\/pwb-brand?post=15150"},{"taxonomy":"product_brand","embeddable":true,"href":"https:\/\/swissmassage.weprocess.dev\/de\/wp-json\/wp\/v2\/product_brand?post=15150"},{"taxonomy":"product_cat","embeddable":true,"href":"https:\/\/swissmassage.weprocess.dev\/de\/wp-json\/wp\/v2\/product_cat?post=15150"},{"taxonomy":"product_tag","embeddable":true,"href":"https:\/\/swissmassage.weprocess.dev\/de\/wp-json\/wp\/v2\/product_tag?post=15150"},{"taxonomy":"product_folder","embeddable":true,"href":"https:\/\/swissmassage.weprocess.dev\/de\/wp-json\/wp\/v2\/product_folder?post=15150"}],"curies":[{"name":"wp","href":"https:\/\/api.w.org\/{rel}","templated":true}]}}