{"id":15144,"date":"2023-05-24T14:55:39","date_gmt":"2023-05-24T12:55:39","guid":{"rendered":"https:\/\/swissmassage.ch\/produit\/desinfektionslampe-fur-den-innenraum\/"},"modified":"2023-05-24T14:55:39","modified_gmt":"2023-05-24T12:55:39","slug":"desinfektionslampe-fur-den-innenraum","status":"publish","type":"product","link":"https:\/\/swissmassage.weprocess.dev\/de\/produits\/desinfektionslampe-fur-den-innenraum\/","title":{"rendered":"Desinfektionslampe f\u00fcr den Innenraum"},"content":{"rendered":"<h2>Desinfizierende UV-Lampe f\u00fcr Sch\u00f6nheitskabinen oder Arztpraxen.<\/h2>\n<p>  Schlie\u00dfen Sie das Ger\u00e4t an, dr\u00fccken Sie die Taste, das Licht geht an und die Lampe beginnt zu arbeiten.<br \/>\nVor allem UV-C-Strahlen haben eine starke keimt\u00f6tende Wirkung Ultraviolette Strahlen erzeugen Ozon, ein antibakterielles Gas, das Ihre Kabine in 20 Minuten desinfiziert.<br \/>\nLeistung 38 W. 220 V Abmessungen: H\u00f6he 42 cm Breite 14 cm Tiefe 14 cm Gewicht 2 kg.  <\/p>\n","protected":false},"excerpt":{"rendered":"<p>Desinfizierende UV-Lampe f\u00fcr Sch\u00f6nheitskabinen oder Arztpraxen. Schlie\u00dfen Sie das Ger\u00e4t an, dr\u00fccken Sie die Taste, das Licht geht an und die Lampe beginnt zu arbeiten. Vor allem UV-C-Strahlen haben eine starke keimt\u00f6tende Wirkung Ultraviolette Strahlen erzeugen Ozon, ein antibakterielles Gas, das Ihre Kabine in 20 Minuten desinfiziert. Leistung 38 W. 220 V Abmessungen: H\u00f6he 42&hellip;<\/p>\n","protected":false},"featured_media":12005,"template":"","meta":{"_seopress_robots_primary_cat":"none","_seopress_titles_title":"Desinfektionsmittel UV-Lampe - Swissmassage","_seopress_titles_desc":"Desinfizierende UV-Lampe f\u00fcr Sch\u00f6nheitskabinen oder Arztpraxen.\nVor allem UV-C-Strahlen haben eine stark keimt\u00f6tende Wirkung. ","_seopress_robots_index":""},"pwb-brand":[],"product_brand":[],"product_cat":[1345,1342],"product_tag":[1532,1531],"product_folder":[1018],"class_list":{"0":"post-15144","1":"product","2":"type-product","3":"status-publish","4":"has-post-thumbnail","6":"product_cat-alles-massagezubehor","7":"product_cat-reinigung-und-desinfektion-massagezubehor","8":"product_tag-lampe-de","9":"product_tag-sterilisator","11":"first","12":"instock","13":"taxable","14":"shipping-taxable","15":"purchasable","16":"product-type-simple"},"exclude_global_add_ons":[],"addons":[],"brands":[],"_links":{"self":[{"href":"https:\/\/swissmassage.weprocess.dev\/de\/wp-json\/wp\/v2\/product\/15144","targetHints":{"allow":["GET"]}}],"collection":[{"href":"https:\/\/swissmassage.weprocess.dev\/de\/wp-json\/wp\/v2\/product"}],"about":[{"href":"https:\/\/swissmassage.weprocess.dev\/de\/wp-json\/wp\/v2\/types\/product"}],"wp:featuredmedia":[{"embeddable":true,"href":"https:\/\/swissmassage.weprocess.dev\/de\/wp-json\/wp\/v2\/media\/12005"}],"wp:attachment":[{"href":"https:\/\/swissmassage.weprocess.dev\/de\/wp-json\/wp\/v2\/media?parent=15144"}],"wp:term":[{"taxonomy":"pwb-brand","embeddable":true,"href":"https:\/\/swissmassage.weprocess.dev\/de\/wp-json\/wp\/v2\/pwb-brand?post=15144"},{"taxonomy":"product_brand","embeddable":true,"href":"https:\/\/swissmassage.weprocess.dev\/de\/wp-json\/wp\/v2\/product_brand?post=15144"},{"taxonomy":"product_cat","embeddable":true,"href":"https:\/\/swissmassage.weprocess.dev\/de\/wp-json\/wp\/v2\/product_cat?post=15144"},{"taxonomy":"product_tag","embeddable":true,"href":"https:\/\/swissmassage.weprocess.dev\/de\/wp-json\/wp\/v2\/product_tag?post=15144"},{"taxonomy":"product_folder","embeddable":true,"href":"https:\/\/swissmassage.weprocess.dev\/de\/wp-json\/wp\/v2\/product_folder?post=15144"}],"curies":[{"name":"wp","href":"https:\/\/api.w.org\/{rel}","templated":true}]}}