{"id":15132,"date":"2023-05-24T14:56:43","date_gmt":"2023-05-24T14:56:43","guid":{"rendered":"https:\/\/swissmassage.ch\/produit\/gynakologie-liege-modell-flex\/"},"modified":"2025-11-20T17:59:43","modified_gmt":"2025-11-20T16:59:43","slug":"gynakologie-liege-modell-flex","status":"publish","type":"product","link":"https:\/\/swissmassage.weprocess.dev\/de\/produits\/gynakologie-liege-modell-flex\/","title":{"rendered":"Stuhl f\u00fcr Gyn\u00e4kologie-Flex-Modell"},"content":{"rendered":"<h2>Gyn\u00e4kologie-Stuhlmodell Flex, Demo-Modell mit 1 Jahr Garantie.<\/h2>\n<p>Gyn\u00e4kologische Untersuchungstafel mit 2 Motoren<br \/>\n. Tabelle f\u00fcr gyn\u00e4kologische Versorgung, Untersuchungen, Operationen und Geburten.<br \/>\nEr ist mit zwei Motoren mit Fernbedienung an den F\u00fc\u00dfen ausgestattet, der erste stellt die H\u00f6he ein, der zweite senkt ihn ab.<br \/>\nDas Beinfach ist abnehmbar, es kann entfernt werden, um Behandlungen mit den Steigb\u00fcgeln zu \u00fcben, die mit den einziehbaren Sicherheitsgel\u00e4ndern verbunden sind.<br \/>\nDie Steigb\u00fcgel k\u00f6nnen durch Kniest\u00fctzen mit Griffen ersetzt werden, damit der Patient sich bei Bedarf festhalten kann.<br \/>\nDie R\u00fcckenlehne ist anhebbar, was das Komfort in der Kraftposition im Falle einer Geburt erh\u00f6ht.<br \/>\nDas Fahrgestell ist mit einem System aus vier gro\u00dfen, einziehbaren R\u00e4dern ausgestattet, die die Mobilit\u00e4t und die Bewegung des Patienten bei Bedarf erleichtern.<\/p>\n<h2>Gr\u00f6\u00dfe:<\/h2>\n<p>L\u00e4nge 185 cm<br \/>\nBreite 60 cm<br \/>\nH\u00f6he verstellbar von 64 cm bis 106 cm<br \/>\nGewicht 85 kg<br \/>\n5 cm Komfortschaum, Dichte 36 kg\/m\u00b3<br \/>\nMedizinische Beschichtung PVC Anthrazit.<br \/>\nCE -93\/42\/EEC Medizinische Ger\u00e4te-Richtlinie Zertifizierung.<\/p>\n<h2>Video des Flex-Modell-Gyn\u00e4kologiestuhls:<\/h2>\n<div style=\"width: 640px;\" class=\"wp-video\"><video class=\"wp-video-shortcode\" id=\"video-15132-1\" width=\"640\" height=\"368\" preload=\"auto\" controls=\"controls\"><source type=\"video\/mp4\" src=\"https:\/\/swissmassage.weprocess.dev\/wp-content\/uploads\/Table-Swissmassage-Examen-medicaux-Gynecologique.mp4?_=1\" \/><a href=\"https:\/\/swissmassage.weprocess.dev\/wp-content\/uploads\/Table-Swissmassage-Examen-medicaux-Gynecologique.mp4\">https:\/\/swissmassage.weprocess.dev\/wp-content\/uploads\/Table-Swissmassage-Examen-medicaux-Gynecologique.mp4<\/a><\/video><\/div>\n","protected":false},"excerpt":{"rendered":"<p>Gyn\u00e4kologie-Stuhlmodell Flex, Demo-Modell mit 1 Jahr Garantie. Gyn\u00e4kologische Untersuchungstafel mit 2 Motoren . Tabelle f\u00fcr gyn\u00e4kologische Versorgung, Untersuchungen, Operationen und Geburten. Er ist mit zwei Motoren mit Fernbedienung an den F\u00fc\u00dfen ausgestattet, der erste stellt die H\u00f6he ein, der zweite senkt ihn ab. Das Beinfach ist abnehmbar, es kann entfernt werden, um Behandlungen mit den&hellip;<\/p>\n","protected":false},"featured_media":22188,"template":"","meta":{"_seopress_robots_primary_cat":"none","_seopress_titles_title":"Gyn\u00e4kologie-Liege Modell Flex - Swissmassage","_seopress_titles_desc":"Der Behandlungstisch der gyn\u00e4kologischen Versorgung, Untersuchungen, chirurgische Eingriffe und Geburten. Das Fahrgestell verf\u00fcgt \u00fcber ein System von vier gro\u00dfen einziehbaren R\u00e4dern, die die Mobilit\u00e4t erleichtern. ","_seopress_robots_index":""},"pwb-brand":[],"product_brand":[],"product_cat":[1331,1379,1370],"product_tag":[],"product_folder":[1007],"class_list":{"0":"post-15132","1":"product","2":"type-product","3":"status-publish","4":"has-post-thumbnail","6":"product_cat-alle-physio-medizinischen-artikel","7":"product_cat-gynaekologischer-untersuchungsliege","8":"product_cat-outlet-de","10":"first","11":"instock","12":"sale","13":"taxable","14":"shipping-taxable","15":"purchasable","16":"product-type-simple"},"exclude_global_add_ons":[],"addons":[],"brands":[],"_links":{"self":[{"href":"https:\/\/swissmassage.weprocess.dev\/de\/wp-json\/wp\/v2\/product\/15132","targetHints":{"allow":["GET"]}}],"collection":[{"href":"https:\/\/swissmassage.weprocess.dev\/de\/wp-json\/wp\/v2\/product"}],"about":[{"href":"https:\/\/swissmassage.weprocess.dev\/de\/wp-json\/wp\/v2\/types\/product"}],"wp:featuredmedia":[{"embeddable":true,"href":"https:\/\/swissmassage.weprocess.dev\/de\/wp-json\/wp\/v2\/media\/22188"}],"wp:attachment":[{"href":"https:\/\/swissmassage.weprocess.dev\/de\/wp-json\/wp\/v2\/media?parent=15132"}],"wp:term":[{"taxonomy":"pwb-brand","embeddable":true,"href":"https:\/\/swissmassage.weprocess.dev\/de\/wp-json\/wp\/v2\/pwb-brand?post=15132"},{"taxonomy":"product_brand","embeddable":true,"href":"https:\/\/swissmassage.weprocess.dev\/de\/wp-json\/wp\/v2\/product_brand?post=15132"},{"taxonomy":"product_cat","embeddable":true,"href":"https:\/\/swissmassage.weprocess.dev\/de\/wp-json\/wp\/v2\/product_cat?post=15132"},{"taxonomy":"product_tag","embeddable":true,"href":"https:\/\/swissmassage.weprocess.dev\/de\/wp-json\/wp\/v2\/product_tag?post=15132"},{"taxonomy":"product_folder","embeddable":true,"href":"https:\/\/swissmassage.weprocess.dev\/de\/wp-json\/wp\/v2\/product_folder?post=15132"}],"curies":[{"name":"wp","href":"https:\/\/api.w.org\/{rel}","templated":true}]}}