{"id":15131,"date":"2023-05-24T14:56:06","date_gmt":"2023-05-24T12:56:06","guid":{"rendered":"https:\/\/swissmassage.ch\/produit\/massageliege-prufungspapier-80-cm\/"},"modified":"2025-06-13T17:05:30","modified_gmt":"2025-06-13T15:05:30","slug":"massageliege-prufungspapier-80-cm","status":"publish","type":"product","link":"https:\/\/swissmassage.weprocess.dev\/de\/produits\/massageliege-prufungspapier-80-cm\/","title":{"rendered":"Untersuchungspapier f\u00fcr Massageliege 80 cm, Packung mit 6 Rollen"},"content":{"rendered":"<h2 style=\"text-align: left\">Spezielles Untersuchungspapier f\u00fcr gro\u00dfe Massageliegen, 6er-Pack Rollen.<\/h2>\n<p>Breite 80 cm, L\u00e4nge 100 m pro Rolle und 30 gr..<br \/>\nSpezielles Massage-Untersuchungspapier, weicher und viel st\u00e4rker als herk\u00f6mmliches Papier. (Abweichungen in der Breite k\u00f6nnen aufgrund von Fertigungstoleranzen zwischen 78 cm und 81 cm beobachtet werden.)<br \/>\nWirtschaftlich, schonend und angenehm.<br \/>\nMacht w\u00e4hrend des Gebrauchs keine Ger\u00e4usche.<br \/>\nMuster zum Testen zur Verf\u00fcgung, Versand per Post m\u00f6glich.<br data-ctype=\"x-html-wpml_linebreak\" \/>Lieferbar in der ganzen Schweiz.<br data-ctype=\"x-html-wpml_linebreak\" \/>Oder zum Abholen in unserem Atelier 58.-\/St\u00fcck<\/p>\n","protected":false},"excerpt":{"rendered":"<p>Spezielles Untersuchungspapier f\u00fcr gro\u00dfe Massageliegen, 6er-Pack Rollen. Breite 80 cm, L\u00e4nge 100 m pro Rolle und 30 gr.. Spezielles Massage-Untersuchungspapier, weicher und viel st\u00e4rker als herk\u00f6mmliches Papier. (Abweichungen in der Breite k\u00f6nnen aufgrund von Fertigungstoleranzen zwischen 78 cm und 81 cm beobachtet werden.) Wirtschaftlich, schonend und angenehm. Macht w\u00e4hrend des Gebrauchs keine Ger\u00e4usche. Muster zum&hellip;<\/p>\n","protected":false},"featured_media":12017,"template":"","meta":{"_seopress_robots_primary_cat":"none","_seopress_titles_title":"Untersuchungspapier f\u00fcr Massageliege 80 cm - 6er Pack","_seopress_titles_desc":"Spezielles Untersuchungspapier f\u00fcr gro\u00dfe Massageliegen, 6er-Pack Rollen. Wirtschaftlich, schonend und angenehm. Macht w\u00e4hrend des Gebrauchs keine Ger\u00e4usche.","_seopress_robots_index":""},"pwb-brand":[],"product_brand":[],"product_cat":[1345,1344],"product_tag":[1426,1427,1394],"product_folder":[1017],"class_list":{"0":"post-15131","1":"product","2":"type-product","3":"status-publish","4":"has-post-thumbnail","6":"product_cat-alles-massagezubehor","7":"product_cat-schutzbezuge-fur-massageliegen","8":"product_tag-papier-de","9":"product_tag-papierrolle","10":"product_tag-schutz","12":"first","13":"instock","14":"taxable","15":"shipping-taxable","16":"purchasable","17":"product-type-simple"},"exclude_global_add_ons":[],"addons":[],"brands":[],"_links":{"self":[{"href":"https:\/\/swissmassage.weprocess.dev\/de\/wp-json\/wp\/v2\/product\/15131","targetHints":{"allow":["GET"]}}],"collection":[{"href":"https:\/\/swissmassage.weprocess.dev\/de\/wp-json\/wp\/v2\/product"}],"about":[{"href":"https:\/\/swissmassage.weprocess.dev\/de\/wp-json\/wp\/v2\/types\/product"}],"wp:featuredmedia":[{"embeddable":true,"href":"https:\/\/swissmassage.weprocess.dev\/de\/wp-json\/wp\/v2\/media\/12017"}],"wp:attachment":[{"href":"https:\/\/swissmassage.weprocess.dev\/de\/wp-json\/wp\/v2\/media?parent=15131"}],"wp:term":[{"taxonomy":"pwb-brand","embeddable":true,"href":"https:\/\/swissmassage.weprocess.dev\/de\/wp-json\/wp\/v2\/pwb-brand?post=15131"},{"taxonomy":"product_brand","embeddable":true,"href":"https:\/\/swissmassage.weprocess.dev\/de\/wp-json\/wp\/v2\/product_brand?post=15131"},{"taxonomy":"product_cat","embeddable":true,"href":"https:\/\/swissmassage.weprocess.dev\/de\/wp-json\/wp\/v2\/product_cat?post=15131"},{"taxonomy":"product_tag","embeddable":true,"href":"https:\/\/swissmassage.weprocess.dev\/de\/wp-json\/wp\/v2\/product_tag?post=15131"},{"taxonomy":"product_folder","embeddable":true,"href":"https:\/\/swissmassage.weprocess.dev\/de\/wp-json\/wp\/v2\/product_folder?post=15131"}],"curies":[{"name":"wp","href":"https:\/\/api.w.org\/{rel}","templated":true}]}}