{"id":15099,"date":"2023-05-24T14:59:07","date_gmt":"2023-05-24T14:59:07","guid":{"rendered":"https:\/\/swissmassage.ch\/produit\/pflegestuhl-modell-beauty-cherry\/"},"modified":"2025-10-20T14:17:18","modified_gmt":"2025-10-20T12:17:18","slug":"pflegestuhl-modell-beauty-cherry","status":"publish","type":"product","link":"https:\/\/swissmassage.weprocess.dev\/de\/produits\/pflegestuhl-modell-beauty-cherry\/","title":{"rendered":"Beauty-Cherry \u00c4sthetischer Stuhl"},"content":{"rendered":"<h2>High-End-Sessel Beauty Cherry mit 4 Motoren und ergonomischem Sitz und LED-Beleuchtung.<\/h2>\n<p><span style=\"font-size: 10pt;\">Der 1. Motor stellt die H\u00f6he von 50 cm bis 83 cm ein.<br \/>\nDer 2. Motor hebt die R\u00fcckenlehne in eine sitzende Position.<br \/>\nMit dem 3. Motor k\u00f6nnen Sie die Beine anheben oder absenken.<br \/>\nDer 4. Motor erm\u00f6glicht das Gleichgewicht oder die Umkehrung und erleichtert die Gesichtspflege.<br \/>\nTastensteuerung am Rahmen sowie Fu\u00df- und Handsteuerung.<br \/>\nDer \u00e4sthetische Stuhl Beauty Cherry kann um 90\u00b0 um sich selbst gedreht werden, was die Zug\u00e4nglichkeit erleichtert, den Arbeitsbereich und seine Verwendung in einer kleinen Kabine optimiert.<br \/>\n<strong>Neuer, beheizter Sitz und verstellbares LED-Licht. <\/strong><br \/>\nFlexibler und fester wei\u00dfer Polyurethan-Belag.<br \/>\nNeigbare Kopfst\u00fctze mit Gesichtsloch und Kappe.<br \/>\nSchaum  <\/span>8,5 cm ultra-bequem<span style=\"font-size: 10pt;\">.<br \/>\n\u00c4sthetisches Design.<br \/>\nBreite 60 cm + 11 cm auf jeder Seite dank der einziehbaren Armlehnen.<br \/>\nL\u00e4nge 186 cm.<br \/>\nGewicht 80 kg<\/span><\/p>\n<p>Lieferung in der ganzen Schweiz oder zum Mitnehmen<br \/>\n<span class=\"rouge\">2 Jahre Garantie.<\/span><\/p>\n","protected":false},"excerpt":{"rendered":"<p>High-End-Sessel Beauty Cherry mit 4 Motoren und ergonomischem Sitz und LED-Beleuchtung. Der 1. Motor stellt die H\u00f6he von 50 cm bis 83 cm ein. Der 2. Motor hebt die R\u00fcckenlehne in eine sitzende Position. Mit dem 3. Motor k\u00f6nnen Sie die Beine anheben oder absenken. Der 4. Motor erm\u00f6glicht das Gleichgewicht oder die Umkehrung und&hellip;<\/p>\n","protected":false},"featured_media":15100,"template":"","meta":{"_seopress_robots_primary_cat":"1132","_seopress_titles_title":"Beauty-Cherry \u00c4sthetischer Stuhl","_seopress_titles_desc":"Der \u00e4sthetische Sessel Beauty Cherry kann um 90\u00b0 um sich selbst gedreht werden, was die Zug\u00e4nglichkeit erleichtert, den Arbeitsbereich und die kleine Kabine optimiert.","_seopress_robots_index":""},"pwb-brand":[],"product_brand":[],"product_cat":[1332,1350],"product_tag":[1440,1455,1530],"product_folder":[1019],"class_list":{"0":"post-15099","1":"product","2":"type-product","3":"status-publish","4":"has-post-thumbnail","6":"product_cat-alle-asthetischen-artikel","7":"product_cat-asthetik-behandlungsstuhle","8":"product_tag-asthetisch","9":"product_tag-lehnstuhl","10":"product_tag-stuhl-fur-schonheitsbehandlungen","12":"first","13":"instock","14":"sale","15":"taxable","16":"shipping-taxable","17":"purchasable","18":"product-type-simple"},"exclude_global_add_ons":false,"addons":[{"name":"Optionen:","type":"checkbox","position":0,"required":false,"title_format":"label","description_enable":false,"description":null,"placeholder_enable":false,"placeholder":null,"display":"select","restrictions_type":"any_text","adjust_price":false,"price":"","price_type":"flat_fee","restrictions":false,"min":0,"max":0,"options":[{"label":"Papier-Spender","price":"50.00","price_type":"flat_fee","image":0}],"id":1713284172}],"brands":[],"_links":{"self":[{"href":"https:\/\/swissmassage.weprocess.dev\/de\/wp-json\/wp\/v2\/product\/15099","targetHints":{"allow":["GET"]}}],"collection":[{"href":"https:\/\/swissmassage.weprocess.dev\/de\/wp-json\/wp\/v2\/product"}],"about":[{"href":"https:\/\/swissmassage.weprocess.dev\/de\/wp-json\/wp\/v2\/types\/product"}],"wp:featuredmedia":[{"embeddable":true,"href":"https:\/\/swissmassage.weprocess.dev\/de\/wp-json\/wp\/v2\/media\/15100"}],"wp:attachment":[{"href":"https:\/\/swissmassage.weprocess.dev\/de\/wp-json\/wp\/v2\/media?parent=15099"}],"wp:term":[{"taxonomy":"pwb-brand","embeddable":true,"href":"https:\/\/swissmassage.weprocess.dev\/de\/wp-json\/wp\/v2\/pwb-brand?post=15099"},{"taxonomy":"product_brand","embeddable":true,"href":"https:\/\/swissmassage.weprocess.dev\/de\/wp-json\/wp\/v2\/product_brand?post=15099"},{"taxonomy":"product_cat","embeddable":true,"href":"https:\/\/swissmassage.weprocess.dev\/de\/wp-json\/wp\/v2\/product_cat?post=15099"},{"taxonomy":"product_tag","embeddable":true,"href":"https:\/\/swissmassage.weprocess.dev\/de\/wp-json\/wp\/v2\/product_tag?post=15099"},{"taxonomy":"product_folder","embeddable":true,"href":"https:\/\/swissmassage.weprocess.dev\/de\/wp-json\/wp\/v2\/product_folder?post=15099"}],"curies":[{"name":"wp","href":"https:\/\/api.w.org\/{rel}","templated":true}]}}