{"id":15096,"date":"2023-05-24T14:59:19","date_gmt":"2023-05-24T12:59:19","guid":{"rendered":"https:\/\/swissmassage.ch\/produit\/medizinischer-praxishocker-edelmodell-iso-graphit\/"},"modified":"2025-03-14T13:51:34","modified_gmt":"2025-03-14T12:51:34","slug":"medizinischer-praxishocker-edelmodell-iso-graphit","status":"publish","type":"product","link":"https:\/\/swissmassage.weprocess.dev\/de\/produits\/medizinischer-praxishocker-edelmodell-iso-graphit\/","title":{"rendered":"Edler ISO Graphite Modell Hocker f\u00fcr medizinische Praxis"},"content":{"rendered":"<h2>Hocker f\u00fcr Arztpraxis Modell Noble iso graphite.<\/h2>\n<p>Arzthocker mit sattelf\u00f6rmiger Sitzfl\u00e4che und R\u00fcckenlehne.<br \/>\nBeschichtung nach medizinischen Standards.<br \/>\nEinstellung der Sitzneigung.<br \/>\nNeigungsverstellung der R\u00fcckenlehne.<br \/>\nGro\u00dfe H\u00f6henverstellung von 55 cm bis 75 cm.<br \/>\nSitzma\u00dfe 42 cm.<br \/>\nGewicht 11 kg.<br \/>\nMaximal unterst\u00fctztes Gewicht 100 kg Mit Handsteuerung.<br \/>\nIdeal f\u00fcr \u00c4rzte.<br \/>\nBitte beachten Sie, dass wir aufgrund der morphologischen Unterschiede jeder Person dringend empfehlen, die Hocker in unserer Ausstellung in Aigle auszuprobieren, bevor Sie Ihren Kauf abschlie\u00dfen. Im Falle eines Fehlkaufs k\u00f6nnen die Hocker weder zur\u00fcckgegeben noch umgetauscht werden.<\/p>\n","protected":false},"excerpt":{"rendered":"<p>Hocker f\u00fcr Arztpraxis Modell Noble iso graphite. Arzthocker mit sattelf\u00f6rmiger Sitzfl\u00e4che und R\u00fcckenlehne. Beschichtung nach medizinischen Standards. Einstellung der Sitzneigung. Neigungsverstellung der R\u00fcckenlehne. Gro\u00dfe H\u00f6henverstellung von 55 cm bis 75 cm. Sitzma\u00dfe 42 cm. Gewicht 11 kg. Maximal unterst\u00fctztes Gewicht 100 kg Mit Handsteuerung. Ideal f\u00fcr \u00c4rzte. Bitte beachten Sie, dass wir aufgrund der morphologischen&hellip;<\/p>\n","protected":false},"featured_media":12209,"template":"","meta":{"_seopress_robots_primary_cat":"none","_seopress_titles_title":"Edler ISO Graphit Praxishocker - Swissmassage","_seopress_titles_desc":"Hocker mit sattelf\u00f6rmigem Sitz nach medizinischem Standard f\u00fcr \u00c4rzte, Modell Noble iso dunkelgrau graphitfarben.","_seopress_robots_index":""},"pwb-brand":[],"product_brand":[],"product_cat":[1332,1330,1331,1333,1345,1326,1329,1325,1328,1327],"product_tag":[1421,1420,1425,1424,1422,1423],"product_folder":[992],"class_list":{"0":"post-15096","1":"product","2":"type-product","3":"status-publish","4":"has-post-thumbnail","6":"product_cat-alle-asthetischen-artikel","7":"product_cat-alle-massageliegen-massage-ausstattungen","8":"product_cat-alle-physio-medizinischen-artikel","9":"product_cat-alle-spa-beauty-produkte","10":"product_cat-alles-massagezubehor","11":"product_cat-hocker-fur-therapeuten","12":"product_cat-hocker-und-komfort","13":"product_cat-medizinischer-stuhl","14":"product_cat-spa-hocker","15":"product_cat-stuhle-fur-kosmetikerinnen","16":"product_tag-ergonomischer-hocker","17":"product_tag-hocker","18":"product_tag-hocker-rader","19":"product_tag-medizinischer-hocker","20":"product_tag-medizinischer-stuhl","21":"product_tag-sattelformiger-hocker","23":"first","24":"instock","25":"taxable","26":"shipping-taxable","27":"purchasable","28":"product-type-simple"},"exclude_global_add_ons":[],"addons":[],"brands":[],"_links":{"self":[{"href":"https:\/\/swissmassage.weprocess.dev\/de\/wp-json\/wp\/v2\/product\/15096","targetHints":{"allow":["GET"]}}],"collection":[{"href":"https:\/\/swissmassage.weprocess.dev\/de\/wp-json\/wp\/v2\/product"}],"about":[{"href":"https:\/\/swissmassage.weprocess.dev\/de\/wp-json\/wp\/v2\/types\/product"}],"wp:featuredmedia":[{"embeddable":true,"href":"https:\/\/swissmassage.weprocess.dev\/de\/wp-json\/wp\/v2\/media\/12209"}],"wp:attachment":[{"href":"https:\/\/swissmassage.weprocess.dev\/de\/wp-json\/wp\/v2\/media?parent=15096"}],"wp:term":[{"taxonomy":"pwb-brand","embeddable":true,"href":"https:\/\/swissmassage.weprocess.dev\/de\/wp-json\/wp\/v2\/pwb-brand?post=15096"},{"taxonomy":"product_brand","embeddable":true,"href":"https:\/\/swissmassage.weprocess.dev\/de\/wp-json\/wp\/v2\/product_brand?post=15096"},{"taxonomy":"product_cat","embeddable":true,"href":"https:\/\/swissmassage.weprocess.dev\/de\/wp-json\/wp\/v2\/product_cat?post=15096"},{"taxonomy":"product_tag","embeddable":true,"href":"https:\/\/swissmassage.weprocess.dev\/de\/wp-json\/wp\/v2\/product_tag?post=15096"},{"taxonomy":"product_folder","embeddable":true,"href":"https:\/\/swissmassage.weprocess.dev\/de\/wp-json\/wp\/v2\/product_folder?post=15096"}],"curies":[{"name":"wp","href":"https:\/\/api.w.org\/{rel}","templated":true}]}}