{"id":15087,"date":"2023-05-24T15:00:46","date_gmt":"2023-05-24T15:00:46","guid":{"rendered":"https:\/\/swissmassage.ch\/produit\/3-ebenen-physiotherapie-liege-modell-ce-0130-arpc\/"},"modified":"2025-10-29T18:39:24","modified_gmt":"2025-10-29T17:39:24","slug":"3-ebenen-physiotherapie-liege-modell-ce-0130-arpc","status":"publish","type":"product","link":"https:\/\/swissmassage.weprocess.dev\/de\/produits\/3-ebenen-physiotherapie-liege-modell-ce-0130-arpc\/","title":{"rendered":"3-Ebenen-Physiotherapieliege Modell CE-0130-ARPC"},"content":{"rendered":"<h2>3-Ebenen-Physiotherapieliege Modell CE-0130-ARPC.<\/h2>\n<p>Kopfst\u00fctze Typ Kopfst\u00fctze mit Loch und Gesichtskappe<br \/>\nDateityp Position pro\/dislivation in negativ<br \/>\nBeine Verstellbare Fu\u00dfst\u00fctze (dritte Ebene)<br \/>\nHandbedienung 1<br \/>\nSonderstellungen Trendelenburg, Kyphose<br \/>\nArt des Aufbaus Scherengestell mit vertikaler Montage ohne seitliche<br \/>\nVerschiebung Gest\u00fctztes Gewicht 180 kg<br \/>\nWerkstoffe, mechanisch geschwei\u00dfter Stahlrahmen. Finish: Epoxidpulverfarbe, gebrannt bei 210\u00baC<br \/>\nWei\u00dfe Farbe<br \/>\nMotortyp: Elektrisch<br \/>\nAnzahl der Motoren 1<br \/>\nMotorisierte Merkmale H\u00f6he von 50 cm bis 90 cm<br \/>\nFunktioniert durch eine Gasfeder f\u00fcr die R\u00fcckenlehne<br \/>\nEinziehbar und verstellbar<br \/>\nMerkmale durch zwei Gasventile f\u00fcr das kippbare Staukissen<br \/>\nVertikales Klettern ohne seitliche Bewegung<br \/>\nL\u00e4nge 193 cm, Breite nach Wahl: 62 cm oder 70 cm<br \/>\n5 cm Schaumstoff f\u00fcr 30 kg\/m\u00b3 oder auf Anfrage, 3 oder 8 cm Schaumstoff bis 60 kg\/m\u00b3<br \/>\nRollensystem Mit einem einzigen Pedal<br \/>\neinziehbar Art von Rollen Doppelrollen von \u00d8 50 mm<br \/>\nNormen und Sicherheit, der Motor entspricht den europ\u00e4ischen<br \/>\nSicherheitsnormen CE-Produkt. Hergestellt in Europa<\/p>\n<h2>Eigenschaften der Spradling-Beschichtung.<\/h2>\n<p>Die Beschichtung, die medizinischen Standards entspricht, verf\u00fcgt \u00fcber ein sehr hohes Ma\u00df an Eigenschaften, die sie mit einer Zertifizierung nach medizinischen Standards positionieren.<br \/>\nEs ist antimikrobiell, antibakteriell und antimykotisch. Es ist abriebfest, h\u00e4lt dem Kontakt mit dem menschlichen K\u00f6rper, Speichel, Schwei\u00df, Urin und Blut stand.<br \/>\nDiese wasser- und feuerfeste Beschichtung wird f\u00fcr alle Anwendungen im medizinischen Umfeld empfohlen und anerkannt. <\/p>\n<h2>Auswahl an Beschichtungsfarben.<\/h2>\n<p><img loading=\"lazy\" decoding=\"async\" class=\"alignnone size-full wp-image-8278\" src=\"https:\/\/swissmassage.weprocess.dev\/wp-content\/uploads\/Palette-de-couleur-tables-physio-2.webp\" alt=\"\" width=\"1000\" height=\"600\" srcset=\"https:\/\/swissmassage.weprocess.dev\/wp-content\/uploads\/Palette-de-couleur-tables-physio-2.webp 1000w, https:\/\/swissmassage.weprocess.dev\/wp-content\/uploads\/Palette-de-couleur-tables-physio-2-600x360.webp 600w, https:\/\/swissmassage.weprocess.dev\/wp-content\/uploads\/Palette-de-couleur-tables-physio-2-300x180.webp 300w, https:\/\/swissmassage.weprocess.dev\/wp-content\/uploads\/Palette-de-couleur-tables-physio-2-768x461.webp 768w, https:\/\/swissmassage.weprocess.dev\/wp-content\/uploads\/Palette-de-couleur-tables-physio-2-20x12.webp 20w\" sizes=\"auto, (max-width: 1000px) 100vw, 1000px\" \/> <img loading=\"lazy\" decoding=\"async\" class=\"alignnone size-full wp-image-8279\" src=\"https:\/\/swissmassage.weprocess.dev\/wp-content\/uploads\/Palette-de-couleur-tables-physio-1.webp\" alt=\"\" width=\"1000\" height=\"600\" srcset=\"https:\/\/swissmassage.weprocess.dev\/wp-content\/uploads\/Palette-de-couleur-tables-physio-1.webp 1000w, https:\/\/swissmassage.weprocess.dev\/wp-content\/uploads\/Palette-de-couleur-tables-physio-1-600x360.webp 600w, https:\/\/swissmassage.weprocess.dev\/wp-content\/uploads\/Palette-de-couleur-tables-physio-1-300x180.webp 300w, https:\/\/swissmassage.weprocess.dev\/wp-content\/uploads\/Palette-de-couleur-tables-physio-1-768x461.webp 768w, https:\/\/swissmassage.weprocess.dev\/wp-content\/uploads\/Palette-de-couleur-tables-physio-1-20x12.webp 20w\" sizes=\"auto, (max-width: 1000px) 100vw, 1000px\" \/><\/p>\n","protected":false},"excerpt":{"rendered":"<p>3-Ebenen-Physiotherapieliege Modell CE-0130-ARPC. Kopfst\u00fctze Typ Kopfst\u00fctze mit Loch und Gesichtskappe Dateityp Position pro\/dislivation in negativ Beine Verstellbare Fu\u00dfst\u00fctze (dritte Ebene) Handbedienung 1 Sonderstellungen Trendelenburg, Kyphose Art des Aufbaus Scherengestell mit vertikaler Montage ohne seitliche Verschiebung Gest\u00fctztes Gewicht 180 kg Werkstoffe, mechanisch geschwei\u00dfter Stahlrahmen. Finish: Epoxidpulverfarbe, gebrannt bei 210\u00baC Wei\u00dfe Farbe Motortyp: Elektrisch Anzahl der Motoren&hellip;<\/p>\n","protected":false},"featured_media":21042,"template":"","meta":{"_seopress_robots_primary_cat":"none","_seopress_titles_title":"3-Ebenen-Physiotherapieliege Modell CE-0130-ARPC","_seopress_titles_desc":"3-teilige Physiotherapieliege, Modell CE-0130-ARPC: L\u00e4nge 193 cm, Breite 62 cm oder 70 cm, Schaumstoff von 5 cm oder auf Anfrage Schaumstoff von 3 oder 8 cm.","_seopress_robots_index":""},"pwb-brand":[],"product_brand":[],"product_cat":[1331,1383],"product_tag":[1526,1493,1486],"product_folder":[1003],"class_list":{"0":"post-15087","1":"product","2":"type-product","3":"status-publish","4":"has-post-thumbnail","6":"product_cat-alle-physio-medizinischen-artikel","7":"product_cat-physio-und-therapieliege-physio-medizinisch","8":"product_tag-physio-liege-de","9":"product_tag-physio-liege","10":"product_tag-physiotherapeut","12":"first","13":"instock","14":"taxable","15":"shipping-taxable","16":"purchasable","17":"product-type-simple"},"exclude_global_add_ons":false,"addons":[{"name":"Wahl der Breite","type":"multiple_choice","position":0,"required":true,"title_format":"label","description_enable":false,"description":null,"placeholder_enable":false,"placeholder":null,"display":"radiobutton","restrictions_type":"any_text","adjust_price":false,"price":"","price_type":"flat_fee","restrictions":false,"min":0,"max":0,"options":[{"label":"62 cm","price":"","price_type":"flat_fee","image":0},{"label":"70 cm","price":"140","price_type":"flat_fee","image":0}],"id":1704302358},{"name":"Wahl der Schaumart","type":"multiple_choice","position":1,"required":true,"title_format":"label","description_enable":false,"description":null,"placeholder_enable":false,"placeholder":null,"display":"images","restrictions_type":"any_text","adjust_price":false,"price":"","price_type":"flat_fee","restrictions":false,"min":0,"max":0,"options":[{"label":"Standard 5 cm 30Kg\/m\u00b3","price":"","price_type":"flat_fee","image":8387},{"label":"Soft Memory 8 cm d.h. 4 cm 30Kg\/m\u00b3 + 4 cm Memory","price":"220","price_type":"flat_fee","image":8385},{"label":"Medium Memory 7 cm d.h. 5 cm 30Kg\/m\u00b3 + 2 cm Memory","price":"220","price_type":"flat_fee","image":8388},{"label":"Starker Osteo 3 cm 60Kg\/m\u00b3","price":"220","price_type":"flat_fee","image":8386}],"id":1704302359},{"name":"Wahl der Farbe der Verkleidung","type":"multiple_choice","position":2,"required":true,"title_format":"label","description_enable":false,"description":null,"placeholder_enable":false,"placeholder":null,"display":"images","restrictions_type":"any_text","adjust_price":false,"price":"","price_type":"flat_fee","restrictions":false,"min":0,"max":0,"options":[{"label":"Wei\u00df","price":"","price_type":"flat_fee","image":8361},{"label":"Perle","price":"","price_type":"flat_fee","image":8357},{"label":"Aschgrau","price":"","price_type":"flat_fee","image":8351},{"label":"Birke","price":"","price_type":"flat_fee","image":8353},{"label":"Kirsche","price":"","price_type":"flat_fee","image":8355},{"label":"Rose","price":"","price_type":"flat_fee","image":8358},{"label":"Schiefergrau","price":"","price_type":"flat_fee","image":8359},{"label":"Schwarz","price":"","price_type":"flat_fee","image":8354},{"label":"Stein-blau","price":"","price_type":"flat_fee","image":8360},{"label":"Tiefsee","price":"","price_type":"flat_fee","image":8356},{"label":"Atoll","price":"","price_type":"flat_fee","image":8352},{"label":"Weise","price":"","price_type":"flat_fee","image":8350},{"label":"Cappuccino","price":"","price_type":"flat_fee","image":8370},{"label":"Kastanie","price":"","price_type":"flat_fee","image":8369},{"label":"Kaschmir","price":"","price_type":"flat_fee","image":8368},{"label":"Johannisbrot","price":"","price_type":"flat_fee","image":8367},{"label":"Mocca","price":"","price_type":"flat_fee","image":8366},{"label":"Anthrazit","price":"","price_type":"flat_fee","image":8365},{"label":"Olive","price":"","price_type":"flat_fee","image":8364},{"label":"Datei","price":"","price_type":"flat_fee","image":8363},{"label":"Mais","price":"","price_type":"flat_fee","image":8374},{"label":"Sonne","price":"","price_type":"flat_fee","image":8373},{"label":"Orange","price":"","price_type":"flat_fee","image":8372},{"label":"Feuer","price":"","price_type":"flat_fee","image":8371}],"id":1704302360},{"name":"Option der Fernbedienung","type":"multiple_choice","position":3,"required":true,"title_format":"label","description_enable":false,"description":null,"placeholder_enable":false,"placeholder":null,"display":"images","restrictions_type":"any_text","adjust_price":false,"price":"","price_type":"flat_fee","restrictions":false,"min":0,"max":0,"options":[{"label":"Handsteuerung inklusive","price":"","price_type":"flat_fee","image":8421},{"label":"Boden-Fu\u00dfsteuerung","price":"190","price_type":"flat_fee","image":8420},{"label":"Periphere Fu\u00dfsteuerung der Stange","price":"290","price_type":"flat_fee","image":8418},{"label":"Fu\u00dfschalter f\u00fcr den peripheren Rahmen","price":"320","price_type":"flat_fee","image":8419}],"id":1704302361},{"name":"Option f\u00fcr Pr\u00fcfungspapierspender","type":"multiple_choice","position":4,"required":false,"title_format":"label","description_enable":false,"description":null,"placeholder_enable":false,"placeholder":null,"display":"images","restrictions_type":"any_text","adjust_price":false,"price":"","price_type":"flat_fee","restrictions":false,"min":0,"max":0,"options":[{"label":"Mit Untersuchungspapierspender","price":"80","price_type":"flat_fee","image":8384}],"id":1704302362}],"brands":[],"_links":{"self":[{"href":"https:\/\/swissmassage.weprocess.dev\/de\/wp-json\/wp\/v2\/product\/15087","targetHints":{"allow":["GET"]}}],"collection":[{"href":"https:\/\/swissmassage.weprocess.dev\/de\/wp-json\/wp\/v2\/product"}],"about":[{"href":"https:\/\/swissmassage.weprocess.dev\/de\/wp-json\/wp\/v2\/types\/product"}],"wp:featuredmedia":[{"embeddable":true,"href":"https:\/\/swissmassage.weprocess.dev\/de\/wp-json\/wp\/v2\/media\/21042"}],"wp:attachment":[{"href":"https:\/\/swissmassage.weprocess.dev\/de\/wp-json\/wp\/v2\/media?parent=15087"}],"wp:term":[{"taxonomy":"pwb-brand","embeddable":true,"href":"https:\/\/swissmassage.weprocess.dev\/de\/wp-json\/wp\/v2\/pwb-brand?post=15087"},{"taxonomy":"product_brand","embeddable":true,"href":"https:\/\/swissmassage.weprocess.dev\/de\/wp-json\/wp\/v2\/product_brand?post=15087"},{"taxonomy":"product_cat","embeddable":true,"href":"https:\/\/swissmassage.weprocess.dev\/de\/wp-json\/wp\/v2\/product_cat?post=15087"},{"taxonomy":"product_tag","embeddable":true,"href":"https:\/\/swissmassage.weprocess.dev\/de\/wp-json\/wp\/v2\/product_tag?post=15087"},{"taxonomy":"product_folder","embeddable":true,"href":"https:\/\/swissmassage.weprocess.dev\/de\/wp-json\/wp\/v2\/product_folder?post=15087"}],"curies":[{"name":"wp","href":"https:\/\/api.w.org\/{rel}","templated":true}]}}