{"id":15079,"date":"2023-05-24T15:05:35","date_gmt":"2023-05-24T13:05:35","guid":{"rendered":"https:\/\/swissmassage.ch\/produit\/3-ebenen-hydraulischer-physioliege-modell-ch-2150-abrpc\/"},"modified":"2023-05-24T15:05:35","modified_gmt":"2023-05-24T13:05:35","slug":"3-ebenen-hydraulischer-physioliege-modell-ch-2150-abrpc","status":"publish","type":"product","link":"https:\/\/swissmassage.weprocess.dev\/de\/produits\/3-ebenen-hydraulischer-physioliege-modell-ch-2150-abrpc\/","title":{"rendered":"Hydraulische Physioliege \/ 3 Ebenen, Modell CH-2150-ABRPC"},"content":{"rendered":"<h2>Hydraulisch montierte Physioliege mit 3 Ebenen, Modell CH-2150-ABRPC<\/h2>\n<p>  Kopfst\u00fctze Typ Kopfst\u00fctze mit Loch und Gesichtskappe R\u00fcckenlehne Typ Pro\/nach unten gerichtete Armlehnen Klappbare flache Armlehnen R\u00fcckenlehne Armlehnen in H\u00f6he und Breite verstellbar Gesichtsloch und Gesichtskappe Pedalh\u00f6henkontrolle Art der Struktur Trapezf\u00f6rmiger Rahmen Gest\u00fctztes Gewicht 180 kg Einziehbare und verstellbare R\u00fcckenlehne Sonderpositionen Trendelenburg, Kyphose und Neigung Material Mechanisch geschwei\u00dfter Stahlrahmen.<br \/>\nFinish: Epoxidpulverfarbe im Ofen bei 210\u00baC eingebrannt Art der wei\u00dfen Farbe des Hydraulikmotors Anzahl der Motoren 1 Motorisierte Merkmale H\u00f6he von 50 cm bis 90 cm Funktionalit\u00e4ten durch eine Gasfeder f\u00fcr die einziehbare und verstellbare R\u00fcckenlehne L\u00e4nge 193 cm Breite nach Wahl 62 cm oder 70 cm Schaumstoff 5 cm f\u00fcr 30 kg \/ m\u00b3 oder auf Anfrage,  3 oder 8 cm Schaumstoff bis zu 60 kg\/m\u00b3 Rollensystem Mit einem einzigen Pedal einziehbar Art der Rollen Doppelrollen \u00d8 50 mm Normen und Sicherheit, der Motor entspricht den europ\u00e4ischen Sicherheitsnormen CE-Produkt.<br \/>\nHergestellt in Europa    <\/p>\n<h2>Eigenschaften der Spradling-Beschichtung.<\/h2>\n<p>  Die Beschichtung, die medizinischen Standards entspricht, verf\u00fcgt \u00fcber ein sehr hohes Ma\u00df an Eigenschaften, die sie mit einer Zertifizierung nach medizinischen Standards positionieren.<br \/>\nEs ist antimikrobiell, antibakteriell und antimykotisch.<br \/>\nEs ist abriebfest, h\u00e4lt dem Kontakt mit dem menschlichen K\u00f6rper, Speichel, Schwei\u00df, Urin und Blut stand.<br \/>\nDiese wasser- und feuerfeste Beschichtung wird f\u00fcr alle Anwendungen im medizinischen Umfeld empfohlen und anerkannt.     <\/p>\n<h2>Auswahl an Beschichtungsfarben.<\/h2>\n<p><img loading=\"lazy\" decoding=\"async\" class=\"alignnone size-full wp-image-8278\" src=\"https:\/\/swissmassage.weprocess.dev\/wp-content\/uploads\/Palette-de-couleur-tables-physio-2.webp\" alt=\"\" width=\"1000\" height=\"600\" srcset=\"https:\/\/swissmassage.weprocess.dev\/wp-content\/uploads\/Palette-de-couleur-tables-physio-2.webp 1000w, https:\/\/swissmassage.weprocess.dev\/wp-content\/uploads\/Palette-de-couleur-tables-physio-2-600x360.webp 600w, https:\/\/swissmassage.weprocess.dev\/wp-content\/uploads\/Palette-de-couleur-tables-physio-2-300x180.webp 300w, https:\/\/swissmassage.weprocess.dev\/wp-content\/uploads\/Palette-de-couleur-tables-physio-2-768x461.webp 768w, https:\/\/swissmassage.weprocess.dev\/wp-content\/uploads\/Palette-de-couleur-tables-physio-2-20x12.webp 20w\" sizes=\"auto, (max-width: 1000px) 100vw, 1000px\" \/> <img loading=\"lazy\" decoding=\"async\" class=\"alignnone size-full wp-image-8279\" src=\"https:\/\/swissmassage.weprocess.dev\/wp-content\/uploads\/Palette-de-couleur-tables-physio-1.webp\" alt=\"\" width=\"1000\" height=\"600\" srcset=\"https:\/\/swissmassage.weprocess.dev\/wp-content\/uploads\/Palette-de-couleur-tables-physio-1.webp 1000w, https:\/\/swissmassage.weprocess.dev\/wp-content\/uploads\/Palette-de-couleur-tables-physio-1-600x360.webp 600w, https:\/\/swissmassage.weprocess.dev\/wp-content\/uploads\/Palette-de-couleur-tables-physio-1-300x180.webp 300w, https:\/\/swissmassage.weprocess.dev\/wp-content\/uploads\/Palette-de-couleur-tables-physio-1-768x461.webp 768w, https:\/\/swissmassage.weprocess.dev\/wp-content\/uploads\/Palette-de-couleur-tables-physio-1-20x12.webp 20w\" sizes=\"auto, (max-width: 1000px) 100vw, 1000px\" \/><\/p>\n","protected":false},"excerpt":{"rendered":"<p>Hydraulisch montierte Physioliege mit 3 Ebenen, Modell CH-2150-ABRPC Kopfst\u00fctze Typ Kopfst\u00fctze mit Loch und Gesichtskappe R\u00fcckenlehne Typ Pro\/nach unten gerichtete Armlehnen Klappbare flache Armlehnen R\u00fcckenlehne Armlehnen in H\u00f6he und Breite verstellbar Gesichtsloch und Gesichtskappe Pedalh\u00f6henkontrolle Art der Struktur Trapezf\u00f6rmiger Rahmen Gest\u00fctztes Gewicht 180 kg Einziehbare und verstellbare R\u00fcckenlehne Sonderpositionen Trendelenburg, Kyphose und Neigung Material Mechanisch&hellip;<\/p>\n","protected":false},"featured_media":12347,"template":"","meta":{"_seopress_robots_primary_cat":"none","_seopress_titles_title":"Physio 3-Ebenen-Liege mit hydraulischem Heben - Swissmassage","_seopress_titles_desc":"Hydraulisch gelagerte 3-Ebenen-Physioliege, Modell CH-2150-ABRPC: Kopfst\u00fctze mit Loch und Gesichtskappe, R\u00fcckenlehne in Pro-\/Deklive-Stellung im Minus.","_seopress_robots_index":""},"pwb-brand":[],"product_brand":[],"product_cat":[1331,1383],"product_tag":[1492,1498,1493,1486],"product_folder":[1003],"class_list":{"0":"post-15079","1":"product","2":"type-product","3":"status-publish","4":"has-post-thumbnail","6":"product_cat-alle-physio-medizinischen-artikel","7":"product_cat-physio-und-therapieliege-physio-medizinisch","8":"product_tag-hydraulik","9":"product_tag-hydraulische-physioliege","10":"product_tag-physio-liege","11":"product_tag-physiotherapeut","13":"first","14":"instock","15":"taxable","16":"shipping-taxable","17":"purchasable","18":"product-type-simple"},"exclude_global_add_ons":false,"addons":[{"name":"Wahl der Breite, obligatorisch","type":"multiple_choice","position":0,"required":true,"title_format":"label","description_enable":false,"description":null,"placeholder_enable":false,"placeholder":"","display":"radiobutton","restrictions_type":"any_text","adjust_price":false,"price":"","price_type":"flat_fee","restrictions":false,"min":0,"max":0,"options":[{"label":"62 cm","price":"","price_type":"flat_fee","image":0},{"label":"70 cm","price":"140","price_type":"flat_fee","image":0}],"id":1704302189},{"name":"Wahl der Schaumart, obligatorisch","type":"multiple_choice","position":1,"required":true,"title_format":"label","description_enable":false,"description":null,"placeholder_enable":false,"placeholder":"","display":"images","restrictions_type":"any_text","adjust_price":false,"price":"","price_type":"flat_fee","restrictions":false,"min":0,"max":0,"options":[{"label":"Standard 5 cm 30Kg\/m\u00b3","price":"","price_type":"flat_fee","image":8387},{"label":"Soft Memory 8 cm d.h. 4 cm 30Kg\/m\u00b3 + 4 cm Memory","price":"220","price_type":"flat_fee","image":8385},{"label":"Medium Memory 7 cm d.h. 5 cm 30Kg\/m\u00b3 + 2 cm Memory","price":"220","price_type":"flat_fee","image":8388},{"label":"Starker Osteo 3 cm 60Kg\/m\u00b3","price":"220","price_type":"flat_fee","image":8386}],"id":1704302190},{"name":"Wahl der Beschichtungsfarbe, obligatorisch","type":"multiple_choice","position":2,"required":true,"title_format":"label","description_enable":false,"description":null,"placeholder_enable":false,"placeholder":"","display":"images","restrictions_type":"any_text","adjust_price":false,"price":"","price_type":"flat_fee","restrictions":false,"min":0,"max":0,"options":[{"label":"Wei\u00df","price":"","price_type":"flat_fee","image":8361},{"label":"Perle","price":"","price_type":"flat_fee","image":8357},{"label":"Aschgrau","price":"","price_type":"flat_fee","image":8351},{"label":"Birke","price":"","price_type":"flat_fee","image":8353},{"label":"Kirsche","price":"","price_type":"flat_fee","image":8355},{"label":"Rose","price":"","price_type":"flat_fee","image":8358},{"label":"Schiefergrau","price":"","price_type":"flat_fee","image":8359},{"label":"Schwarz","price":"","price_type":"flat_fee","image":8354},{"label":"Stein-blau","price":"","price_type":"flat_fee","image":8360},{"label":"Tiefsee","price":"","price_type":"flat_fee","image":8356},{"label":"Atoll","price":"","price_type":"flat_fee","image":8352},{"label":"Weise","price":"","price_type":"flat_fee","image":8350},{"label":"Cappuccino","price":"","price_type":"flat_fee","image":8370},{"label":"Kastanie","price":"","price_type":"flat_fee","image":8369},{"label":"Kaschmir","price":"","price_type":"flat_fee","image":8368},{"label":"Johannisbrot","price":"","price_type":"flat_fee","image":8367},{"label":"Mocca","price":"","price_type":"flat_fee","image":8366},{"label":"Anthrazit","price":"","price_type":"flat_fee","image":8365},{"label":"Olive","price":"","price_type":"flat_fee","image":8364},{"label":"Datei","price":"","price_type":"flat_fee","image":8363},{"label":"Mais","price":"","price_type":"flat_fee","image":8374},{"label":"Sonne","price":"","price_type":"flat_fee","image":8373},{"label":"Orange","price":"","price_type":"flat_fee","image":8372},{"label":"Feuer","price":"","price_type":"flat_fee","image":8371}],"id":1704302191},{"name":"Option f\u00fcr Pr\u00fcfungspapierspender","type":"multiple_choice","position":3,"required":true,"title_format":"label","description_enable":false,"description":null,"placeholder_enable":false,"placeholder":"","display":"images","restrictions_type":"any_text","adjust_price":false,"price":"","price_type":"flat_fee","restrictions":false,"min":0,"max":0,"options":[{"label":"Mit Untersuchungspapierspender","price":"80","price_type":"flat_fee","image":8384},{"label":"Ohne Untersuchungspapierspender","price":"","price_type":"flat_fee","image":8396}],"id":1704302192}],"brands":[],"_links":{"self":[{"href":"https:\/\/swissmassage.weprocess.dev\/de\/wp-json\/wp\/v2\/product\/15079","targetHints":{"allow":["GET"]}}],"collection":[{"href":"https:\/\/swissmassage.weprocess.dev\/de\/wp-json\/wp\/v2\/product"}],"about":[{"href":"https:\/\/swissmassage.weprocess.dev\/de\/wp-json\/wp\/v2\/types\/product"}],"wp:featuredmedia":[{"embeddable":true,"href":"https:\/\/swissmassage.weprocess.dev\/de\/wp-json\/wp\/v2\/media\/12347"}],"wp:attachment":[{"href":"https:\/\/swissmassage.weprocess.dev\/de\/wp-json\/wp\/v2\/media?parent=15079"}],"wp:term":[{"taxonomy":"pwb-brand","embeddable":true,"href":"https:\/\/swissmassage.weprocess.dev\/de\/wp-json\/wp\/v2\/pwb-brand?post=15079"},{"taxonomy":"product_brand","embeddable":true,"href":"https:\/\/swissmassage.weprocess.dev\/de\/wp-json\/wp\/v2\/product_brand?post=15079"},{"taxonomy":"product_cat","embeddable":true,"href":"https:\/\/swissmassage.weprocess.dev\/de\/wp-json\/wp\/v2\/product_cat?post=15079"},{"taxonomy":"product_tag","embeddable":true,"href":"https:\/\/swissmassage.weprocess.dev\/de\/wp-json\/wp\/v2\/product_tag?post=15079"},{"taxonomy":"product_folder","embeddable":true,"href":"https:\/\/swissmassage.weprocess.dev\/de\/wp-json\/wp\/v2\/product_folder?post=15079"}],"curies":[{"name":"wp","href":"https:\/\/api.w.org\/{rel}","templated":true}]}}