{"id":15073,"date":"2023-05-24T15:08:18","date_gmt":"2023-05-24T13:08:18","guid":{"rendered":"https:\/\/swissmassage.ch\/produit\/2-planken-hydraulischer-bobath-liege-modell-ch-bobath-2120-r\/"},"modified":"2024-11-18T16:52:23","modified_gmt":"2024-11-18T15:52:23","slug":"2-planken-hydraulischer-bobath-liege-modell-ch-bobath-2120-r","status":"publish","type":"product","link":"https:\/\/swissmassage.weprocess.dev\/de\/produits\/2-planken-hydraulischer-bobath-liege-modell-ch-bobath-2120-r\/","title":{"rendered":"Bobath Hydraulischer Liege 2 Ebenen Modell CH-Bobath-2120-R"},"content":{"rendered":"<h2>Extra gro\u00dfe, ma\u00dfgefertigte Bobath-Pflegeliege mit 2-Ebenen-Hydraulikaggregat Modell CH-Bobath-2120-R<\/h2>\n<p>Kissenl\u00e4nge 190 cm (Auf Anfrage M\u00f6glichkeit, eine L\u00e4nge von 200 cm zu erhalten.)<br \/>\nSchaumstoff 5 cm f\u00fcr 30 kg \/ m\u00b3 oder auf Anfrage Schaumstoff 3 oder 8 cm bis 60 kg \/ m\u00b3 Anhebbare R\u00fcckenlehne mit Gasfeder Pedalh\u00f6henverstellung Art des Aufbaus Trapezrahmen St\u00fctzgewicht 180 kg Material Mechanisch geschwei\u00dfter Stahlrahmen.<br \/>\nFinish: Epoxidpulverfarbe, die im Ofen bei 210\u00baC gebacken wird Farbe Wei\u00df Art des Hydraulikmotors Anzahl der Motoren 1 Motorisierte Merkmale H\u00f6he von 52 cm bis 98 cm Rollensystem Einziehbar mit einem einzigen Pedal Art der Rollen Doppelrollen von \u00d8 50 mm Normen und Sicherheit, der Motor entspricht den europ\u00e4ischen Sicherheitsnormen CE-Produkt.<br \/>\nHergestellt in Europa<\/p>\n<h2>Eigenschaften der Spradling-Beschichtung.<\/h2>\n<p>Die Beschichtung, die medizinischen Standards entspricht, verf\u00fcgt \u00fcber ein sehr hohes Ma\u00df an Eigenschaften, die sie mit einer Zertifizierung nach medizinischen Standards positionieren.<br \/>\nEs ist antimikrobiell, antibakteriell und antimykotisch.<br \/>\nEs ist abriebfest, h\u00e4lt dem Kontakt mit dem menschlichen K\u00f6rper, Speichel, Schwei\u00df, Urin und Blut stand.<br \/>\nDiese wasser- und feuerfeste Beschichtung wird f\u00fcr alle Anwendungen im medizinischen Umfeld empfohlen und anerkannt.<\/p>\n<h2>Auswahl an Beschichtungsfarben.<\/h2>\n<p><img loading=\"lazy\" decoding=\"async\" class=\"alignnone size-full wp-image-8278\" src=\"https:\/\/swissmassage.weprocess.dev\/wp-content\/uploads\/Palette-de-couleur-tables-physio-2.webp\" alt=\"\" width=\"1000\" height=\"600\" srcset=\"https:\/\/swissmassage.weprocess.dev\/wp-content\/uploads\/Palette-de-couleur-tables-physio-2.webp 1000w, https:\/\/swissmassage.weprocess.dev\/wp-content\/uploads\/Palette-de-couleur-tables-physio-2-600x360.webp 600w, https:\/\/swissmassage.weprocess.dev\/wp-content\/uploads\/Palette-de-couleur-tables-physio-2-300x180.webp 300w, https:\/\/swissmassage.weprocess.dev\/wp-content\/uploads\/Palette-de-couleur-tables-physio-2-768x461.webp 768w, https:\/\/swissmassage.weprocess.dev\/wp-content\/uploads\/Palette-de-couleur-tables-physio-2-20x12.webp 20w\" sizes=\"auto, (max-width: 1000px) 100vw, 1000px\" \/> <img loading=\"lazy\" decoding=\"async\" class=\"alignnone size-full wp-image-8279\" src=\"https:\/\/swissmassage.weprocess.dev\/wp-content\/uploads\/Palette-de-couleur-tables-physio-1.webp\" alt=\"\" width=\"1000\" height=\"600\" srcset=\"https:\/\/swissmassage.weprocess.dev\/wp-content\/uploads\/Palette-de-couleur-tables-physio-1.webp 1000w, https:\/\/swissmassage.weprocess.dev\/wp-content\/uploads\/Palette-de-couleur-tables-physio-1-600x360.webp 600w, https:\/\/swissmassage.weprocess.dev\/wp-content\/uploads\/Palette-de-couleur-tables-physio-1-300x180.webp 300w, https:\/\/swissmassage.weprocess.dev\/wp-content\/uploads\/Palette-de-couleur-tables-physio-1-768x461.webp 768w, https:\/\/swissmassage.weprocess.dev\/wp-content\/uploads\/Palette-de-couleur-tables-physio-1-20x12.webp 20w\" sizes=\"auto, (max-width: 1000px) 100vw, 1000px\" \/><\/p>\n","protected":false},"excerpt":{"rendered":"<p>Extra gro\u00dfe, ma\u00dfgefertigte Bobath-Pflegeliege mit 2-Ebenen-Hydraulikaggregat Modell CH-Bobath-2120-R Kissenl\u00e4nge 190 cm (Auf Anfrage M\u00f6glichkeit, eine L\u00e4nge von 200 cm zu erhalten.) Schaumstoff 5 cm f\u00fcr 30 kg \/ m\u00b3 oder auf Anfrage Schaumstoff 3 oder 8 cm bis 60 kg \/ m\u00b3 Anhebbare R\u00fcckenlehne mit Gasfeder Pedalh\u00f6henverstellung Art des Aufbaus Trapezrahmen St\u00fctzgewicht 180 kg Material&hellip;<\/p>\n","protected":false},"featured_media":12425,"template":"","meta":{"_seopress_robots_primary_cat":"none","_seopress_titles_title":"Hydraulische Bobath Massageliege 2 Ebenen - Swissmassage","_seopress_titles_desc":"Extra gro\u00dfe, ma\u00dfgefertigte Bobath-Behandlungsliege, Modell CH-Bobath-2120-R: hydraulische Befestigung, 2 Ebenen f\u00fcr optimalen Komfort und spezialisierte Versorgung.","_seopress_robots_index":""},"pwb-brand":[],"product_brand":[],"product_cat":[1331,1380,1366],"product_tag":[1487,1497],"product_folder":[1006],"class_list":{"0":"post-15073","1":"product","2":"type-product","3":"status-publish","4":"has-post-thumbnail","6":"product_cat-alle-physio-medizinischen-artikel","7":"product_cat-bobath-massageliegen","8":"product_cat-thai-und-shiatsu-massageliege","9":"product_tag-bobath-de","10":"product_tag-hydraulisches-bobath","12":"first","13":"instock","14":"taxable","15":"shipping-taxable","16":"purchasable","17":"product-type-simple"},"exclude_global_add_ons":false,"addons":[{"name":"Wahl der Breite","type":"multiple_choice","position":0,"required":true,"title_format":"label","description_enable":false,"description":"","placeholder_enable":false,"placeholder":"","display":"radiobutton","restrictions_type":"any_text","adjust_price":false,"price":"","price_type":"flat_fee","restrictions":false,"min":0,"max":0,"options":[{"label":"ca. 100 cm","price":"","price_type":"flat_fee","image":0},{"label":"93 cm","price":"250","price_type":"flat_fee","image":0},{"label":"ca. 120 cm","price":"250","price_type":"flat_fee","image":0}],"id":1704302076},{"name":"Wahl der Schaumart","type":"multiple_choice","position":1,"required":true,"title_format":"label","description_enable":false,"description":"","placeholder_enable":false,"placeholder":"","display":"images","restrictions_type":"any_text","adjust_price":false,"price":"","price_type":"flat_fee","restrictions":false,"min":0,"max":0,"options":[{"label":"Standard 5 cm 30Kg\/m\u00b3","price":"","price_type":"flat_fee","image":8387},{"label":"Soft Memory 8 cm d.h. 4 cm 30Kg\/m\u00b3 + 4 cm Memory","price":"320","price_type":"flat_fee","image":8385},{"label":"Medium Memory 7 cm d.h. 5 cm 30Kg\/m\u00b3 + 2 cm Memory","price":"320","price_type":"flat_fee","image":8388},{"label":"Starker Osteo 3 cm 60Kg\/m\u00b3","price":"320","price_type":"flat_fee","image":8386}],"id":1704302077},{"name":"Wahl der Farbe der Verkleidung","type":"multiple_choice","position":2,"required":true,"title_format":"label","description_enable":false,"description":"","placeholder_enable":false,"placeholder":"","display":"images","restrictions_type":"any_text","adjust_price":false,"price":"","price_type":"flat_fee","restrictions":false,"min":0,"max":0,"options":[{"label":"Wei\u00df","price":"","price_type":"flat_fee","image":8361},{"label":"Perle","price":"","price_type":"flat_fee","image":8357},{"label":"Aschgrau","price":"","price_type":"flat_fee","image":8351},{"label":"Birke","price":"","price_type":"flat_fee","image":8353},{"label":"Kirsche","price":"","price_type":"flat_fee","image":8355},{"label":"Rose","price":"","price_type":"flat_fee","image":8358},{"label":"Schiefergrau","price":"","price_type":"flat_fee","image":8359},{"label":"Schwarz","price":"","price_type":"flat_fee","image":8354},{"label":"Stein-blau","price":"","price_type":"flat_fee","image":8360},{"label":"Tiefsee","price":"","price_type":"flat_fee","image":8356},{"label":"Atoll","price":"","price_type":"flat_fee","image":8352},{"label":"Weise","price":"","price_type":"flat_fee","image":8350},{"label":"Cappuccino","price":"","price_type":"flat_fee","image":8370},{"label":"Kastanie","price":"","price_type":"flat_fee","image":8369},{"label":"Kaschmir","price":"","price_type":"flat_fee","image":8368},{"label":"Johannisbrot","price":"","price_type":"flat_fee","image":8367},{"label":"Mocca","price":"","price_type":"flat_fee","image":8366},{"label":"Anthrazit","price":"","price_type":"flat_fee","image":8365},{"label":"Olive","price":"","price_type":"flat_fee","image":8364},{"label":"Datei","price":"","price_type":"flat_fee","image":8363},{"label":"Mais","price":"","price_type":"flat_fee","image":8374},{"label":"Sonne","price":"","price_type":"flat_fee","image":8373},{"label":"Orange","price":"","price_type":"flat_fee","image":8372},{"label":"Feuer","price":"","price_type":"flat_fee","image":8371}],"id":1704302078}],"brands":[],"_links":{"self":[{"href":"https:\/\/swissmassage.weprocess.dev\/de\/wp-json\/wp\/v2\/product\/15073","targetHints":{"allow":["GET"]}}],"collection":[{"href":"https:\/\/swissmassage.weprocess.dev\/de\/wp-json\/wp\/v2\/product"}],"about":[{"href":"https:\/\/swissmassage.weprocess.dev\/de\/wp-json\/wp\/v2\/types\/product"}],"wp:featuredmedia":[{"embeddable":true,"href":"https:\/\/swissmassage.weprocess.dev\/de\/wp-json\/wp\/v2\/media\/12425"}],"wp:attachment":[{"href":"https:\/\/swissmassage.weprocess.dev\/de\/wp-json\/wp\/v2\/media?parent=15073"}],"wp:term":[{"taxonomy":"pwb-brand","embeddable":true,"href":"https:\/\/swissmassage.weprocess.dev\/de\/wp-json\/wp\/v2\/pwb-brand?post=15073"},{"taxonomy":"product_brand","embeddable":true,"href":"https:\/\/swissmassage.weprocess.dev\/de\/wp-json\/wp\/v2\/product_brand?post=15073"},{"taxonomy":"product_cat","embeddable":true,"href":"https:\/\/swissmassage.weprocess.dev\/de\/wp-json\/wp\/v2\/product_cat?post=15073"},{"taxonomy":"product_tag","embeddable":true,"href":"https:\/\/swissmassage.weprocess.dev\/de\/wp-json\/wp\/v2\/product_tag?post=15073"},{"taxonomy":"product_folder","embeddable":true,"href":"https:\/\/swissmassage.weprocess.dev\/de\/wp-json\/wp\/v2\/product_folder?post=15073"}],"curies":[{"name":"wp","href":"https:\/\/api.w.org\/{rel}","templated":true}]}}