{"id":15072,"date":"2023-05-24T15:08:50","date_gmt":"2023-05-24T13:08:50","guid":{"rendered":"https:\/\/swissmassage.ch\/produit\/osteopathie-liege-7-ebenen-modell-ce-0177-abrpc\/"},"modified":"2023-05-24T15:08:50","modified_gmt":"2023-05-24T13:08:50","slug":"osteopathie-liege-7-ebenen-modell-ce-0177-abrpc","status":"publish","type":"product","link":"https:\/\/swissmassage.weprocess.dev\/de\/produits\/osteopathie-liege-7-ebenen-modell-ce-0177-abrpc\/","title":{"rendered":"7-Ebenen-Osteopathie-Liege Modell CE-0177-ABRPC"},"content":{"rendered":"<h2>Elektrische Osteopathieliege \/ 7 Ebenen, Modell CE-0177-ABRPC.<\/h2>\n<p>  Kopfst\u00fctze Typ Kopfst\u00fctze mit Loch und Gesichtskappe R\u00fcckenlehne Position pro\/negative Neigung Beine Verstellbare Fu\u00dfst\u00fctze (dritte Ebene) Klappbare flache Armlehnen R\u00fcckenlehne Armlehnen in H\u00f6he und Breite verstellbar Handsteuerung 1 Motorh\u00f6he 50 bis 100 cmSonderpositionen Trendelenburg, Kyphose Art der Struktur Scherengestell Gest\u00fctztes Gewicht 180 kg Materialien,  Mechanisch geschwei\u00dftes Stahlchassis.<br \/>\nFinish: Epoxidpulverfarbe im Ofen bei 210\u00baC eingebrannt Graue Farbe Vertikal montiert ohne seitliche Bewegung L\u00e4nge 198 cm Breite 56 cm Schaum 5 cm f\u00fcr 30 kg \/ m\u00b3 oder auf Anfrage, Schaum 3 oder 8 cm bis 60 kg \/ m\u00b3 Normen und Sicherheit, der Motor entspricht den europ\u00e4ischen Sicherheitsnormen CE-Produkt.<br \/>\nHergestellt in Europa    <\/p>\n<h2>Eigenschaften der Spradling-Beschichtung.<\/h2>\n<p>  Die Beschichtung, die medizinischen Standards entspricht, verf\u00fcgt \u00fcber ein sehr hohes Ma\u00df an Eigenschaften, die sie mit einer Zertifizierung nach medizinischen Standards positionieren.<br \/>\nEs ist antimikrobiell, antibakteriell und antimykotisch.<br \/>\nEs ist abriebfest, h\u00e4lt dem Kontakt mit dem menschlichen K\u00f6rper, Speichel, Schwei\u00df, Urin und Blut stand.<br \/>\nDiese wasser- und feuerfeste Beschichtung wird f\u00fcr alle Anwendungen im medizinischen Umfeld empfohlen und anerkannt.     <\/p>\n<h2>Auswahl an Beschichtungsfarben.<\/h2>\n<p><img loading=\"lazy\" decoding=\"async\" class=\"alignnone size-full wp-image-8278\" src=\"https:\/\/swissmassage.weprocess.dev\/wp-content\/uploads\/Palette-de-couleur-tables-physio-2.webp\" alt=\"\" width=\"1000\" height=\"600\" srcset=\"https:\/\/swissmassage.weprocess.dev\/wp-content\/uploads\/Palette-de-couleur-tables-physio-2.webp 1000w, https:\/\/swissmassage.weprocess.dev\/wp-content\/uploads\/Palette-de-couleur-tables-physio-2-600x360.webp 600w, https:\/\/swissmassage.weprocess.dev\/wp-content\/uploads\/Palette-de-couleur-tables-physio-2-300x180.webp 300w, https:\/\/swissmassage.weprocess.dev\/wp-content\/uploads\/Palette-de-couleur-tables-physio-2-768x461.webp 768w, https:\/\/swissmassage.weprocess.dev\/wp-content\/uploads\/Palette-de-couleur-tables-physio-2-20x12.webp 20w\" sizes=\"auto, (max-width: 1000px) 100vw, 1000px\" \/> <img loading=\"lazy\" decoding=\"async\" class=\"alignnone size-full wp-image-8279\" src=\"https:\/\/swissmassage.weprocess.dev\/wp-content\/uploads\/Palette-de-couleur-tables-physio-1.webp\" alt=\"\" width=\"1000\" height=\"600\" srcset=\"https:\/\/swissmassage.weprocess.dev\/wp-content\/uploads\/Palette-de-couleur-tables-physio-1.webp 1000w, https:\/\/swissmassage.weprocess.dev\/wp-content\/uploads\/Palette-de-couleur-tables-physio-1-600x360.webp 600w, https:\/\/swissmassage.weprocess.dev\/wp-content\/uploads\/Palette-de-couleur-tables-physio-1-300x180.webp 300w, https:\/\/swissmassage.weprocess.dev\/wp-content\/uploads\/Palette-de-couleur-tables-physio-1-768x461.webp 768w, https:\/\/swissmassage.weprocess.dev\/wp-content\/uploads\/Palette-de-couleur-tables-physio-1-20x12.webp 20w\" sizes=\"auto, (max-width: 1000px) 100vw, 1000px\" \/><\/p>\n","protected":false},"excerpt":{"rendered":"<p>Elektrische Osteopathieliege \/ 7 Ebenen, Modell CE-0177-ABRPC. Kopfst\u00fctze Typ Kopfst\u00fctze mit Loch und Gesichtskappe R\u00fcckenlehne Position pro\/negative Neigung Beine Verstellbare Fu\u00dfst\u00fctze (dritte Ebene) Klappbare flache Armlehnen R\u00fcckenlehne Armlehnen in H\u00f6he und Breite verstellbar Handsteuerung 1 Motorh\u00f6he 50 bis 100 cmSonderpositionen Trendelenburg, Kyphose Art der Struktur Scherengestell Gest\u00fctztes Gewicht 180 kg Materialien, Mechanisch geschwei\u00dftes Stahlchassis. Finish:&hellip;<\/p>\n","protected":false},"featured_media":12431,"template":"","meta":{"_seopress_robots_primary_cat":"none","_seopress_titles_title":"Elektrische Osteopathie-Liege mit 7 Ebenen - Swissmassage","_seopress_titles_desc":"Elektrische Osteopathieliege mit 7 Ebenen: f\u00fcr optimalen Komfort und pr\u00e4zise Einstellungen, ideal f\u00fcr verschiedene osteopathische Behandlungen.","_seopress_robots_index":""},"pwb-brand":[],"product_brand":[],"product_cat":[1331,1377],"product_tag":[],"product_folder":[1004],"class_list":{"0":"post-15072","1":"product","2":"type-product","3":"status-publish","4":"has-post-thumbnail","6":"product_cat-alle-physio-medizinischen-artikel","7":"product_cat-osteopathie-liegen","9":"first","10":"instock","11":"taxable","12":"shipping-taxable","13":"purchasable","14":"product-type-simple"},"exclude_global_add_ons":false,"addons":[{"name":"Wahl der Schaumart","type":"multiple_choice","position":0,"required":true,"title_format":"label","description_enable":false,"description":null,"placeholder_enable":false,"placeholder":"","display":"images","restrictions_type":"any_text","adjust_price":false,"price":"","price_type":"flat_fee","restrictions":false,"min":0,"max":0,"options":[{"label":"Standard 5 cm 30Kg\/m\u00b3","price":"","price_type":"flat_fee","image":8387},{"label":"Starker Osteo 3 cm 60Kg\/m\u00b3","price":"220","price_type":"flat_fee","image":8386}],"id":1704302028},{"name":"Wahl der Farbe der Verkleidung","type":"multiple_choice","position":1,"required":true,"title_format":"label","description_enable":false,"description":null,"placeholder_enable":false,"placeholder":"","display":"images","restrictions_type":"any_text","adjust_price":false,"price":"","price_type":"flat_fee","restrictions":false,"min":0,"max":0,"options":[{"label":"Wei\u00df","price":"","price_type":"flat_fee","image":8361},{"label":"Perle","price":"","price_type":"flat_fee","image":8357},{"label":"Aschgrau","price":"","price_type":"flat_fee","image":8351},{"label":"Birke","price":"","price_type":"flat_fee","image":8353},{"label":"Kirsche","price":"","price_type":"flat_fee","image":8355},{"label":"Rose","price":"","price_type":"flat_fee","image":8358},{"label":"Schiefergrau","price":"","price_type":"flat_fee","image":8359},{"label":"Schwarz","price":"","price_type":"flat_fee","image":8354},{"label":"Stein-blau","price":"","price_type":"flat_fee","image":8360},{"label":"Tiefsee","price":"","price_type":"flat_fee","image":8356},{"label":"Atoll","price":"","price_type":"flat_fee","image":8352},{"label":"Weise","price":"","price_type":"flat_fee","image":8350},{"label":"Cappuccino","price":"","price_type":"flat_fee","image":8370},{"label":"Kastanie","price":"","price_type":"flat_fee","image":8369},{"label":"Kaschmir","price":"","price_type":"flat_fee","image":8368},{"label":"Johannisbrot","price":"","price_type":"flat_fee","image":8367},{"label":"Mocca","price":"","price_type":"flat_fee","image":8366},{"label":"Anthrazit","price":"","price_type":"flat_fee","image":8365},{"label":"Olive","price":"","price_type":"flat_fee","image":8364},{"label":"Datei","price":"","price_type":"flat_fee","image":8363},{"label":"Mais","price":"","price_type":"flat_fee","image":8374},{"label":"Sonne","price":"","price_type":"flat_fee","image":8373},{"label":"Orange","price":"","price_type":"flat_fee","image":8372},{"label":"Feuer","price":"","price_type":"flat_fee","image":8371}],"id":1704302029},{"name":"Option der Fernbedienung","type":"multiple_choice","position":2,"required":true,"title_format":"label","description_enable":false,"description":null,"placeholder_enable":false,"placeholder":"","display":"images","restrictions_type":"any_text","adjust_price":false,"price":"","price_type":"flat_fee","restrictions":false,"min":0,"max":0,"options":[{"label":"Handsteuerung inklusive","price":"","price_type":"flat_fee","image":8421},{"label":"Boden-Fu\u00dfsteuerung","price":"190","price_type":"flat_fee","image":8420}],"id":1704302030}],"brands":[],"_links":{"self":[{"href":"https:\/\/swissmassage.weprocess.dev\/de\/wp-json\/wp\/v2\/product\/15072","targetHints":{"allow":["GET"]}}],"collection":[{"href":"https:\/\/swissmassage.weprocess.dev\/de\/wp-json\/wp\/v2\/product"}],"about":[{"href":"https:\/\/swissmassage.weprocess.dev\/de\/wp-json\/wp\/v2\/types\/product"}],"wp:featuredmedia":[{"embeddable":true,"href":"https:\/\/swissmassage.weprocess.dev\/de\/wp-json\/wp\/v2\/media\/12431"}],"wp:attachment":[{"href":"https:\/\/swissmassage.weprocess.dev\/de\/wp-json\/wp\/v2\/media?parent=15072"}],"wp:term":[{"taxonomy":"pwb-brand","embeddable":true,"href":"https:\/\/swissmassage.weprocess.dev\/de\/wp-json\/wp\/v2\/pwb-brand?post=15072"},{"taxonomy":"product_brand","embeddable":true,"href":"https:\/\/swissmassage.weprocess.dev\/de\/wp-json\/wp\/v2\/product_brand?post=15072"},{"taxonomy":"product_cat","embeddable":true,"href":"https:\/\/swissmassage.weprocess.dev\/de\/wp-json\/wp\/v2\/product_cat?post=15072"},{"taxonomy":"product_tag","embeddable":true,"href":"https:\/\/swissmassage.weprocess.dev\/de\/wp-json\/wp\/v2\/product_tag?post=15072"},{"taxonomy":"product_folder","embeddable":true,"href":"https:\/\/swissmassage.weprocess.dev\/de\/wp-json\/wp\/v2\/product_folder?post=15072"}],"curies":[{"name":"wp","href":"https:\/\/api.w.org\/{rel}","templated":true}]}}