{"id":15069,"date":"2023-05-24T15:12:26","date_gmt":"2023-05-24T15:12:26","guid":{"rendered":"https:\/\/swissmassage.ch\/produit\/hydraulisches-medizinisches-pflegebett-modell-cth-0120-rbar\/"},"modified":"2025-11-22T17:46:16","modified_gmt":"2025-11-22T16:46:16","slug":"hydraulisches-medizinisches-pflegebett-modell-cth-0120-rbar","status":"publish","type":"product","link":"https:\/\/swissmassage.weprocess.dev\/de\/produits\/hydraulisches-medizinisches-pflegebett-modell-cth-0120-rbar\/","title":{"rendered":"Hydraulisches Pflegebett Modell CTH-0120-RBAR"},"content":{"rendered":"<h2>Medizinisches Pflegebett f\u00fcr medizinische Zentren Modell CTH-0120-RBAR.<\/h2>\n<p>Hebbarer R\u00fcckenlehnentyp.<br \/>\nKontrolliert den hydraulischen Motor der F\u00fcsse von 59 cm bis 109 cm<br \/>\nEinziehbare Sicherheitstore<br \/>\nSt\u00e4nder und Sauerstoffhalter, enthalten<br \/>\nSchiebergriffe<br \/>\nArt der Struktur Scherenrahmen mit vertikaler Befestigung ohne seitliche<br \/>\nBewegung Tr\u00e4gergewicht 180 kg<br \/>\nMaterial Mechanisch geschwei\u00dfter Stahlrahmen. Lackierung: Epoxidpulverlack, im Ofen bei 210\u00baC<br \/>\ngebacken. Wei\u00dfe Lackierung<br \/>\n. Verf\u00fcgt \u00fcber eine Gasfeder f\u00fcr die abhebbare<br \/>\nR\u00fcckenlehne. L\u00e4nge: 192 cm, Breite, 70 cm<br \/>\n. Schaumstoff 5 cm f\u00fcr 30 kg\/m\u00b3 oder auf Anfrage, Schaumstoff 3 oder 8 cm bis zu 60 kg\/m\u00b3<br \/>\n. Radsystem mit Bremsen.<br \/>\nIn Bezug auf Standards und Sicherheit entspricht der Motor den europ\u00e4ischen<br \/>\nSicherheitsstandards des CE-Produkts. Hergestellt in Europa<\/p>\n<h2>Eigenschaften der Spradling-Beschichtung.<\/h2>\n<p>Die Beschichtung mit einer Zertifizierung nach medizinischen Standards.<br \/>\nEs ist antimikrobiell, antibakteriell und antimykotisch. Es ist abriebfest, h\u00e4lt dem Kontakt mit dem menschlichen K\u00f6rper, Speichel, Schwei\u00df, Urin und Blut stand.<br \/>\nDiese wasser- und feuerfeste Beschichtung wird f\u00fcr alle Anwendungen im medizinischen Umfeld empfohlen und anerkannt. <\/p>\n<h2>Auswahl an Beschichtungsfarben.<\/h2>\n<p>&nbsp;<\/p>\n","protected":false},"excerpt":{"rendered":"<p>Medizinisches Pflegebett f\u00fcr medizinische Zentren Modell CTH-0120-RBAR. Hebbarer R\u00fcckenlehnentyp. Kontrolliert den hydraulischen Motor der F\u00fcsse von 59 cm bis 109 cm Einziehbare Sicherheitstore St\u00e4nder und Sauerstoffhalter, enthalten Schiebergriffe Art der Struktur Scherenrahmen mit vertikaler Befestigung ohne seitliche Bewegung Tr\u00e4gergewicht 180 kg Material Mechanisch geschwei\u00dfter Stahlrahmen. Lackierung: Epoxidpulverlack, im Ofen bei 210\u00baC gebacken. Wei\u00dfe Lackierung .&hellip;<\/p>\n","protected":false},"featured_media":11489,"template":"","meta":{"_seopress_robots_primary_cat":"none","_seopress_titles_title":"Hydraulisches medizinisches Pflegebett - Swissmassage","_seopress_titles_desc":"Pflegebett Modell CTH-0120-RBAR: hebbare R\u00fcckenlehne, Fu\u00dfschalter, versenkbare Sicherheitsgitter, inklusive St\u00e4nder und Sauerstoffhalter.","_seopress_robots_index":""},"pwb-brand":[],"product_brand":[],"product_cat":[1331,1375],"product_tag":[1411,1496],"product_folder":[1009],"class_list":{"0":"post-15069","1":"product","2":"type-product","3":"status-publish","4":"has-post-thumbnail","6":"product_cat-alle-physio-medizinischen-artikel","7":"product_cat-medizinisches-bett","8":"product_tag-medizinisch","9":"product_tag-medizinisches-bett","11":"first","12":"instock","13":"taxable","14":"shipping-taxable","15":"purchasable","16":"product-type-simple"},"exclude_global_add_ons":false,"addons":[{"name":"Wahl der Breite","type":"multiple_choice","position":0,"required":true,"title_format":"label","description_enable":false,"description":null,"placeholder_enable":false,"placeholder":null,"display":"radiobutton","restrictions_type":"any_text","adjust_price":false,"price":"","price_type":"flat_fee","restrictions":false,"min":0,"max":0,"options":[{"label":"62 cm","price":"","price_type":"flat_fee","image":0},{"label":"70 cm","price":"140","price_type":"flat_fee","image":0}],"id":1704301956},{"name":"Wahl der Schaumart","type":"multiple_choice","position":1,"required":true,"title_format":"label","description_enable":false,"description":null,"placeholder_enable":false,"placeholder":null,"display":"images","restrictions_type":"any_text","adjust_price":false,"price":"","price_type":"flat_fee","restrictions":false,"min":0,"max":0,"options":[{"label":"Standard 5 cm 30Kg\/m\u00b3","price":"","price_type":"flat_fee","image":8387},{"label":"Soft Memory 8 cm d.h. 4 cm 30Kg\/m\u00b3 + 4 cm Memory","price":"220","price_type":"flat_fee","image":8385},{"label":"Medium Memory 7 cm d.h. 5 cm 30Kg\/m\u00b3 + 2 cm Memory","price":"220","price_type":"flat_fee","image":8388},{"label":"Starker Osteo 3 cm 60Kg\/m\u00b3","price":"220","price_type":"flat_fee","image":8386}],"id":1704301957},{"name":"Wahl der Farbe der Verkleidung","type":"multiple_choice","position":2,"required":true,"title_format":"label","description_enable":false,"description":null,"placeholder_enable":false,"placeholder":null,"display":"images","restrictions_type":"any_text","adjust_price":false,"price":"","price_type":"flat_fee","restrictions":false,"min":0,"max":0,"options":[{"label":"Wei\u00df","price":"","price_type":"flat_fee","image":8361},{"label":"Perle","price":"","price_type":"flat_fee","image":8357},{"label":"Aschgrau","price":"","price_type":"flat_fee","image":8351},{"label":"Birke","price":"","price_type":"flat_fee","image":8353},{"label":"Kirsche","price":"","price_type":"flat_fee","image":8355},{"label":"Rose","price":"","price_type":"flat_fee","image":8358},{"label":"Schiefergrau","price":"","price_type":"flat_fee","image":8359},{"label":"Schwarz","price":"","price_type":"flat_fee","image":8354},{"label":"Stein-blau","price":"","price_type":"flat_fee","image":8360},{"label":"Tiefsee","price":"","price_type":"flat_fee","image":8356},{"label":"Atoll","price":"","price_type":"flat_fee","image":8352},{"label":"Weise","price":"","price_type":"flat_fee","image":8350},{"label":"Cappuccino","price":"","price_type":"flat_fee","image":8370},{"label":"Kastanie","price":"","price_type":"flat_fee","image":8369},{"label":"Kaschmir","price":"","price_type":"flat_fee","image":8368},{"label":"Johannisbrot","price":"","price_type":"flat_fee","image":8367},{"label":"Mocca","price":"","price_type":"flat_fee","image":8366},{"label":"Anthrazit","price":"","price_type":"flat_fee","image":8365},{"label":"Olive","price":"","price_type":"flat_fee","image":8364},{"label":"Datei","price":"","price_type":"flat_fee","image":8363},{"label":"Mais","price":"","price_type":"flat_fee","image":8374},{"label":"Sonne","price":"","price_type":"flat_fee","image":8373},{"label":"Orange","price":"","price_type":"flat_fee","image":8372},{"label":"Feuer","price":"","price_type":"flat_fee","image":8371}],"id":1704301958}],"brands":[],"_links":{"self":[{"href":"https:\/\/swissmassage.weprocess.dev\/de\/wp-json\/wp\/v2\/product\/15069","targetHints":{"allow":["GET"]}}],"collection":[{"href":"https:\/\/swissmassage.weprocess.dev\/de\/wp-json\/wp\/v2\/product"}],"about":[{"href":"https:\/\/swissmassage.weprocess.dev\/de\/wp-json\/wp\/v2\/types\/product"}],"wp:featuredmedia":[{"embeddable":true,"href":"https:\/\/swissmassage.weprocess.dev\/de\/wp-json\/wp\/v2\/media\/11489"}],"wp:attachment":[{"href":"https:\/\/swissmassage.weprocess.dev\/de\/wp-json\/wp\/v2\/media?parent=15069"}],"wp:term":[{"taxonomy":"pwb-brand","embeddable":true,"href":"https:\/\/swissmassage.weprocess.dev\/de\/wp-json\/wp\/v2\/pwb-brand?post=15069"},{"taxonomy":"product_brand","embeddable":true,"href":"https:\/\/swissmassage.weprocess.dev\/de\/wp-json\/wp\/v2\/product_brand?post=15069"},{"taxonomy":"product_cat","embeddable":true,"href":"https:\/\/swissmassage.weprocess.dev\/de\/wp-json\/wp\/v2\/product_cat?post=15069"},{"taxonomy":"product_tag","embeddable":true,"href":"https:\/\/swissmassage.weprocess.dev\/de\/wp-json\/wp\/v2\/product_tag?post=15069"},{"taxonomy":"product_folder","embeddable":true,"href":"https:\/\/swissmassage.weprocess.dev\/de\/wp-json\/wp\/v2\/product_folder?post=15069"}],"curies":[{"name":"wp","href":"https:\/\/api.w.org\/{rel}","templated":true}]}}