{"id":15067,"date":"2023-05-24T15:09:22","date_gmt":"2023-05-24T13:09:22","guid":{"rendered":"https:\/\/swissmassage.ch\/produit\/5-ebenen-osteopathie-liege-modell-ce-0157-abr\/"},"modified":"2023-05-24T15:09:22","modified_gmt":"2023-05-24T13:09:22","slug":"5-ebenen-osteopathie-liege-modell-ce-0157-abr","status":"publish","type":"product","link":"https:\/\/swissmassage.weprocess.dev\/de\/produits\/5-ebenen-osteopathie-liege-modell-ce-0157-abr\/","title":{"rendered":"5-Ebenen-Osteopathieliege Modell CE-0157-ABR"},"content":{"rendered":"<h2>5-Ebenen-Osteopathie-Liege Modell CE-017-ABR.<\/h2>\n<p>  Kopfst\u00fctze Typ Kopfst\u00fctze mit Loch und Gesichtskappe R\u00fcckenlehne Typ Pro\/negative Liegeposition Beine Verstellbare Fu\u00dfst\u00fctze (dritte Ebene) R\u00fcckenlehne Armlehnen in H\u00f6he und Breite verstellbar Handsteuerung 1 Motorh\u00f6he 50 bis 100 cm Art der Struktur Rahmen Schere St\u00fctzgewicht 180 kg Materialien, mechanisch geschwei\u00dfter Stahlrahmen.<br \/>\nFinish: Epoxidpulverfarbe im Ofen bei 210\u00baC eingebrannt Graue Farbe Vertikal montiert ohne seitliche Bewegung L\u00e4nge 198 cm Breite 56 cm Schaumstoff 3 kg \/ m\u00b3 oder auf Anfrage 5 cm f\u00fcr 30 kg \/ m\u00b3 oder 8 cm bis 60 kg \/ m\u00b3 Einziehbares Rollensystem Normen und Sicherheit, der Motor entspricht den europ\u00e4ischen Sicherheitsnormen CE-Produkt.<br \/>\nHergestellt in Europa    <\/p>\n<h2>Eigenschaften der Spradling-Beschichtung.<\/h2>\n<p>  Die Beschichtung, die medizinischen Standards entspricht, verf\u00fcgt \u00fcber ein sehr hohes Ma\u00df an Eigenschaften, die sie mit einer Zertifizierung nach medizinischen Standards positionieren.<br \/>\nEs ist antimikrobiell, antibakteriell und antimykotisch.<br \/>\nEs ist abriebfest, h\u00e4lt dem Kontakt mit dem menschlichen K\u00f6rper, Speichel, Schwei\u00df, Urin und Blut stand.<br \/>\nDiese wasser- und feuerfeste Beschichtung wird f\u00fcr alle Anwendungen im medizinischen Umfeld empfohlen und anerkannt.     <\/p>\n<h2>Auswahl an Beschichtungsfarben.<\/h2>\n<p><img loading=\"lazy\" decoding=\"async\" class=\"alignnone size-full wp-image-8278\" src=\"https:\/\/swissmassage.weprocess.dev\/wp-content\/uploads\/Palette-de-couleur-tables-physio-2.webp\" alt=\"\" width=\"1000\" height=\"600\" srcset=\"https:\/\/swissmassage.weprocess.dev\/wp-content\/uploads\/Palette-de-couleur-tables-physio-2.webp 1000w, https:\/\/swissmassage.weprocess.dev\/wp-content\/uploads\/Palette-de-couleur-tables-physio-2-600x360.webp 600w, https:\/\/swissmassage.weprocess.dev\/wp-content\/uploads\/Palette-de-couleur-tables-physio-2-300x180.webp 300w, https:\/\/swissmassage.weprocess.dev\/wp-content\/uploads\/Palette-de-couleur-tables-physio-2-768x461.webp 768w, https:\/\/swissmassage.weprocess.dev\/wp-content\/uploads\/Palette-de-couleur-tables-physio-2-20x12.webp 20w\" sizes=\"auto, (max-width: 1000px) 100vw, 1000px\" \/> <img loading=\"lazy\" decoding=\"async\" class=\"alignnone size-full wp-image-8279\" src=\"https:\/\/swissmassage.weprocess.dev\/wp-content\/uploads\/Palette-de-couleur-tables-physio-1.webp\" alt=\"\" width=\"1000\" height=\"600\" srcset=\"https:\/\/swissmassage.weprocess.dev\/wp-content\/uploads\/Palette-de-couleur-tables-physio-1.webp 1000w, https:\/\/swissmassage.weprocess.dev\/wp-content\/uploads\/Palette-de-couleur-tables-physio-1-600x360.webp 600w, https:\/\/swissmassage.weprocess.dev\/wp-content\/uploads\/Palette-de-couleur-tables-physio-1-300x180.webp 300w, https:\/\/swissmassage.weprocess.dev\/wp-content\/uploads\/Palette-de-couleur-tables-physio-1-768x461.webp 768w, https:\/\/swissmassage.weprocess.dev\/wp-content\/uploads\/Palette-de-couleur-tables-physio-1-20x12.webp 20w\" sizes=\"auto, (max-width: 1000px) 100vw, 1000px\" \/><\/p>\n","protected":false},"excerpt":{"rendered":"<p>5-Ebenen-Osteopathie-Liege Modell CE-017-ABR. Kopfst\u00fctze Typ Kopfst\u00fctze mit Loch und Gesichtskappe R\u00fcckenlehne Typ Pro\/negative Liegeposition Beine Verstellbare Fu\u00dfst\u00fctze (dritte Ebene) R\u00fcckenlehne Armlehnen in H\u00f6he und Breite verstellbar Handsteuerung 1 Motorh\u00f6he 50 bis 100 cm Art der Struktur Rahmen Schere St\u00fctzgewicht 180 kg Materialien, mechanisch geschwei\u00dfter Stahlrahmen. Finish: Epoxidpulverfarbe im Ofen bei 210\u00baC eingebrannt Graue Farbe Vertikal&hellip;<\/p>\n","protected":false},"featured_media":12449,"template":"","meta":{"_seopress_robots_primary_cat":"none","_seopress_titles_title":"5-teilige Osteopathieliege - Swissmassage","_seopress_titles_desc":"5-Ebenen-Osteopathie-Tabelle: Bietet optimale Unterst\u00fctzung mit pr\u00e4zisen Anpassungen f\u00fcr verschiedene Behandlungen und sorgt so f\u00fcr Komfort und Effizienz w\u00e4hrend der Sitzungen.","_seopress_robots_index":""},"pwb-brand":[],"product_brand":[],"product_cat":[1331,1377],"product_tag":[1494,1495],"product_folder":[1004],"class_list":{"0":"post-15067","1":"product","2":"type-product","3":"status-publish","4":"has-post-thumbnail","6":"product_cat-alle-physio-medizinischen-artikel","7":"product_cat-osteopathie-liegen","8":"product_tag-osteo-de","9":"product_tag-osteo-liege","11":"first","12":"instock","13":"taxable","14":"shipping-taxable","15":"purchasable","16":"product-type-simple"},"exclude_global_add_ons":false,"addons":[{"name":"Wahl der Schaumart","type":"multiple_choice","position":0,"required":true,"title_format":"label","description_enable":false,"description":null,"placeholder_enable":false,"placeholder":"","display":"images","restrictions_type":"any_text","adjust_price":false,"price":"","price_type":"flat_fee","restrictions":false,"min":0,"max":0,"options":[{"label":"Standard 5 cm 30Kg\/m\u00b3","price":"","price_type":"flat_fee","image":8387},{"label":"Starker Osteo 3 cm 60Kg\/m\u00b3","price":"220","price_type":"flat_fee","image":8386}],"id":1704302011},{"name":"Wahl der Farbe der Verkleidung","type":"multiple_choice","position":1,"required":true,"title_format":"label","description_enable":false,"description":null,"placeholder_enable":false,"placeholder":"","display":"images","restrictions_type":"any_text","adjust_price":false,"price":"","price_type":"flat_fee","restrictions":false,"min":0,"max":0,"options":[{"label":"Wei\u00df","price":"","price_type":"flat_fee","image":8361},{"label":"Perle","price":"","price_type":"flat_fee","image":8357},{"label":"Aschgrau","price":"","price_type":"flat_fee","image":8351},{"label":"Birke","price":"","price_type":"flat_fee","image":8353},{"label":"Kirsche","price":"","price_type":"flat_fee","image":8355},{"label":"Rose","price":"","price_type":"flat_fee","image":8358},{"label":"Schiefergrau","price":"","price_type":"flat_fee","image":8359},{"label":"Schwarz","price":"","price_type":"flat_fee","image":8354},{"label":"Stein-blau","price":"","price_type":"flat_fee","image":8360},{"label":"Tiefsee","price":"","price_type":"flat_fee","image":8356},{"label":"Atoll","price":"","price_type":"flat_fee","image":8352},{"label":"Weise","price":"","price_type":"flat_fee","image":8350},{"label":"Cappuccino","price":"","price_type":"flat_fee","image":8370},{"label":"Kastanie","price":"","price_type":"flat_fee","image":8369},{"label":"Kaschmir","price":"","price_type":"flat_fee","image":8368},{"label":"Johannisbrot","price":"","price_type":"flat_fee","image":8367},{"label":"Mocca","price":"","price_type":"flat_fee","image":8366},{"label":"Anthrazit","price":"","price_type":"flat_fee","image":8365},{"label":"Olive","price":"","price_type":"flat_fee","image":8364},{"label":"Datei","price":"","price_type":"flat_fee","image":8363},{"label":"Mais","price":"","price_type":"flat_fee","image":8374},{"label":"Sonne","price":"","price_type":"flat_fee","image":8373},{"label":"Orange","price":"","price_type":"flat_fee","image":8372},{"label":"Feuer","price":"","price_type":"flat_fee","image":8371}],"id":1704302012},{"name":"Option der Fernbedienung","type":"multiple_choice","position":2,"required":true,"title_format":"label","description_enable":false,"description":null,"placeholder_enable":false,"placeholder":"","display":"images","restrictions_type":"any_text","adjust_price":false,"price":"","price_type":"flat_fee","restrictions":false,"min":0,"max":0,"options":[{"label":"Handsteuerung inklusive","price":"","price_type":"flat_fee","image":8421},{"label":"Boden-Fu\u00dfsteuerung","price":"190","price_type":"flat_fee","image":8420}],"id":1704302013}],"brands":[],"_links":{"self":[{"href":"https:\/\/swissmassage.weprocess.dev\/de\/wp-json\/wp\/v2\/product\/15067","targetHints":{"allow":["GET"]}}],"collection":[{"href":"https:\/\/swissmassage.weprocess.dev\/de\/wp-json\/wp\/v2\/product"}],"about":[{"href":"https:\/\/swissmassage.weprocess.dev\/de\/wp-json\/wp\/v2\/types\/product"}],"wp:featuredmedia":[{"embeddable":true,"href":"https:\/\/swissmassage.weprocess.dev\/de\/wp-json\/wp\/v2\/media\/12449"}],"wp:attachment":[{"href":"https:\/\/swissmassage.weprocess.dev\/de\/wp-json\/wp\/v2\/media?parent=15067"}],"wp:term":[{"taxonomy":"pwb-brand","embeddable":true,"href":"https:\/\/swissmassage.weprocess.dev\/de\/wp-json\/wp\/v2\/pwb-brand?post=15067"},{"taxonomy":"product_brand","embeddable":true,"href":"https:\/\/swissmassage.weprocess.dev\/de\/wp-json\/wp\/v2\/product_brand?post=15067"},{"taxonomy":"product_cat","embeddable":true,"href":"https:\/\/swissmassage.weprocess.dev\/de\/wp-json\/wp\/v2\/product_cat?post=15067"},{"taxonomy":"product_tag","embeddable":true,"href":"https:\/\/swissmassage.weprocess.dev\/de\/wp-json\/wp\/v2\/product_tag?post=15067"},{"taxonomy":"product_folder","embeddable":true,"href":"https:\/\/swissmassage.weprocess.dev\/de\/wp-json\/wp\/v2\/product_folder?post=15067"}],"curies":[{"name":"wp","href":"https:\/\/api.w.org\/{rel}","templated":true}]}}