{"id":15059,"date":"2023-05-24T15:19:17","date_gmt":"2023-05-24T15:19:17","guid":{"rendered":"https:\/\/swissmassage.ch\/produit\/medizinischer-pflegestuhl-modell-se-1130-b-ext\/"},"modified":"2025-11-02T18:03:11","modified_gmt":"2025-11-02T17:03:11","slug":"medizinischer-pflegestuhl-modell-se-1130-b-ext","status":"publish","type":"product","link":"https:\/\/swissmassage.weprocess.dev\/de\/produits\/medizinischer-pflegestuhl-modell-se-1130-b-ext\/","title":{"rendered":"Stuhl f\u00fcr medizinische Pflege Modell SE-1130-B-EXT"},"content":{"rendered":"<h2>Elektrischer medizinischer Pflegestuhl Modell SE-1130-B-EXT<\/h2>\n<p>Elektrischer Rollstuhl zur Blutentnahme mit manueller H\u00f6henverstellung.<br \/>\nEinziehbare, um 360\u00ba drehbare und h\u00f6henverstellbare Armlehnen f\u00fcr die Blutentnahme und ergonomisches Nackenkissen im Lieferumfang enthalten.<br \/>\nTrendelenburg-Position kompensiert.<br \/>\nHandsteuerung 1 Motor<br \/>\nSitz- oder Liegepositionen<br \/>\nArt der Konstruktion Trapezrahmen<br \/>\nGest\u00fctztes Gewicht 180 kg<br \/>\nMaterialien, mechanisch geschwei\u00dfter Stahlrahmen. Finish: Epoxidpulverfarbe gebrannt bei 210\u00baC<br \/>\nFarbe Wei\u00df<br \/>\nArt des Motors Elektrisch<br \/>\nAnzahl der Motoren 1<br \/>\nMotorisierte Merkmale H\u00f6he von 53 cm bis 85 cm<br \/>\nMerkmale durch Gasfeder f\u00fcr die einziehbare und verstellbare<br \/>\nR\u00fcckenlehne Separate Merkmale f\u00fcr die beiden verstellbaren Beinkissen<br \/>\nL\u00e4nge 193 cm Breite zur Auswahl von 62 cm oder 70 cm<br \/>\nSchaumstoff 5 cm f\u00fcr 30 kg \/ m\u00b3 oder auf Anfrage,  3 oder 8 cm Schaumstoff bis 60 kg\/m\u00b3<br \/>\nNormen und Sicherheit, der Motor entspricht den europ\u00e4ischen<br \/>\nSicherheitsnormen CE-Produkt. Hergestellt in Europa<br \/>\nDie Beschichtung nach medizinischen Standards hat ein sehr hohes Ma\u00df an Eigenschaften, das sie mit einer Zertifizierung nach medizinischen Standards positioniert.<br \/>\nEs ist antimikrobiell, antibakteriell und antimykotisch. Es ist abriebfest, h\u00e4lt dem Kontakt mit dem menschlichen K\u00f6rper, Speichel, Schwei\u00df, Urin und Blut stand.<br \/>\nDiese wasser- und feuerfeste Beschichtung wird f\u00fcr alle Anwendungen im medizinischen Umfeld empfohlen und anerkannt.<\/p>\n<h2>Wahl der Beschichtungsfarbe.<\/h2>\n<p><img loading=\"lazy\" decoding=\"async\" class=\"alignnone size-full wp-image-8278\" src=\"https:\/\/swissmassage.weprocess.dev\/wp-content\/uploads\/Palette-de-couleur-tables-physio-2.webp\" alt=\"\" width=\"1000\" height=\"600\" srcset=\"https:\/\/swissmassage.weprocess.dev\/wp-content\/uploads\/Palette-de-couleur-tables-physio-2.webp 1000w, https:\/\/swissmassage.weprocess.dev\/wp-content\/uploads\/Palette-de-couleur-tables-physio-2-600x360.webp 600w, https:\/\/swissmassage.weprocess.dev\/wp-content\/uploads\/Palette-de-couleur-tables-physio-2-300x180.webp 300w, https:\/\/swissmassage.weprocess.dev\/wp-content\/uploads\/Palette-de-couleur-tables-physio-2-768x461.webp 768w, https:\/\/swissmassage.weprocess.dev\/wp-content\/uploads\/Palette-de-couleur-tables-physio-2-20x12.webp 20w\" sizes=\"auto, (max-width: 1000px) 100vw, 1000px\" \/> <img loading=\"lazy\" decoding=\"async\" class=\"alignnone size-full wp-image-8279\" src=\"https:\/\/swissmassage.weprocess.dev\/wp-content\/uploads\/Palette-de-couleur-tables-physio-1.webp\" alt=\"\" width=\"1000\" height=\"600\" srcset=\"https:\/\/swissmassage.weprocess.dev\/wp-content\/uploads\/Palette-de-couleur-tables-physio-1.webp 1000w, https:\/\/swissmassage.weprocess.dev\/wp-content\/uploads\/Palette-de-couleur-tables-physio-1-600x360.webp 600w, https:\/\/swissmassage.weprocess.dev\/wp-content\/uploads\/Palette-de-couleur-tables-physio-1-300x180.webp 300w, https:\/\/swissmassage.weprocess.dev\/wp-content\/uploads\/Palette-de-couleur-tables-physio-1-768x461.webp 768w, https:\/\/swissmassage.weprocess.dev\/wp-content\/uploads\/Palette-de-couleur-tables-physio-1-20x12.webp 20w\" sizes=\"auto, (max-width: 1000px) 100vw, 1000px\" \/><\/p>\n","protected":false},"excerpt":{"rendered":"<p>Elektrischer medizinischer Pflegestuhl Modell SE-1130-B-EXT Elektrischer Rollstuhl zur Blutentnahme mit manueller H\u00f6henverstellung. Einziehbare, um 360\u00ba drehbare und h\u00f6henverstellbare Armlehnen f\u00fcr die Blutentnahme und ergonomisches Nackenkissen im Lieferumfang enthalten. Trendelenburg-Position kompensiert. Handsteuerung 1 Motor Sitz- oder Liegepositionen Art der Konstruktion Trapezrahmen Gest\u00fctztes Gewicht 180 kg Materialien, mechanisch geschwei\u00dfter Stahlrahmen. Finish: Epoxidpulverfarbe gebrannt bei 210\u00baC Farbe Wei\u00df&hellip;<\/p>\n","protected":false},"featured_media":21187,"template":"","meta":{"_seopress_robots_primary_cat":"none","_seopress_titles_title":"Elektrischer Liegestuhl f\u00fcr medizinische Pflege - Swissmassage","_seopress_titles_desc":"Elektrischer Rollstuhl zur Blutentnahme mit manueller H\u00f6henverstellung. Einziehbare, um 360\u00ba drehbare Armlehnen f\u00fcr die Blutentnahme. ","_seopress_robots_index":""},"pwb-brand":[],"product_brand":[],"product_cat":[1331,1374],"product_tag":[1490,1455],"product_folder":[1008],"class_list":{"0":"post-15059","1":"product","2":"type-product","3":"status-publish","4":"has-post-thumbnail","6":"product_cat-alle-physio-medizinischen-artikel","7":"product_cat-blutentnahmestuhl","8":"product_tag-bluttest-stuhl","9":"product_tag-lehnstuhl","11":"first","12":"instock","13":"taxable","14":"shipping-taxable","15":"purchasable","16":"product-type-simple"},"exclude_global_add_ons":false,"addons":[{"name":"Wahl der Schaumart","type":"multiple_choice","position":0,"required":true,"title_format":"label","description_enable":false,"description":null,"placeholder_enable":false,"placeholder":null,"display":"images","restrictions_type":"any_text","adjust_price":false,"price":"","price_type":"flat_fee","restrictions":false,"min":0,"max":0,"options":[{"label":"Standard 5 cm 30Kg\/m\u00b3","price":"","price_type":"flat_fee","image":8387},{"label":"Soft Memory 8 cm d.h. 4 cm 30Kg\/m\u00b3 + 4 cm Memory","price":"220","price_type":"flat_fee","image":8385},{"label":"Medium Memory 7 cm d.h. 5 cm 30Kg\/m\u00b3 + 2 cm Memory","price":"220","price_type":"flat_fee","image":8388},{"label":"Starker Osteo 3 cm 60Kg\/m\u00b3","price":"220","price_type":"flat_fee","image":8386}],"id":1704301226},{"name":"Wahl der Farbe der Verkleidung","type":"multiple_choice","position":1,"required":true,"title_format":"label","description_enable":false,"description":null,"placeholder_enable":false,"placeholder":null,"display":"images","restrictions_type":"any_text","adjust_price":false,"price":"","price_type":"flat_fee","restrictions":false,"min":0,"max":0,"options":[{"label":"Wei\u00df","price":"","price_type":"flat_fee","image":8361},{"label":"Perle","price":"","price_type":"flat_fee","image":8357},{"label":"Aschgrau","price":"","price_type":"flat_fee","image":8351},{"label":"Birke","price":"","price_type":"flat_fee","image":8353},{"label":"Kirsche","price":"","price_type":"flat_fee","image":8355},{"label":"Rose","price":"","price_type":"flat_fee","image":8358},{"label":"Schiefergrau","price":"","price_type":"flat_fee","image":8359},{"label":"Schwarz","price":"","price_type":"flat_fee","image":8354},{"label":"Stein-blau","price":"","price_type":"flat_fee","image":8360},{"label":"Tiefsee","price":"","price_type":"flat_fee","image":8356},{"label":"Atoll","price":"","price_type":"flat_fee","image":8352},{"label":"Weise","price":"","price_type":"flat_fee","image":8350},{"label":"Cappuccino","price":"","price_type":"flat_fee","image":8370},{"label":"Kastanie","price":"","price_type":"flat_fee","image":8369},{"label":"Kaschmir","price":"","price_type":"flat_fee","image":8368},{"label":"Johannisbrot","price":"","price_type":"flat_fee","image":8367},{"label":"Mocca","price":"","price_type":"flat_fee","image":8366},{"label":"Anthrazit","price":"","price_type":"flat_fee","image":8365},{"label":"Olive","price":"","price_type":"flat_fee","image":8364},{"label":"Datei","price":"","price_type":"flat_fee","image":8363},{"label":"Mais","price":"","price_type":"flat_fee","image":8374},{"label":"Sonne","price":"","price_type":"flat_fee","image":8373},{"label":"Orange","price":"","price_type":"flat_fee","image":8372},{"label":"Feuer","price":"","price_type":"flat_fee","image":8371}],"id":1704301227},{"name":"Option der Fernbedienung","type":"multiple_choice","position":2,"required":true,"title_format":"label","description_enable":false,"description":null,"placeholder_enable":false,"placeholder":null,"display":"images","restrictions_type":"any_text","adjust_price":false,"price":"","price_type":"flat_fee","restrictions":false,"min":0,"max":0,"options":[{"label":"Handsteuerung inklusive","price":"","price_type":"flat_fee","image":8421},{"label":"Boden-Fu\u00dfsteuerung","price":"190","price_type":"flat_fee","image":8420},{"label":"Periphere Fu\u00dfsteuerung der Stange","price":"290","price_type":"flat_fee","image":8418}],"id":1704301228},{"name":"Option f\u00fcr Pr\u00fcfungspapierspender","type":"multiple_choice","position":3,"required":false,"title_format":"label","description_enable":false,"description":null,"placeholder_enable":false,"placeholder":null,"display":"images","restrictions_type":"any_text","adjust_price":false,"price":"","price_type":"flat_fee","restrictions":false,"min":0,"max":0,"options":[{"label":"Mit Untersuchungspapierspender","price":"80","price_type":"flat_fee","image":8384}],"id":1704301229}],"brands":[],"_links":{"self":[{"href":"https:\/\/swissmassage.weprocess.dev\/de\/wp-json\/wp\/v2\/product\/15059","targetHints":{"allow":["GET"]}}],"collection":[{"href":"https:\/\/swissmassage.weprocess.dev\/de\/wp-json\/wp\/v2\/product"}],"about":[{"href":"https:\/\/swissmassage.weprocess.dev\/de\/wp-json\/wp\/v2\/types\/product"}],"wp:featuredmedia":[{"embeddable":true,"href":"https:\/\/swissmassage.weprocess.dev\/de\/wp-json\/wp\/v2\/media\/21187"}],"wp:attachment":[{"href":"https:\/\/swissmassage.weprocess.dev\/de\/wp-json\/wp\/v2\/media?parent=15059"}],"wp:term":[{"taxonomy":"pwb-brand","embeddable":true,"href":"https:\/\/swissmassage.weprocess.dev\/de\/wp-json\/wp\/v2\/pwb-brand?post=15059"},{"taxonomy":"product_brand","embeddable":true,"href":"https:\/\/swissmassage.weprocess.dev\/de\/wp-json\/wp\/v2\/product_brand?post=15059"},{"taxonomy":"product_cat","embeddable":true,"href":"https:\/\/swissmassage.weprocess.dev\/de\/wp-json\/wp\/v2\/product_cat?post=15059"},{"taxonomy":"product_tag","embeddable":true,"href":"https:\/\/swissmassage.weprocess.dev\/de\/wp-json\/wp\/v2\/product_tag?post=15059"},{"taxonomy":"product_folder","embeddable":true,"href":"https:\/\/swissmassage.weprocess.dev\/de\/wp-json\/wp\/v2\/product_folder?post=15059"}],"curies":[{"name":"wp","href":"https:\/\/api.w.org\/{rel}","templated":true}]}}