{"id":15056,"date":"2023-05-24T15:23:21","date_gmt":"2023-05-24T15:23:21","guid":{"rendered":"https:\/\/swissmassage.ch\/produit\/anatomisches-modell-slash-gynakologie-tisch-ce-0330-rg\/"},"modified":"2025-11-20T20:49:25","modified_gmt":"2025-11-20T19:49:25","slug":"anatomisches-modell-slash-gynakologie-tisch-ce-0330-rg","status":"publish","type":"product","link":"https:\/\/swissmassage.weprocess.dev\/de\/produits\/anatomisches-modell-slash-gynakologie-tisch-ce-0330-rg\/","title":{"rendered":"Gyn\u00e4kologieliege Modell CE-0330-RG"},"content":{"rendered":"<h2>Gyn\u00e4kologieliege Modell CE-0330-RG:<\/h2>\n<p>Elektrischer Gyn\u00e4kologietisch mit 3 Motoren zur manuellen Einstellung von H\u00f6he, R\u00fcckenlehne und Pro-\/Dekliation-Position.<br \/>\nGeeignet f\u00fcr alle gyn\u00e4kologischen Techniken, gyn\u00e4kologischen Untersuchungen, chirurgischen Eingriffe, Geburten.<br \/>\nHandsteuerung: 3 Motoren<br \/>\n: Sitz- oder Liegeposition.<br \/>\nLiegende R\u00fcckenlehne.<br \/>\nMotorisierte anhebbare zentrale R\u00fcckenlehne.<br \/>\nEinziehbare Steigb\u00fcgel mit 20\u00ba Seiten\u00f6ffnung.<br \/>\nPTO-Seitengriffe.<br \/>\nTrendelenburg-Sonderpositionen.<br \/>\nTragendes Gewicht 180 kg<br \/>\nMaterial, mechanisch geschwei\u00dfter Stahlrahmen. Verarbeitung: Epoxidpulverlack, gebacken bei 210\u00baC<br \/>\nWei\u00dfe Farbe<br \/>\nTyp Motor Elektrische<br \/>\nAnzahl der Motoren 1<br \/>\nMotorausstattung H\u00f6he von 53 cm bis 85 cm<br \/>\nAusstattung durch Gasfeder f\u00fcr die einziehbare und verstellbare<br \/>\nR\u00fcckenlehne Separate Merkmale f\u00fcr die beiden Polster der Liegejamnes<br \/>\nL\u00e4nge 198 cm Breite 62 cm<br \/>\nSchaumstoff 5 cm f\u00fcr 30 kg \/ m\u00b3 oder auf Anfrage, 3 oder 8 cm Schaumstoff bis zu 60 kg \/ m\u00b3<br \/>\nKastensystem Einziehbar mit einem einzigen Pedal<br \/>\nTyp von Rollen Doppelrollen mit \u00d8 35 mm<br \/>\nNormen und Sicherheit, der Motor entspricht den europ\u00e4ischen<br \/>\nSicherheitsnormen des CE-Produkts. Hergestellt in Europa<\/p>\n<h2>Eigenschaften der Spradling-Beschichtung.<\/h2>\n<p>Die Beschichtung, die medizinischen Standards entspricht, verf\u00fcgt \u00fcber ein sehr hohes Ma\u00df an Eigenschaften, die sie mit einer Zertifizierung nach medizinischen Standards positionieren.<br \/>\nEs ist antimikrobiell, antibakteriell und antimykotisch. Es ist abriebfest, h\u00e4lt dem Kontakt mit dem menschlichen K\u00f6rper, Speichel, Schwei\u00df, Urin und Blut stand.<br \/>\nDiese wasser- und feuerfeste Beschichtung wird f\u00fcr alle Anwendungen im medizinischen Umfeld empfohlen und anerkannt. <\/p>\n<h2>Auswahl an Beschichtungsfarben.<\/h2>\n<p><img loading=\"lazy\" decoding=\"async\" class=\"alignnone size-full wp-image-8278\" src=\"https:\/\/swissmassage.weprocess.dev\/wp-content\/uploads\/Palette-de-couleur-tables-physio-2.webp\" alt=\"\" width=\"1000\" height=\"600\" srcset=\"https:\/\/swissmassage.weprocess.dev\/wp-content\/uploads\/Palette-de-couleur-tables-physio-2.webp 1000w, https:\/\/swissmassage.weprocess.dev\/wp-content\/uploads\/Palette-de-couleur-tables-physio-2-600x360.webp 600w, https:\/\/swissmassage.weprocess.dev\/wp-content\/uploads\/Palette-de-couleur-tables-physio-2-300x180.webp 300w, https:\/\/swissmassage.weprocess.dev\/wp-content\/uploads\/Palette-de-couleur-tables-physio-2-768x461.webp 768w, https:\/\/swissmassage.weprocess.dev\/wp-content\/uploads\/Palette-de-couleur-tables-physio-2-20x12.webp 20w\" sizes=\"auto, (max-width: 1000px) 100vw, 1000px\" \/> <img loading=\"lazy\" decoding=\"async\" class=\"alignnone size-full wp-image-8279\" src=\"https:\/\/swissmassage.weprocess.dev\/wp-content\/uploads\/Palette-de-couleur-tables-physio-1.webp\" alt=\"\" width=\"1000\" height=\"600\" srcset=\"https:\/\/swissmassage.weprocess.dev\/wp-content\/uploads\/Palette-de-couleur-tables-physio-1.webp 1000w, https:\/\/swissmassage.weprocess.dev\/wp-content\/uploads\/Palette-de-couleur-tables-physio-1-600x360.webp 600w, https:\/\/swissmassage.weprocess.dev\/wp-content\/uploads\/Palette-de-couleur-tables-physio-1-300x180.webp 300w, https:\/\/swissmassage.weprocess.dev\/wp-content\/uploads\/Palette-de-couleur-tables-physio-1-768x461.webp 768w, https:\/\/swissmassage.weprocess.dev\/wp-content\/uploads\/Palette-de-couleur-tables-physio-1-20x12.webp 20w\" sizes=\"auto, (max-width: 1000px) 100vw, 1000px\" \/><\/p>\n","protected":false},"excerpt":{"rendered":"<p>Gyn\u00e4kologieliege Modell CE-0330-RG: Elektrischer Gyn\u00e4kologietisch mit 3 Motoren zur manuellen Einstellung von H\u00f6he, R\u00fcckenlehne und Pro-\/Dekliation-Position. Geeignet f\u00fcr alle gyn\u00e4kologischen Techniken, gyn\u00e4kologischen Untersuchungen, chirurgischen Eingriffe, Geburten. Handsteuerung: 3 Motoren : Sitz- oder Liegeposition. Liegende R\u00fcckenlehne. Motorisierte anhebbare zentrale R\u00fcckenlehne. Einziehbare Steigb\u00fcgel mit 20\u00ba Seiten\u00f6ffnung. PTO-Seitengriffe. Trendelenburg-Sonderpositionen. Tragendes Gewicht 180 kg Material, mechanisch geschwei\u00dfter Stahlrahmen. Verarbeitung:&hellip;<\/p>\n","protected":false},"featured_media":22201,"template":"","meta":{"_seopress_robots_primary_cat":"none","_seopress_titles_title":"Elektrische Gyn\u00e4kologieliege mit 3 Motoren - Swissmassage","_seopress_titles_desc":"Geeignet f\u00fcr alle gyn\u00e4kologischen Techniken, gyn\u00e4kologischen Untersuchungen, chirurgischen Eingriffe, Geburten.","_seopress_robots_index":""},"pwb-brand":[],"product_brand":[],"product_cat":[1331,1379],"product_tag":[1484,1485,1483],"product_folder":[1007],"class_list":{"0":"post-15056","1":"product","2":"type-product","3":"status-publish","4":"has-post-thumbnail","6":"product_cat-alle-physio-medizinischen-artikel","7":"product_cat-gynaekologischer-untersuchungsliege","8":"product_tag-gynakium","9":"product_tag-gynakologieliege","10":"product_tag-gynakologischer-untersuchungsstuhl","12":"first","13":"instock","14":"taxable","15":"shipping-taxable","16":"purchasable","17":"product-type-simple"},"exclude_global_add_ons":false,"addons":[{"name":"Wahl der Breite","type":"multiple_choice","position":0,"required":true,"title_format":"label","description_enable":false,"description":null,"placeholder_enable":false,"placeholder":null,"display":"radiobutton","restrictions_type":"any_text","adjust_price":false,"price":"","price_type":"flat_fee","restrictions":false,"min":0,"max":0,"options":[{"label":"62 cm","price":"","price_type":"flat_fee","image":0},{"label":"70 cm","price":"250","price_type":"flat_fee","image":0}],"id":1704300343},{"name":"Wahl der Schaumart","type":"multiple_choice","position":1,"required":true,"title_format":"label","description_enable":false,"description":null,"placeholder_enable":false,"placeholder":null,"display":"images","restrictions_type":"any_text","adjust_price":false,"price":"","price_type":"flat_fee","restrictions":false,"min":0,"max":0,"options":[{"label":"Standard 5 cm 30Kg\/m\u00b3","price":"","price_type":"flat_fee","image":8387},{"label":"Soft Memory 8 cm d.h. 4 cm 30Kg\/m\u00b3 + 4 cm Memory","price":"220","price_type":"flat_fee","image":8385},{"label":"Medium Memory 7 cm d.h. 5 cm 30Kg\/m\u00b3 + 2 cm Memory","price":"220","price_type":"flat_fee","image":8388}],"id":1704300344},{"name":"Wahl der Farbe der Verkleidung","type":"multiple_choice","position":2,"required":true,"title_format":"label","description_enable":false,"description":null,"placeholder_enable":false,"placeholder":null,"display":"images","restrictions_type":"any_text","adjust_price":false,"price":"","price_type":"flat_fee","restrictions":false,"min":0,"max":0,"options":[{"label":"Wei\u00df","price":"","price_type":"flat_fee","image":8361},{"label":"Perle","price":"","price_type":"flat_fee","image":8357},{"label":"Aschgrau","price":"","price_type":"flat_fee","image":8351},{"label":"Birke","price":"","price_type":"flat_fee","image":8353},{"label":"Kirsche","price":"","price_type":"flat_fee","image":8355},{"label":"Rose","price":"","price_type":"flat_fee","image":8358},{"label":"Schiefergrau","price":"","price_type":"flat_fee","image":8359},{"label":"Schwarz","price":"","price_type":"flat_fee","image":8354},{"label":"Stein-blau","price":"","price_type":"flat_fee","image":8360},{"label":"Tiefsee","price":"","price_type":"flat_fee","image":8356},{"label":"Atoll","price":"","price_type":"flat_fee","image":8352},{"label":"Weise","price":"","price_type":"flat_fee","image":8350},{"label":"Cappuccino","price":"","price_type":"flat_fee","image":8370},{"label":"Kastanie","price":"","price_type":"flat_fee","image":8369},{"label":"Kaschmir","price":"","price_type":"flat_fee","image":8368},{"label":"Johannisbrot","price":"","price_type":"flat_fee","image":8367},{"label":"Mocca","price":"","price_type":"flat_fee","image":8366},{"label":"Anthrazit","price":"","price_type":"flat_fee","image":8365},{"label":"Olive","price":"","price_type":"flat_fee","image":8364},{"label":"Datei","price":"","price_type":"flat_fee","image":8363},{"label":"Mais","price":"","price_type":"flat_fee","image":8374},{"label":"Sonne","price":"","price_type":"flat_fee","image":8373},{"label":"Orange","price":"","price_type":"flat_fee","image":8372},{"label":"Feuer","price":"","price_type":"flat_fee","image":8371}],"id":1704300345},{"name":"Fernbedienungen","type":"multiple_choice","position":3,"required":true,"title_format":"label","description_enable":false,"description":null,"placeholder_enable":false,"placeholder":null,"display":"images","restrictions_type":"any_text","adjust_price":false,"price":"","price_type":"flat_fee","restrictions":false,"min":0,"max":0,"options":[{"label":"Handsteuerung","price":"","price_type":"flat_fee","image":8421},{"label":"Boden-Fu\u00dfsteuerung","price":"320","price_type":"flat_fee","image":8420}],"id":1704300346},{"name":"Option f\u00fcr den Schutzpapierabwickler","type":"multiple_choice","position":4,"required":false,"title_format":"label","description_enable":false,"description":null,"placeholder_enable":false,"placeholder":null,"display":"images","restrictions_type":"any_text","adjust_price":false,"price":"","price_type":"flat_fee","restrictions":false,"min":0,"max":0,"options":[{"label":"Mit Untersuchungspapierspender","price":"80","price_type":"flat_fee","image":8384}],"id":1704300347}],"brands":[],"_links":{"self":[{"href":"https:\/\/swissmassage.weprocess.dev\/de\/wp-json\/wp\/v2\/product\/15056","targetHints":{"allow":["GET"]}}],"collection":[{"href":"https:\/\/swissmassage.weprocess.dev\/de\/wp-json\/wp\/v2\/product"}],"about":[{"href":"https:\/\/swissmassage.weprocess.dev\/de\/wp-json\/wp\/v2\/types\/product"}],"wp:featuredmedia":[{"embeddable":true,"href":"https:\/\/swissmassage.weprocess.dev\/de\/wp-json\/wp\/v2\/media\/22201"}],"wp:attachment":[{"href":"https:\/\/swissmassage.weprocess.dev\/de\/wp-json\/wp\/v2\/media?parent=15056"}],"wp:term":[{"taxonomy":"pwb-brand","embeddable":true,"href":"https:\/\/swissmassage.weprocess.dev\/de\/wp-json\/wp\/v2\/pwb-brand?post=15056"},{"taxonomy":"product_brand","embeddable":true,"href":"https:\/\/swissmassage.weprocess.dev\/de\/wp-json\/wp\/v2\/product_brand?post=15056"},{"taxonomy":"product_cat","embeddable":true,"href":"https:\/\/swissmassage.weprocess.dev\/de\/wp-json\/wp\/v2\/product_cat?post=15056"},{"taxonomy":"product_tag","embeddable":true,"href":"https:\/\/swissmassage.weprocess.dev\/de\/wp-json\/wp\/v2\/product_tag?post=15056"},{"taxonomy":"product_folder","embeddable":true,"href":"https:\/\/swissmassage.weprocess.dev\/de\/wp-json\/wp\/v2\/product_folder?post=15056"}],"curies":[{"name":"wp","href":"https:\/\/api.w.org\/{rel}","templated":true}]}}