{"id":15054,"date":"2023-05-24T15:24:03","date_gmt":"2023-05-24T15:24:03","guid":{"rendered":"https:\/\/swissmassage.ch\/produit\/gynakologie-stuhl-modell-se-2230-brg\/"},"modified":"2025-11-20T16:44:40","modified_gmt":"2025-11-20T15:44:40","slug":"gynakologie-stuhl-modell-se-2230-brg","status":"publish","type":"product","link":"https:\/\/swissmassage.weprocess.dev\/de\/produits\/gynakologie-stuhl-modell-se-2230-brg\/","title":{"rendered":"Elektrischer Gyn\u00e4kologiestuhl Modell SE-2230-BRG"},"content":{"rendered":"<h2>Elektrischer Gyn\u00e4kologiestuhl Modell SE-2230-BRG:<\/h2>\n<p>Elektrischer Gyn\u00e4kologiestuhl mit 2 Motoren f\u00fcr H\u00f6hen- und H\u00f6henverstellung durch manuelle Steuerung.<br \/>\nGyn\u00e4kologische Leggings, abnehmbares Edelstahltablett.<br \/>\nEinziehbare Armlehnen f\u00fcr einfachen Seitenzugang.<br \/>\nErgonomisches Nackenpolster.<br \/>\nHandsteuerung von zwei Motoren.<br \/>\n90\u00ba einziehbare Armlehnen (Metall und gepolstert).<br \/>\nSitzen oder liegen.<br \/>\nMotorisierte, verstellbare R\u00fcckenlehne.<br \/>\nVerstellbare und drehbare gyn\u00e4kologische Leggings.<br \/>\nAnti-Trendelenburg-Sonderpositionen.<br \/>\nTragendes Gewicht 180 kg<br \/>\nMaterial, mechanisch geschwei\u00dfter Stahlrahmen. Verarbeitung: Epoxidpulverlack, bei 210\u00baC gebacken, Lackierung Wei\u00dfer<br \/>\nMotortyp Elektrische<br \/>\nAnzahl der Motoren 2<br \/>\nMotorisierte Merkmale H\u00f6he von 54 cm bis 85 cm<br \/>\nAusstattung Motorisierte, einziehbare<br \/>\nund verstellbare R\u00fcckenlehne.<\/p>\n<p>Separate Merkmale f\u00fcr die beiden Polster der Liegejamnes<br \/>\n: L\u00e4nge 180 cm, Breite 56 cm<br \/>\n. Schaumstoff: 5 cm f\u00fcr 30 kg\/m\u00b3 oder auf Anfrage Schaumstoff: 3 oder 8 cm bis zu 60 kg\/m\u00b3<br \/>\n. Rollsystem Einziehbar mit einem einzigen Pedal<br \/>\n. Typ von Scheiben. Doppelscheiben mit \u00d8 35 mm<br \/>\nNorm und Sicherheit, der Motor entspricht den europ\u00e4ischen<br \/>\nSicherheitsnormen CE. Hergestellt in Europa<\/p>\n<h2>Eigenschaften der Spradling-Beschichtung.<\/h2>\n<p>Die Beschichtung, die medizinischen Standards entspricht, verf\u00fcgt \u00fcber ein sehr hohes Ma\u00df an Eigenschaften, die sie mit einer Zertifizierung nach medizinischen Standards positionieren.<br \/>\nEs ist antimikrobiell, antibakteriell und antimykotisch. Es ist abriebfest, h\u00e4lt dem Kontakt mit dem menschlichen K\u00f6rper, Speichel, Schwei\u00df, Urin und Blut stand.<br \/>\nDiese wasser- und feuerfeste Beschichtung wird f\u00fcr alle Anwendungen im medizinischen Umfeld empfohlen und anerkannt. <\/p>\n<h2>Auswahl an Beschichtungsfarben.<\/h2>\n<p>&nbsp;<\/p>\n","protected":false},"excerpt":{"rendered":"<p>Elektrischer Gyn\u00e4kologiestuhl Modell SE-2230-BRG: Elektrischer Gyn\u00e4kologiestuhl mit 2 Motoren f\u00fcr H\u00f6hen- und H\u00f6henverstellung durch manuelle Steuerung. Gyn\u00e4kologische Leggings, abnehmbares Edelstahltablett. Einziehbare Armlehnen f\u00fcr einfachen Seitenzugang. Ergonomisches Nackenpolster. Handsteuerung von zwei Motoren. 90\u00ba einziehbare Armlehnen (Metall und gepolstert). Sitzen oder liegen. Motorisierte, verstellbare R\u00fcckenlehne. Verstellbare und drehbare gyn\u00e4kologische Leggings. Anti-Trendelenburg-Sonderpositionen. Tragendes Gewicht 180 kg Material, mechanisch&hellip;<\/p>\n","protected":false},"featured_media":22139,"template":"","meta":{"_seopress_robots_primary_cat":"none","_seopress_titles_title":"Elektrischer Gyn\u00e4kologiestuhl - Swissmassage","_seopress_titles_desc":"Elektrischer Gyn\u00e4kologiestuhl mit 2 Motoren f\u00fcr H\u00f6hen- und H\u00f6henverstellung durch manuelle Steuerung.","_seopress_robots_index":""},"pwb-brand":[],"product_brand":[],"product_cat":[1331,1379],"product_tag":[1484,1483,1455,1411],"product_folder":[1007],"class_list":{"0":"post-15054","1":"product","2":"type-product","3":"status-publish","4":"has-post-thumbnail","6":"product_cat-alle-physio-medizinischen-artikel","7":"product_cat-gynaekologischer-untersuchungsliege","8":"product_tag-gynakium","9":"product_tag-gynakologischer-untersuchungsstuhl","10":"product_tag-lehnstuhl","11":"product_tag-medizinisch","13":"first","14":"instock","15":"taxable","16":"shipping-taxable","17":"purchasable","18":"product-type-simple"},"exclude_global_add_ons":false,"addons":[{"name":"Wahl der Schaumart","type":"multiple_choice","position":0,"required":true,"title_format":"label","description_enable":false,"description":null,"placeholder_enable":false,"placeholder":null,"display":"images","restrictions_type":"any_text","adjust_price":false,"price":"","price_type":"flat_fee","restrictions":false,"min":0,"max":0,"options":[{"label":"Standard 5 cm 30Kg\/m\u00b3","price":"","price_type":"flat_fee","image":8387},{"label":"Soft Memory 8 cm d.h. 4 cm 30Kg\/m\u00b3 + 4 cm Memory","price":"220","price_type":"flat_fee","image":8385},{"label":"Medium Memory 7 cm d.h. 5 cm 30Kg\/m\u00b3 + 2 cm Memory","price":"220","price_type":"flat_fee","image":8388}],"id":1704300300},{"name":"Wahl der Farbe der Verkleidung","type":"multiple_choice","position":1,"required":true,"title_format":"label","description_enable":false,"description":null,"placeholder_enable":false,"placeholder":null,"display":"images","restrictions_type":"any_text","adjust_price":false,"price":"","price_type":"flat_fee","restrictions":false,"min":0,"max":0,"options":[{"label":"Wei\u00df","price":"","price_type":"flat_fee","image":8361},{"label":"Perle","price":"","price_type":"flat_fee","image":8357},{"label":"Aschgrau","price":"","price_type":"flat_fee","image":8351},{"label":"Birke","price":"","price_type":"flat_fee","image":8353},{"label":"Kirsche","price":"","price_type":"flat_fee","image":8355},{"label":"Rose","price":"","price_type":"flat_fee","image":8358},{"label":"Schiefergrau","price":"","price_type":"flat_fee","image":8359},{"label":"Schwarz","price":"","price_type":"flat_fee","image":8354},{"label":"Stein-blau","price":"","price_type":"flat_fee","image":8360},{"label":"Tiefsee","price":"","price_type":"flat_fee","image":8356},{"label":"Atoll","price":"","price_type":"flat_fee","image":8352},{"label":"Weise","price":"","price_type":"flat_fee","image":8350},{"label":"Cappuccino","price":"","price_type":"flat_fee","image":8370},{"label":"Kastanie","price":"","price_type":"flat_fee","image":8369},{"label":"Kaschmir","price":"","price_type":"flat_fee","image":8368},{"label":"Johannisbrot","price":"","price_type":"flat_fee","image":8367},{"label":"Mocca","price":"","price_type":"flat_fee","image":8366},{"label":"Anthrazit","price":"","price_type":"flat_fee","image":8365},{"label":"Olive","price":"","price_type":"flat_fee","image":8364},{"label":"Datei","price":"","price_type":"flat_fee","image":8363},{"label":"Mais","price":"","price_type":"flat_fee","image":8374},{"label":"Sonne","price":"","price_type":"flat_fee","image":8373},{"label":"Orange","price":"","price_type":"flat_fee","image":8372},{"label":"Feuer","price":"","price_type":"flat_fee","image":8371}],"id":1704300301},{"name":"Option f\u00fcr den Schutzpapierabwickler","type":"multiple_choice","position":2,"required":false,"title_format":"label","description_enable":false,"description":null,"placeholder_enable":false,"placeholder":null,"display":"images","restrictions_type":"any_text","adjust_price":false,"price":"","price_type":"flat_fee","restrictions":false,"min":0,"max":0,"options":[{"label":"Mit Untersuchungspapierspender","price":"80","price_type":"flat_fee","image":8384}],"id":1704300302},{"name":"Fernbedienungen","type":"multiple_choice","position":3,"required":true,"title_format":"label","description_enable":false,"description":null,"placeholder_enable":false,"placeholder":null,"display":"images","restrictions_type":"any_text","adjust_price":false,"price":"","price_type":"flat_fee","restrictions":false,"min":0,"max":0,"options":[{"label":"Handsteuerung","price":"","price_type":"flat_fee","image":8421},{"label":"Boden-Fu\u00dfsteuerung","price":"250","price_type":"flat_fee","image":8420}],"id":1704300303}],"brands":[],"_links":{"self":[{"href":"https:\/\/swissmassage.weprocess.dev\/de\/wp-json\/wp\/v2\/product\/15054","targetHints":{"allow":["GET"]}}],"collection":[{"href":"https:\/\/swissmassage.weprocess.dev\/de\/wp-json\/wp\/v2\/product"}],"about":[{"href":"https:\/\/swissmassage.weprocess.dev\/de\/wp-json\/wp\/v2\/types\/product"}],"wp:featuredmedia":[{"embeddable":true,"href":"https:\/\/swissmassage.weprocess.dev\/de\/wp-json\/wp\/v2\/media\/22139"}],"wp:attachment":[{"href":"https:\/\/swissmassage.weprocess.dev\/de\/wp-json\/wp\/v2\/media?parent=15054"}],"wp:term":[{"taxonomy":"pwb-brand","embeddable":true,"href":"https:\/\/swissmassage.weprocess.dev\/de\/wp-json\/wp\/v2\/pwb-brand?post=15054"},{"taxonomy":"product_brand","embeddable":true,"href":"https:\/\/swissmassage.weprocess.dev\/de\/wp-json\/wp\/v2\/product_brand?post=15054"},{"taxonomy":"product_cat","embeddable":true,"href":"https:\/\/swissmassage.weprocess.dev\/de\/wp-json\/wp\/v2\/product_cat?post=15054"},{"taxonomy":"product_tag","embeddable":true,"href":"https:\/\/swissmassage.weprocess.dev\/de\/wp-json\/wp\/v2\/product_tag?post=15054"},{"taxonomy":"product_folder","embeddable":true,"href":"https:\/\/swissmassage.weprocess.dev\/de\/wp-json\/wp\/v2\/product_folder?post=15054"}],"curies":[{"name":"wp","href":"https:\/\/api.w.org\/{rel}","templated":true}]}}