{"id":15038,"date":"2023-05-24T15:27:03","date_gmt":"2023-05-24T15:27:03","guid":{"rendered":"https:\/\/swissmassage.ch\/produit\/leichte-massageliege-modell-plume\/"},"modified":"2025-06-28T11:11:05","modified_gmt":"2025-06-28T09:11:05","slug":"leichte-massageliege-modell-plume","status":"publish","type":"product","link":"https:\/\/swissmassage.weprocess.dev\/de\/produits\/leichte-massageliege-modell-plume\/","title":{"rendered":"Leichte Massageliege Modell Plume"},"content":{"rendered":"<h2 class=\"rouge\">Leichte Massageliege Modell Plume 10,5 kg mit kostenloser Tragetasche.<\/h2>\n<p>  Beschreibung der tragbaren Massageliege Plume Model Wei\u00df: Die tragbare Massageliege Plume Model ist ein einzigartiges Modell, das entwickelt wurde, um die Erwartungen reisender Therapeuten zu erf\u00fcllen.<br \/>\nWir haben den Plume-Tisch aus den leichtesten Materialien wie Aluminium, ultraleichtem Schaumstoff und Verbundst\u00fctzgewebe hergestellt.<br \/>\nDies sind innovative Techniken, die dieses einzigartige Modell sehr leicht und sehr angenehm in der Anwendung machen, es passt sich allen Massage- oder Haushaltspflegetechniken an.<br \/>\nDie wei\u00dfe Polyurethan-Beschichtung ist geschmeidig und fest.<br \/>\nEs tr\u00e4gt zum Komfortgef\u00fchl bei, indem es die Eigenschaften des Schaums vollst\u00e4ndig wiederherstellt.<br \/>\nSeine Abmessungen wurden untersucht, um den Anforderungen der Therapeuten und der k\u00f6rperlichen Entwicklung der Patienten gerecht zu werden.<br \/>\nEr ist einfach zu handhaben und zu transportieren, da er nur 10,5 kg wiegt.<br \/>\n\u00d6ffnet oder schlie\u00dft sich m\u00fchelos in 10 Sekunden, dank seiner weichen Griffe in der Hebelarmtechnik.<br \/>\nSeine verstellbare Kopfst\u00fctze, bestehend aus dem ergonomischen Gesichtskissen und der Armlehne, entlastet das Gesicht, wenn der Patient beispielsweise eine R\u00fcckenmassage erh\u00e4lt.<br \/>\nEs kann auch als Kopfst\u00fctze und als 25 cm lange Verl\u00e4ngerung f\u00fcr gro\u00dfe Patienten verwendet werden.<br \/>\nSie wird direkt im Inneren der Massageliege reduziert.<br \/>\nDas Modell Plume kann einfach in der mitgelieferten Tragetasche verstaut werden, die mit Griffen und einem verstellbaren Schultergurt f\u00fcr einen einfachen Transport ausgestattet ist.<br \/>\nDie F\u00fc\u00dfe verstellen die H\u00f6he der Massageliege von 65 cm bis 86 cm, sie enden in vibr\u00e2me-Gummiunterseiten, die ein Verrutschen auch bei einer starken Massage verhindern.<br \/>\nDie Massageliege Plume ist das Ergebnis der Entwicklung und Erfahrung, die seit der Gr\u00fcndung der Firma Swissmassage im Jahr 2005 geerbt wurde, sie ist Teil der Ausr\u00fcstung, die sich weiterentwickelt und zu unserem hervorragenden Ruf beitr\u00e4gt.<br \/>\nEs zeichnet sich durch seine Abmessungen 72 cm breit, 185 cm lang + 25 cm f\u00fcr die verstellbare Kopfst\u00fctze aus, die den Bed\u00fcrfnissen von Wandertherapeuten entsprechen, die Sportler verfolgen oder zu ihnen nach Hause gehen.<br \/>\nEs ist auch sehr beliebt bei Therapeuten, die in B\u00fcros praktizieren.<br \/>\nDie Materialien, die f\u00fcr die Herstellung und das Design verwendet werden, entsprechen den High-End-Standards von tragbaren Massageliegen.<br \/>\nSwissmassage ist eine eingetragene Marke, die Ihnen die Garantie f\u00fcr Seriosit\u00e4t und Nachverfolgung w\u00e4hrend Ihrer gesamten T\u00e4tigkeit bietet.<br \/>\nUnsere Werkstatt verf\u00fcgt \u00fcber alle Ersatzteile.<br \/>\nIm Falle von Wartungs- oder Reparaturarbeiten stellen wir eine weitere Massageliege zur Verf\u00fcgung.                     <\/p>\n<h2>Technische Zusammenfassung Massageliege Modell Plume:<\/h2>\n<p><span style=\"font-size: 10pt;\">Extrem weiche und starke wei\u00dfe Polyurethan-Beschichtung.  <\/span>Super bequemer Schaumstoff.<br \/>\nLeichte Aluminiumstruktur.<br \/>\nAbmessungen 185 cm lang und 72 cm breit.<br \/>\nH\u00f6henverstellbar von 65 cm bis 85 cm.<br \/>\nGewicht der Plume-Massageliege 10,5 kg Sie tr\u00e4gt 200 kg an Wirkstoffen.     Einfach zu handhaben, in 10 Sekunden zu \u00f6ffnen und zu schlie\u00dfen. Tragegriffe im Koffermodus. Inklusive Tragetasche.<br \/>\nNeigbare Kopfst\u00fctze auf 2 Achsen, auf beiden Seiten der Massageliege nutzbar.<br \/>\nSehr weiches Gesichtspolster, das auf einem Velcro montiert ist, um eine pr\u00e4zise Einstellung zu erm\u00f6glichen.<br \/>\nLegt die Arme unter die Kopfst\u00fctze, entlastet das Gesicht.    Aufbewahrung von Zubeh\u00f6r in der Massageliege. Vibram-Gummif\u00fc\u00dfe, Garantie f\u00fcr Stabilit\u00e4t.<\/p>\n","protected":false},"excerpt":{"rendered":"<p>Leichte Massageliege Modell Plume 10,5 kg mit kostenloser Tragetasche. Beschreibung der tragbaren Massageliege Plume Model Wei\u00df: Die tragbare Massageliege Plume Model ist ein einzigartiges Modell, das entwickelt wurde, um die Erwartungen reisender Therapeuten zu erf\u00fcllen. Wir haben den Plume-Tisch aus den leichtesten Materialien wie Aluminium, ultraleichtem Schaumstoff und Verbundst\u00fctzgewebe hergestellt. Dies sind innovative Techniken, die&hellip;<\/p>\n","protected":false},"featured_media":12926,"template":"","meta":{"_seopress_robots_primary_cat":"none","_seopress_titles_title":"","_seopress_titles_desc":"Die tragbare Massageliege Plume ist ein einzigartiges Modell, das entwickelt wurde, um die Erwartungen reisender Therapeuten zu erf\u00fcllen.","_seopress_robots_index":""},"pwb-brand":[],"product_brand":[],"product_cat":[1330,1367],"product_tag":[1479,1435,1443,1478],"product_folder":[993],"class_list":{"0":"post-15038","1":"product","2":"type-product","3":"status-publish","4":"has-post-thumbnail","6":"product_cat-alle-massageliegen-massage-ausstattungen","7":"product_cat-klappbare-massageliegen","8":"product_tag-klappbare-massageliege","9":"product_tag-massage-de","10":"product_tag-massageliege","11":"product_tag-tragbare-massageliege","12":"product_shipping_class-sperrige-swisspost","14":"first","15":"instock","16":"sale","17":"taxable","18":"shipping-taxable","19":"purchasable","20":"product-type-simple"},"exclude_global_add_ons":[],"addons":[],"brands":[],"_links":{"self":[{"href":"https:\/\/swissmassage.weprocess.dev\/de\/wp-json\/wp\/v2\/product\/15038","targetHints":{"allow":["GET"]}}],"collection":[{"href":"https:\/\/swissmassage.weprocess.dev\/de\/wp-json\/wp\/v2\/product"}],"about":[{"href":"https:\/\/swissmassage.weprocess.dev\/de\/wp-json\/wp\/v2\/types\/product"}],"wp:featuredmedia":[{"embeddable":true,"href":"https:\/\/swissmassage.weprocess.dev\/de\/wp-json\/wp\/v2\/media\/12926"}],"wp:attachment":[{"href":"https:\/\/swissmassage.weprocess.dev\/de\/wp-json\/wp\/v2\/media?parent=15038"}],"wp:term":[{"taxonomy":"pwb-brand","embeddable":true,"href":"https:\/\/swissmassage.weprocess.dev\/de\/wp-json\/wp\/v2\/pwb-brand?post=15038"},{"taxonomy":"product_brand","embeddable":true,"href":"https:\/\/swissmassage.weprocess.dev\/de\/wp-json\/wp\/v2\/product_brand?post=15038"},{"taxonomy":"product_cat","embeddable":true,"href":"https:\/\/swissmassage.weprocess.dev\/de\/wp-json\/wp\/v2\/product_cat?post=15038"},{"taxonomy":"product_tag","embeddable":true,"href":"https:\/\/swissmassage.weprocess.dev\/de\/wp-json\/wp\/v2\/product_tag?post=15038"},{"taxonomy":"product_folder","embeddable":true,"href":"https:\/\/swissmassage.weprocess.dev\/de\/wp-json\/wp\/v2\/product_folder?post=15038"}],"curies":[{"name":"wp","href":"https:\/\/api.w.org\/{rel}","templated":true}]}}