{"id":15031,"date":"2023-05-24T15:26:47","date_gmt":"2023-05-24T13:26:47","guid":{"rendered":"https:\/\/swissmassage.ch\/produit\/cuirnet-cleaner-pflege-und-reinigung-1-liter\/"},"modified":"2026-03-07T14:30:18","modified_gmt":"2026-03-07T13:30:18","slug":"cuirnet-cleaner-pflege-und-reinigung-1-liter","status":"publish","type":"product","link":"https:\/\/swissmassage.weprocess.dev\/de\/produits\/cuirnet-cleaner-pflege-und-reinigung-1-liter\/","title":{"rendered":"Cuirnet Reiniger Wartung &amp; Reinigung 1 Liter"},"content":{"rendered":"<h2>CUIRNET Cleaner \u2013 PFLEGE &amp; REINIGUNG 1 Liter Flasche.<\/h2>\n<p><span style=\"font-size: 10pt;\">Cuirnet Cleaner ist eine klare, geruchlose Fl\u00fcssigkeit und ein konzentriertes Reinigungsmittel f\u00fcr medizinische M\u00f6bel mit einer plastifizierten Deckschicht.<\/span><span style=\"font-size: 10pt;\">Es kann pur oder mit Wasser verd\u00fcnnt verwendet werden, es ist f\u00fcr die regelm\u00e4\u00dfige Wartung geeignet.<\/span><span style=\"font-size: 10pt;\">Bei sachgem\u00e4\u00dfer Anwendung hinterl\u00e4sst das Produkt keine Spuren oder R\u00fcckst\u00e4nde.<\/span><span style=\"font-size: 10pt;\">Umweltfreundliche Zusammensetzung: Enth\u00e4lt kein Ammoniak oder<\/span><span style=\"font-size: 10pt;\">Phosphat<\/span>.  <\/p>\n<h2>ANWENDUNG<\/h2>\n<p><span style=\"font-size: 10pt;\">F\u00fcr die normale Reinigung:<\/span><br \/>\n<span style=\"font-size: 10pt;\">10 % CUIRNET Cleaner in warmem Wasser verd\u00fcnnen.<br \/>\nTragen Sie das verd\u00fcnnte Produkt auf <\/span><br \/>\n<span style=\"font-size: 10pt;\">mit einem Schwamm auf die weiche Unterlage auftragen.<br \/>\nMit einem gut saugenden Tuch trocknen.<br \/>\nEr  <\/span><br \/>\n<span style=\"font-size: 10pt;\">Es ist auch m\u00f6glich, den CUIRNET Reiniger durch direktes Spr\u00fchen auf die<\/span><span style=\"font-size: 10pt;\">zu reinigende Oberfl\u00e4che<\/span> aufzutragen.<span style=\"font-size: 10pt;\">Zur Reinigung stark verschmutzter Oberfl\u00e4chen:<\/span> <span style=\"font-size: 10pt;\">Tragen Sie den unverd\u00fcnnten CUIRNET Reiniger auf ein Tuch oder einen Schwamm auf und reinigen Sie die<\/span><br \/>\n<span style=\"font-size: 10pt;\">gew\u00fcnschten Bereich.<br \/>\nUm Spuren oder R\u00fcckst\u00e4nde zu vermeiden, empfiehlt es sich, gut mit <\/span><br \/>\n<span style=\"font-size: 10pt;\">einen Schwamm oder ein sehr saugf\u00e4higes Tuch, das gut ausgewrungen wird.<br \/>\nSp\u00fclen Sie den Schwamm oder das Tuch ab <\/span><br \/>\n<span style=\"font-size: 10pt;\">mit klarem Wasser.<\/span><\/p>\n<h2>ERHALTUNG<\/h2>\n<p><span style=\"font-size: 10pt;\">Vor Frost gesch\u00fctzt lagern.<\/span><span style=\"font-size: 10pt;\">Wenn das Produkt gefriert, lassen Sie es auftauen, bis es wieder eine<\/span><span style=\"font-size: 10pt;\">homogene Konsistenz hat.<\/span><\/p>\n","protected":false},"excerpt":{"rendered":"<p>CUIRNET Cleaner \u2013 PFLEGE &amp; REINIGUNG 1 Liter Flasche. Cuirnet Cleaner ist eine klare, geruchlose Fl\u00fcssigkeit und ein konzentriertes Reinigungsmittel f\u00fcr medizinische M\u00f6bel mit einer plastifizierten Deckschicht.Es kann pur oder mit Wasser verd\u00fcnnt verwendet werden, es ist f\u00fcr die regelm\u00e4\u00dfige Wartung geeignet.Bei sachgem\u00e4\u00dfer Anwendung hinterl\u00e4sst das Produkt keine Spuren oder R\u00fcckst\u00e4nde.Umweltfreundliche Zusammensetzung: Enth\u00e4lt kein Ammoniak&hellip;<\/p>\n","protected":false},"featured_media":13320,"template":"","meta":{"_seopress_robots_primary_cat":"none","_seopress_titles_title":"Cuirnet Reiniger Wartung & Reinigung 1 Liter","_seopress_titles_desc":"Cuirnet Cleaner ist eine klare, geruchlose Fl\u00fcssigkeit und ein konzentriertes Reinigungsmittel f\u00fcr medizinische M\u00f6bel mit einer plastifizierten Deckschicht.","_seopress_robots_index":""},"pwb-brand":[],"product_brand":[],"product_cat":[1345,1342],"product_tag":[1476,1475,1477],"product_folder":[1018],"class_list":{"0":"post-15031","1":"product","2":"type-product","3":"status-publish","4":"has-post-thumbnail","6":"product_cat-alles-massagezubehor","7":"product_cat-reinigung-und-desinfektion-massagezubehor","8":"product_tag-desinfektion","9":"product_tag-instandhaltung","10":"product_tag-reinigung","12":"first","13":"instock","14":"taxable","15":"shipping-taxable","16":"purchasable","17":"product-type-simple"},"exclude_global_add_ons":[],"addons":[],"brands":[],"_links":{"self":[{"href":"https:\/\/swissmassage.weprocess.dev\/de\/wp-json\/wp\/v2\/product\/15031","targetHints":{"allow":["GET"]}}],"collection":[{"href":"https:\/\/swissmassage.weprocess.dev\/de\/wp-json\/wp\/v2\/product"}],"about":[{"href":"https:\/\/swissmassage.weprocess.dev\/de\/wp-json\/wp\/v2\/types\/product"}],"wp:featuredmedia":[{"embeddable":true,"href":"https:\/\/swissmassage.weprocess.dev\/de\/wp-json\/wp\/v2\/media\/13320"}],"wp:attachment":[{"href":"https:\/\/swissmassage.weprocess.dev\/de\/wp-json\/wp\/v2\/media?parent=15031"}],"wp:term":[{"taxonomy":"pwb-brand","embeddable":true,"href":"https:\/\/swissmassage.weprocess.dev\/de\/wp-json\/wp\/v2\/pwb-brand?post=15031"},{"taxonomy":"product_brand","embeddable":true,"href":"https:\/\/swissmassage.weprocess.dev\/de\/wp-json\/wp\/v2\/product_brand?post=15031"},{"taxonomy":"product_cat","embeddable":true,"href":"https:\/\/swissmassage.weprocess.dev\/de\/wp-json\/wp\/v2\/product_cat?post=15031"},{"taxonomy":"product_tag","embeddable":true,"href":"https:\/\/swissmassage.weprocess.dev\/de\/wp-json\/wp\/v2\/product_tag?post=15031"},{"taxonomy":"product_folder","embeddable":true,"href":"https:\/\/swissmassage.weprocess.dev\/de\/wp-json\/wp\/v2\/product_folder?post=15031"}],"curies":[{"name":"wp","href":"https:\/\/api.w.org\/{rel}","templated":true}]}}