{"id":15026,"date":"2023-05-24T15:26:45","date_gmt":"2023-05-24T13:26:45","guid":{"rendered":"https:\/\/swissmassage.ch\/produit\/mechanische-kopfstutze-kippfunktion\/"},"modified":"2023-05-24T15:26:45","modified_gmt":"2023-05-24T13:26:45","slug":"mechanische-kopfstutze-kippfunktion","status":"publish","type":"product","link":"https:\/\/swissmassage.weprocess.dev\/de\/produits\/mechanische-kopfstutze-kippfunktion\/","title":{"rendered":"Mechanismus der kippbaren Kopfst\u00fctze"},"content":{"rendered":"<h2 style=\"text-align: left;\">Kippmechanismus der Kopfst\u00fctze f\u00fcr die Massageliege.<\/h2>\n<p><span style=\"font-size: 10pt;\">Kippbare Kopfst\u00fctze auf 2 Achsen.<br \/>\nGabelma\u00dfe: 18 cm von Rohr zu Rohr.<br \/>\nRohrdurchmesser: 1,8 cm.<br \/>\nL\u00f6cher auf Ihrem Tisch: 20,5 cm o.c.<br \/>\nDurchmesser der L\u00f6cher: 2 cm.      <\/span><\/p>\n","protected":false},"excerpt":{"rendered":"<p>Kippmechanismus der Kopfst\u00fctze f\u00fcr die Massageliege. Kippbare Kopfst\u00fctze auf 2 Achsen. Gabelma\u00dfe: 18 cm von Rohr zu Rohr. Rohrdurchmesser: 1,8 cm. L\u00f6cher auf Ihrem Tisch: 20,5 cm o.c. Durchmesser der L\u00f6cher: 2 cm.<\/p>\n","protected":false},"featured_media":12908,"template":"","meta":{"_seopress_robots_primary_cat":"none","_seopress_titles_title":"Kippbare Kopfst\u00fctze f\u00fcr Massageliege","_seopress_titles_desc":"Kippmechanismus der Kopfst\u00fctze f\u00fcr die Massageliege.\nKippbare Kopfst\u00fctze auf 2 Achsen. ","_seopress_robots_index":""},"pwb-brand":[],"product_brand":[],"product_cat":[1345,1336],"product_tag":[1473],"product_folder":[1030],"class_list":{"0":"post-15026","1":"product","2":"type-product","3":"status-publish","4":"has-post-thumbnail","6":"product_cat-alles-massagezubehor","7":"product_cat-zubehor-fur-massageliegen","8":"product_tag-sofaschoner","10":"first","11":"instock","12":"taxable","13":"shipping-taxable","14":"purchasable","15":"product-type-simple"},"exclude_global_add_ons":[],"addons":[],"brands":[],"_links":{"self":[{"href":"https:\/\/swissmassage.weprocess.dev\/de\/wp-json\/wp\/v2\/product\/15026","targetHints":{"allow":["GET"]}}],"collection":[{"href":"https:\/\/swissmassage.weprocess.dev\/de\/wp-json\/wp\/v2\/product"}],"about":[{"href":"https:\/\/swissmassage.weprocess.dev\/de\/wp-json\/wp\/v2\/types\/product"}],"wp:featuredmedia":[{"embeddable":true,"href":"https:\/\/swissmassage.weprocess.dev\/de\/wp-json\/wp\/v2\/media\/12908"}],"wp:attachment":[{"href":"https:\/\/swissmassage.weprocess.dev\/de\/wp-json\/wp\/v2\/media?parent=15026"}],"wp:term":[{"taxonomy":"pwb-brand","embeddable":true,"href":"https:\/\/swissmassage.weprocess.dev\/de\/wp-json\/wp\/v2\/pwb-brand?post=15026"},{"taxonomy":"product_brand","embeddable":true,"href":"https:\/\/swissmassage.weprocess.dev\/de\/wp-json\/wp\/v2\/product_brand?post=15026"},{"taxonomy":"product_cat","embeddable":true,"href":"https:\/\/swissmassage.weprocess.dev\/de\/wp-json\/wp\/v2\/product_cat?post=15026"},{"taxonomy":"product_tag","embeddable":true,"href":"https:\/\/swissmassage.weprocess.dev\/de\/wp-json\/wp\/v2\/product_tag?post=15026"},{"taxonomy":"product_folder","embeddable":true,"href":"https:\/\/swissmassage.weprocess.dev\/de\/wp-json\/wp\/v2\/product_folder?post=15026"}],"curies":[{"name":"wp","href":"https:\/\/api.w.org\/{rel}","templated":true}]}}