{"id":15025,"date":"2023-05-24T15:26:56","date_gmt":"2023-05-24T13:26:56","guid":{"rendered":"https:\/\/swissmassage.ch\/produit\/massage-heisse-steine-set-45-und-steinwarmer\/"},"modified":"2023-05-24T15:26:56","modified_gmt":"2023-05-24T13:26:56","slug":"massage-heisse-steine-set-45-und-steinwarmer","status":"publish","type":"product","link":"https:\/\/swissmassage.weprocess.dev\/de\/produits\/massage-heisse-steine-set-45-und-steinwarmer\/","title":{"rendered":"Hot Stone Massage Kit 45 und Steinheizung"},"content":{"rendered":"<h2>Set 45 Hot Stones f\u00fcr Hot-Stone-Massagen mit mittlerem 6-Liter-Ofen.<\/h2>\n<p><span style=\"font-size: 10pt;\">Set mit 45 Basaltsteinen.<br \/>\nDas Set enth\u00e4lt ovale und flache Steine in verschiedenen Gr\u00f6\u00dfen: 1 extragro\u00dfer (Solarplexus), 10 gro\u00dfer (R\u00fccken, Oberschenkel und Kreuzbein), 14 mittlerer (Arme, Waden und F\u00fc\u00dfe), 6 kleine (Stirn, Sch\u00e4del und hinterer Teil des Kopfes), 8 f\u00fcr die Zehen, 2 Mini-Steine (Druckpunkte R\u00fccken und Nacken), 2 f\u00fcr Gesichtskonturen und 2 kalte Steine aus wei\u00dfem Marmor. <\/span><\/p>\n<p><span style=\"font-size: 10pt;\">Hei\u00dfe Steine f\u00fcr die Massage Ref.<br \/>\nWKS014 Gr\u00f6\u00dfe: 35,5x20x7cm Gewicht: 5,7Kg <\/span><\/p>\n<p><span style=\"font-size: 10pt;\">Extra gro\u00dfe Steine: 1 (Solarplexus) Gro\u00dfe Steine: 10 (hintere Oberschenkel und Kreuzbein) Kleine Steine: 6 (Stirn, Ober- und Hinterkopf) Zehensteine: 8 Steine aus tiefem Gewebe: 2 Kontursteine: 2 (f\u00fcr die Augen) Marmorsteine: 2 (f\u00fcr die K\u00e4ltetherapie)<\/span><\/p>\n<p><span style=\"font-size: 10pt;\">PACKMASS cm 38x21x8 N.W. kg 5,7 G.W. kg 6<\/span><\/p>\n<h2>Mittlerer Steinofen.<\/h2>\n<p>  Hat<span dir=\"ltr\" role=\"presentation\">mit digitalem Bildschirm.<br \/>\nSie beh\u00e4lt eine <\/span><br role=\"presentation\"><span dir=\"ltr\" role=\"presentation\">konstante Temperatur zwischen 40\u00baC und 50\u00baC.<br \/>\nL\u00f6ffel <\/span><br role=\"presentation\"><span dir=\"ltr\" role=\"presentation\">Verstanden.<br \/>\nFassungsverm\u00f6gen: 6 Liter. <\/span><\/p>\n<p><g id=\"gid_0\"><g id=\"gid_1\">Eingangsspannung:<\/g> <g id=\"gid_2\">220~240V<\/g><br role=\"presentation\"><g id=\"gid_3\">Eingangsfrequenz:<\/g> <g id=\"gid_4\">50Hz\/60Hz<\/g><br role=\"presentation\"><g id=\"gid_5\">Leistung:<\/g> <g id=\"gid_6\">750W<\/g><g id=\"gid_7\">Arbeitstemperatur:<\/g> <g id=\"gid_8\">40-50\u00baC<\/g><\/g><note from=\"otgs-segmenter\"><\/note><\/p>\n<p>ltrltrpresentationpresentationpresentationpresentationltrltrpresentationpresentationltrltrpresentationpresentationpresentationpresentationltrltrpresentationpresentationltrltrpresentationpresentationltrltrpresentationpresentationltrltrpresentationpresentationpresentationpresentationltrltrpresentationpresentation<span dir=\"ltr\" role=\"presentation\">Capacity:<\/span> <span dir=\"ltr\" role=\"presentation\">6l.<\/span><span dir=\"ltr\" role=\"presentation\">Size: 47&#215;29,5&#215;25 cm<\/span><span dir=\"ltr\" role=\"presentation\">Fassungsverm\u00f6gen:<\/span> <span dir=\"ltr\" role=\"presentation\">6l.Gr\u00f6\u00dfe<\/span><span dir=\"ltr\" role=\"presentation\">: 47&#215;29,5&#215;25 cm<\/span>ltrltrpresentationpresentationltrltrpresentationpresentationpresentationpresentationltrltrpresentationpresentation<span dir=\"ltr\" role=\"presentation\">Weight: 3,7 Kg<\/span>. <span dir=\"ltr\" role=\"presentation\">Gewicht: 3,7 kg<\/span>. Utilisation conseill\u00e9e du kit de massage aux pierres chaudes .Empfohlene Verwendung des Hot-Stone-Massagesets.font-size: 10pt;font-size: 10pt;Enlevez le bac de r\u00e9cup\u00e9ration et travaillez directement dans la cuve principale, remplie d\u2019eau jusqu\u2019\u00e0 la moiti\u00e9 de la hauteur, et y d\u00e9poser les pierres.<br \/>\nR\u00e9glez votre temp\u00e9rature de travail sachant qu\u2019au-dessus de 50\u00b0 la sensation peut \u00eatre d\u00e9sagr\u00e9able, il faudra dialoguer avec le patient afin de trouver la temp\u00e9rature id\u00e9ale.<br \/>\nUtilisez la spatule pour prendre les pierres dans l\u2019eau.<br \/>\nApr\u00e8s l\u2019utilisation, vous pouvez laver les pierres et la cuve avec de l\u2019eau et du produit de vaisselle.<br \/>\nLaissez s\u00e9cher les \u00e9quipements et les pierres avant de les ranger.Entfernen Sie die Tropfschale und arbeiten Sie direkt in der Hauptwanne, die bis zur H\u00e4lfte der H\u00f6he mit Wasser gef\u00fcllt ist, und legen Sie die Steine dorthin.<br \/>\nPassen Sie Ihre Arbeitstemperatur an, da Sie wissen, dass das Gef\u00fchl \u00fcber 50\u00b0 unangenehm sein kann, und Sie m\u00fcssen mit dem Patienten sprechen, um die ideale Temperatur zu finden.<br \/>\nMit dem Spachtel die Steine aus dem Wasser nehmen.<br \/>\nNach Gebrauch k\u00f6nnen Sie die Steine und die Wanne mit Wasser und Sp\u00fclmittel waschen.<br \/>\nLassen Sie Ger\u00e4te und Steine trocknen, bevor Sie sie lagern.massage-pierres-chaudes-kit-45-et-chauffe-pierres-2massage-heisse-steine-set-45-und-steinwarmerHot stones massageMassage mit hei\u00dfen SteinenMassage pierres chaudesHot-Stone-MassagePierresSteineHot Stones Massages Kit 45 pierresHot Stones Massage-Set 45 SteineHot Stones Massages Kit 45 pierresHot Stones Massage-Set 45 SteineHot Stones Massages Kit 45 pierresHot Stones Massage-Set 45 SteineHot Stones Massages Kit 45 pierresHot Stones Massage-Set 45 SteineMassages Stones set 45 pierresMassagen Steinset 45 SteineMassages Stones set 45 pierresMassagen Steinset 45 SteineMassages Stones set 45 pierresMassagen Steinset 45 SteineMassages Stones set 45 pierresMassagen Steinset 45 SteineMassages Stones coffret 45 pierresMassagesteine 45 Steine SetMassages Stones coffret 45 pierresMassagesteine 45 Steine SetMassages Stones coffret 45 pierresMassagesteine 45 Steine SetMassages Stones coffret 45 pierresMassagesteine 45 Steine Set<br role=\"presentation\"><span dir=\"ltr\" role=\"presentation\">Fassungsverm\u00f6gen:<\/span> <span dir=\"ltr\" role=\"presentation\">6l.Gr\u00f6\u00dfe<\/span><span dir=\"ltr\" role=\"presentation\">: 47&#215;29,5&#215;25 cm<\/span><br role=\"presentation\"><span dir=\"ltr\" role=\"presentation\">Gewicht: 3,7 kg<\/span>.  <\/p>\n<h2>Empfohlene Verwendung des Hot-Stone-Massagesets.<\/h2>\n<p><span style=\"font-size: 10pt;\">Entfernen Sie die Tropfschale und arbeiten Sie direkt in der Hauptwanne, die bis zur H\u00e4lfte der H\u00f6he mit Wasser gef\u00fcllt ist, und legen Sie die Steine dorthin.<br \/>\nPassen Sie Ihre Arbeitstemperatur an, da Sie wissen, dass das Gef\u00fchl \u00fcber 50\u00b0 unangenehm sein kann, und Sie m\u00fcssen mit dem Patienten sprechen, um die ideale Temperatur zu finden.<br \/>\nMit dem Spachtel die Steine aus dem Wasser nehmen.<br \/>\nNach Gebrauch k\u00f6nnen Sie die Steine und die Wanne mit Wasser und Sp\u00fclmittel waschen.<br \/>\nLassen Sie Ger\u00e4te und Steine trocknen, bevor Sie sie lagern.    <\/span><\/p>\n","protected":false},"excerpt":{"rendered":"<p>Set 45 Hot Stones f\u00fcr Hot-Stone-Massagen mit mittlerem 6-Liter-Ofen. Set mit 45 Basaltsteinen. Das Set enth\u00e4lt ovale und flache Steine in verschiedenen Gr\u00f6\u00dfen: 1 extragro\u00dfer (Solarplexus), 10 gro\u00dfer (R\u00fccken, Oberschenkel und Kreuzbein), 14 mittlerer (Arme, Waden und F\u00fc\u00dfe), 6 kleine (Stirn, Sch\u00e4del und hinterer Teil des Kopfes), 8 f\u00fcr die Zehen, 2 Mini-Steine (Druckpunkte R\u00fccken&hellip;<\/p>\n","protected":false},"featured_media":12920,"template":"","meta":{"_seopress_robots_primary_cat":"none","_seopress_titles_title":"Hot Stone Massage Kit 45 und Steinheizung","_seopress_titles_desc":"Set 45 Hot Stones f\u00fcr Hot-Stone-Massagen mit mittlerem 6-Liter-Ofen.\nDie Box enth\u00e4lt ovale und flache Steine in verschiedenen Gr\u00f6\u00dfen. ","_seopress_robots_index":""},"pwb-brand":[],"product_brand":[],"product_cat":[1345,1343],"product_tag":[1471,1472,1470],"product_folder":[1002,1121],"class_list":{"0":"post-15025","1":"product","2":"type-product","3":"status-publish","4":"has-post-thumbnail","6":"product_cat-alles-massagezubehor","7":"product_cat-heisse-steine","8":"product_tag-hot-stone-massage","9":"product_tag-massage-mit-heisen-steinen","10":"product_tag-steine","12":"first","13":"instock","14":"taxable","15":"shipping-taxable","16":"purchasable","17":"product-type-simple"},"exclude_global_add_ons":[],"addons":[],"brands":[],"_links":{"self":[{"href":"https:\/\/swissmassage.weprocess.dev\/de\/wp-json\/wp\/v2\/product\/15025","targetHints":{"allow":["GET"]}}],"collection":[{"href":"https:\/\/swissmassage.weprocess.dev\/de\/wp-json\/wp\/v2\/product"}],"about":[{"href":"https:\/\/swissmassage.weprocess.dev\/de\/wp-json\/wp\/v2\/types\/product"}],"wp:featuredmedia":[{"embeddable":true,"href":"https:\/\/swissmassage.weprocess.dev\/de\/wp-json\/wp\/v2\/media\/12920"}],"wp:attachment":[{"href":"https:\/\/swissmassage.weprocess.dev\/de\/wp-json\/wp\/v2\/media?parent=15025"}],"wp:term":[{"taxonomy":"pwb-brand","embeddable":true,"href":"https:\/\/swissmassage.weprocess.dev\/de\/wp-json\/wp\/v2\/pwb-brand?post=15025"},{"taxonomy":"product_brand","embeddable":true,"href":"https:\/\/swissmassage.weprocess.dev\/de\/wp-json\/wp\/v2\/product_brand?post=15025"},{"taxonomy":"product_cat","embeddable":true,"href":"https:\/\/swissmassage.weprocess.dev\/de\/wp-json\/wp\/v2\/product_cat?post=15025"},{"taxonomy":"product_tag","embeddable":true,"href":"https:\/\/swissmassage.weprocess.dev\/de\/wp-json\/wp\/v2\/product_tag?post=15025"},{"taxonomy":"product_folder","embeddable":true,"href":"https:\/\/swissmassage.weprocess.dev\/de\/wp-json\/wp\/v2\/product_folder?post=15025"}],"curies":[{"name":"wp","href":"https:\/\/api.w.org\/{rel}","templated":true}]}}