{"id":15023,"date":"2023-05-24T15:26:55","date_gmt":"2023-05-24T13:26:55","guid":{"rendered":"https:\/\/swissmassage.ch\/produit\/heisse-steine-set-45-teile\/"},"modified":"2023-05-24T15:26:55","modified_gmt":"2023-05-24T13:26:55","slug":"heisse-steine-set-45-teile","status":"publish","type":"product","link":"https:\/\/swissmassage.weprocess.dev\/de\/produits\/heisse-steine-set-45-teile\/","title":{"rendered":"Hot Stones Set 45-teilig"},"content":{"rendered":"<h2 style=\"text-align: left;\">Set 45 Hot Stones f\u00fcr Hot Stone Massagen.<\/h2>\n<p><span style=\"font-size: 10pt;\">Set mit 45 Basaltsteinen.<br \/>\nDas Set enth\u00e4lt ovale und flache Steine in verschiedenen Gr\u00f6\u00dfen: 1 extragro\u00dfer (Solarplexus), 10 gro\u00dfer (R\u00fccken, Oberschenkel und Kreuzbein), 14 mittlerer (Arme, Waden und F\u00fc\u00dfe), 6 kleine (Stirn, Sch\u00e4del und hinterer Teil des Kopfes), 8 f\u00fcr die Zehen, 2 Mini-Steine (Druckpunkte R\u00fccken und Nacken), 2 f\u00fcr Gesichtskonturen und 2 kalte Steine aus wei\u00dfem Marmor. <\/span><\/p>\n<p><span style=\"font-size: 10pt;\">Hei\u00dfe Steine f\u00fcr die Massage Ma\u00dfe: 35,5x20x7cm Gewicht: 5,7Kg<\/span><span style=\"font-size: 10pt;\">Extra gro\u00dfe Steine: 1 (Solarplexus) Gro\u00dfe Steine: 10 (hintere Oberschenkel und Kreuzbein) Kleine Steine: 6 (Stirn, Ober- und Hinterkopf) Zehensteine: 8 Steine aus tiefem Gewebe: 2 Kontursteine: 2 (f\u00fcr die Augen) Marmorsteine: 2 (f\u00fcr die K\u00e4ltetherapie)<\/span><span style=\"font-size: 10pt;\">PACKMASS cm 38x21x8 N.W. kg 5,7 G.W. 6 kg<\/span><\/p>\n<p>&nbsp;<\/p>\n","protected":false},"excerpt":{"rendered":"<p>Set 45 Hot Stones f\u00fcr Hot Stone Massagen. Set mit 45 Basaltsteinen. Das Set enth\u00e4lt ovale und flache Steine in verschiedenen Gr\u00f6\u00dfen: 1 extragro\u00dfer (Solarplexus), 10 gro\u00dfer (R\u00fccken, Oberschenkel und Kreuzbein), 14 mittlerer (Arme, Waden und F\u00fc\u00dfe), 6 kleine (Stirn, Sch\u00e4del und hinterer Teil des Kopfes), 8 f\u00fcr die Zehen, 2 Mini-Steine (Druckpunkte R\u00fccken und&hellip;<\/p>\n","protected":false},"featured_media":12914,"template":"","meta":{"_seopress_robots_primary_cat":"none","_seopress_titles_title":"","_seopress_titles_desc":"Set 45 Hot Stones f\u00fcr Hot Stone Massagen.\nDie Box enth\u00e4lt ovale und flache Steine in verschiedenen Gr\u00f6\u00dfen. ","_seopress_robots_index":""},"pwb-brand":[],"product_brand":[],"product_cat":[1345,1343],"product_tag":[1471,1472,1470],"product_folder":[1002,1121],"class_list":{"0":"post-15023","1":"product","2":"type-product","3":"status-publish","4":"has-post-thumbnail","6":"product_cat-alles-massagezubehor","7":"product_cat-heisse-steine","8":"product_tag-hot-stone-massage","9":"product_tag-massage-mit-heisen-steinen","10":"product_tag-steine","12":"first","13":"instock","14":"taxable","15":"shipping-taxable","16":"purchasable","17":"product-type-simple"},"exclude_global_add_ons":[],"addons":[],"brands":[],"_links":{"self":[{"href":"https:\/\/swissmassage.weprocess.dev\/de\/wp-json\/wp\/v2\/product\/15023","targetHints":{"allow":["GET"]}}],"collection":[{"href":"https:\/\/swissmassage.weprocess.dev\/de\/wp-json\/wp\/v2\/product"}],"about":[{"href":"https:\/\/swissmassage.weprocess.dev\/de\/wp-json\/wp\/v2\/types\/product"}],"wp:featuredmedia":[{"embeddable":true,"href":"https:\/\/swissmassage.weprocess.dev\/de\/wp-json\/wp\/v2\/media\/12914"}],"wp:attachment":[{"href":"https:\/\/swissmassage.weprocess.dev\/de\/wp-json\/wp\/v2\/media?parent=15023"}],"wp:term":[{"taxonomy":"pwb-brand","embeddable":true,"href":"https:\/\/swissmassage.weprocess.dev\/de\/wp-json\/wp\/v2\/pwb-brand?post=15023"},{"taxonomy":"product_brand","embeddable":true,"href":"https:\/\/swissmassage.weprocess.dev\/de\/wp-json\/wp\/v2\/product_brand?post=15023"},{"taxonomy":"product_cat","embeddable":true,"href":"https:\/\/swissmassage.weprocess.dev\/de\/wp-json\/wp\/v2\/product_cat?post=15023"},{"taxonomy":"product_tag","embeddable":true,"href":"https:\/\/swissmassage.weprocess.dev\/de\/wp-json\/wp\/v2\/product_tag?post=15023"},{"taxonomy":"product_folder","embeddable":true,"href":"https:\/\/swissmassage.weprocess.dev\/de\/wp-json\/wp\/v2\/product_folder?post=15023"}],"curies":[{"name":"wp","href":"https:\/\/api.w.org\/{rel}","templated":true}]}}