{"id":15022,"date":"2023-05-24T15:26:44","date_gmt":"2023-05-24T13:26:44","guid":{"rendered":"https:\/\/swissmassage.ch\/produit\/mikrofaser-bezug-fur-gesichtskissen-12-teilig\/"},"modified":"2025-10-22T13:56:11","modified_gmt":"2025-10-22T11:56:11","slug":"mikrofaser-bezug-fur-gesichtskissen-12-teilig","status":"publish","type":"product","link":"https:\/\/swissmassage.weprocess.dev\/de\/produits\/mikrofaser-bezug-fur-gesichtskissen-12-teilig\/","title":{"rendered":"Mikrofaserbezug f\u00fcr Gesichtskissen 12 St\u00fcck 5 Farben"},"content":{"rendered":"<h2 style=\"text-align: justify;\">Bezug f\u00fcr Kopfst\u00fctzenkissen f\u00fcr Massageliege.<\/h2>\n<p>  Die 12-teilige Packung mit waschbaren Schutzh\u00fcllen f\u00fcr das Gesichtskissen der Massageliege.<br \/>\nIn der ganzen Schweiz verf\u00fcgbar.<br \/>\nOder bringen Sie es direkt in unsere Werkstatt.  <\/p>\n","protected":false},"excerpt":{"rendered":"<p>Bezug f\u00fcr Kopfst\u00fctzenkissen f\u00fcr Massageliege. Die 12-teilige Packung mit waschbaren Schutzh\u00fcllen f\u00fcr das Gesichtskissen der Massageliege. In der ganzen Schweiz verf\u00fcgbar. Oder bringen Sie es direkt in unsere Werkstatt.<\/p>\n","protected":false},"featured_media":19328,"template":"","meta":{"_seopress_robots_primary_cat":"none","_seopress_titles_title":"Mikrofaserbezug f\u00fcr Gesichtskissen 12 St\u00fcck 5 Farben","_seopress_titles_desc":"Bezug f\u00fcr Kopfst\u00fctzenkissen f\u00fcr Massageliege.\nDie 12-teilige Packung mit waschbaren Schutzh\u00fcllen f\u00fcr das Gesichtskissen der Massageliege. ","_seopress_robots_index":""},"pwb-brand":[],"product_brand":[],"product_cat":[1345,1344],"product_tag":[1394,1469],"product_folder":[1017],"class_list":{"0":"post-15022","1":"product","2":"type-product","3":"status-publish","4":"has-post-thumbnail","6":"product_cat-alles-massagezubehor","7":"product_cat-schutzbezuge-fur-massageliegen","8":"product_tag-schutz","9":"product_tag-schutzhulle","11":"first","12":"instock","13":"taxable","14":"shipping-taxable","15":"purchasable","16":"product-type-simple"},"exclude_global_add_ons":[],"addons":[],"brands":[],"_links":{"self":[{"href":"https:\/\/swissmassage.weprocess.dev\/de\/wp-json\/wp\/v2\/product\/15022","targetHints":{"allow":["GET"]}}],"collection":[{"href":"https:\/\/swissmassage.weprocess.dev\/de\/wp-json\/wp\/v2\/product"}],"about":[{"href":"https:\/\/swissmassage.weprocess.dev\/de\/wp-json\/wp\/v2\/types\/product"}],"wp:featuredmedia":[{"embeddable":true,"href":"https:\/\/swissmassage.weprocess.dev\/de\/wp-json\/wp\/v2\/media\/19328"}],"wp:attachment":[{"href":"https:\/\/swissmassage.weprocess.dev\/de\/wp-json\/wp\/v2\/media?parent=15022"}],"wp:term":[{"taxonomy":"pwb-brand","embeddable":true,"href":"https:\/\/swissmassage.weprocess.dev\/de\/wp-json\/wp\/v2\/pwb-brand?post=15022"},{"taxonomy":"product_brand","embeddable":true,"href":"https:\/\/swissmassage.weprocess.dev\/de\/wp-json\/wp\/v2\/product_brand?post=15022"},{"taxonomy":"product_cat","embeddable":true,"href":"https:\/\/swissmassage.weprocess.dev\/de\/wp-json\/wp\/v2\/product_cat?post=15022"},{"taxonomy":"product_tag","embeddable":true,"href":"https:\/\/swissmassage.weprocess.dev\/de\/wp-json\/wp\/v2\/product_tag?post=15022"},{"taxonomy":"product_folder","embeddable":true,"href":"https:\/\/swissmassage.weprocess.dev\/de\/wp-json\/wp\/v2\/product_folder?post=15022"}],"curies":[{"name":"wp","href":"https:\/\/api.w.org\/{rel}","templated":true}]}}