{"id":15021,"date":"2023-05-24T15:26:41","date_gmt":"2023-05-24T15:26:41","guid":{"rendered":"https:\/\/swissmassage.ch\/produit\/mobile-medizinische-badewannenliege-modell-mobi-dusche\/"},"modified":"2023-05-24T15:26:41","modified_gmt":"2023-05-24T13:26:41","slug":"mobile-medizinische-badewannenliege-modell-mobi-dusche","status":"publish","type":"product","link":"https:\/\/swissmassage.weprocess.dev\/de\/produits\/mobile-medizinische-badewannenliege-modell-mobi-dusche\/","title":{"rendered":"Mobiler medizinischer Badeliege Modell Mobi Dusche"},"content":{"rendered":"<h2>Medizinische Badeliege, fahrbar mit motorischer H\u00f6henverstellung<\/h2>\n<p> Eine Behandlungsliege zum Baden von Menschen mit Behinderungen. Der Mobi Duschliege ist ein Duschbadel, der keine spezielle Installation oder Befestigung erfordert. Durch sein kompaktes und schlankes Design kann er leicht von Raum zu Raum bewegt werden. Es ist eine kosteng\u00fcnstige L\u00f6sung f\u00fcr mehrere Benutzer und \u00dcbertragungen. Verstellbare H\u00f6he Der elektrisch motorisierte Mobi Shower Wickelliege l\u00e4sst sich leicht durch einfaches Dr\u00fccken der Fernbedienung man\u00f6vrieren. Der H\u00f6henhub betr\u00e4gt 480 mm, die ideale Arbeitsh\u00f6he ist leicht einstellbar. So werden R\u00fcckenschmerzen f\u00fcr das Pflegepersonal vorgebeugt. Einfacher Transfer Diese mobile Badeliege bietet mit einer Vielzahl von Patiententransportern ausreichend Platz f\u00fcr den Zugang. Seine Mobilit\u00e4t erm\u00f6glicht einen sicheren und einfachen Transfer. Egal, ob Sie von einem Bett, einem Rollstuhl oder einer Toilette umsteigen, die Mobi-Dusche ist die effektive L\u00f6sung, die die Arbeit des Pflegepersonals erleichtert. Kontaktieren Sie uns f\u00fcr weitere Informationen zu diesem Produkt, aber auch zu anderen Umkleidel\u00f6sungen f\u00fcr Menschen mit eingeschr\u00e4nkter Mobilit\u00e4t.           <\/p>\n<h2>Technische Daten der Mobi Shower<\/h2>\n<p>  Mobil und leicht zu man\u00f6vrieren Keine Installation erforderlich Edelstahl f\u00fcr nasse Umgebungen Verfahrweg 480 mm H\u00f6he L\u00e4nge der Wanne in 1400 mm, 1600 mm, 1800 mm und 2100 mm Abnehmbare Schutzbarrieren Tragf\u00e4higkeit 227 kg<\/p>\n","protected":false},"excerpt":{"rendered":"<p>Medizinische Badeliege, fahrbar mit motorischer H\u00f6henverstellung Eine Behandlungsliege zum Baden von Menschen mit Behinderungen. Der Mobi Duschliege ist ein Duschbadel, der keine spezielle Installation oder Befestigung erfordert. Durch sein kompaktes und schlankes Design kann er leicht von Raum zu Raum bewegt werden. Es ist eine kosteng\u00fcnstige L\u00f6sung f\u00fcr mehrere Benutzer und \u00dcbertragungen. Verstellbare H\u00f6he Der&hellip;<\/p>\n","protected":false},"featured_media":12896,"template":"","meta":{"_seopress_robots_primary_cat":"none","_seopress_titles_title":"Mobiler medizinischer Badeliege Modell Mobi Dusche","_seopress_titles_desc":"Medizinischer Badeliege, mobil mit motorischer H\u00f6henverstellung. Eine Behandlungsliege zum Baden von Menschen mit Behinderungen. ","_seopress_robots_index":""},"pwb-brand":[],"product_brand":[],"product_cat":[1331,1375],"product_tag":[1468],"product_folder":[1032],"class_list":{"0":"post-15021","1":"product","2":"type-product","3":"status-publish","4":"has-post-thumbnail","6":"product_cat-alle-physio-medizinischen-artikel","7":"product_cat-medizinisches-bett","8":"product_tag-wickelliege","10":"first","11":"instock","12":"taxable","13":"shipping-taxable","14":"purchasable","15":"product-type-simple"},"exclude_global_add_ons":[],"addons":[],"brands":[],"_links":{"self":[{"href":"https:\/\/swissmassage.weprocess.dev\/de\/wp-json\/wp\/v2\/product\/15021","targetHints":{"allow":["GET"]}}],"collection":[{"href":"https:\/\/swissmassage.weprocess.dev\/de\/wp-json\/wp\/v2\/product"}],"about":[{"href":"https:\/\/swissmassage.weprocess.dev\/de\/wp-json\/wp\/v2\/types\/product"}],"wp:featuredmedia":[{"embeddable":true,"href":"https:\/\/swissmassage.weprocess.dev\/de\/wp-json\/wp\/v2\/media\/12896"}],"wp:attachment":[{"href":"https:\/\/swissmassage.weprocess.dev\/de\/wp-json\/wp\/v2\/media?parent=15021"}],"wp:term":[{"taxonomy":"pwb-brand","embeddable":true,"href":"https:\/\/swissmassage.weprocess.dev\/de\/wp-json\/wp\/v2\/pwb-brand?post=15021"},{"taxonomy":"product_brand","embeddable":true,"href":"https:\/\/swissmassage.weprocess.dev\/de\/wp-json\/wp\/v2\/product_brand?post=15021"},{"taxonomy":"product_cat","embeddable":true,"href":"https:\/\/swissmassage.weprocess.dev\/de\/wp-json\/wp\/v2\/product_cat?post=15021"},{"taxonomy":"product_tag","embeddable":true,"href":"https:\/\/swissmassage.weprocess.dev\/de\/wp-json\/wp\/v2\/product_tag?post=15021"},{"taxonomy":"product_folder","embeddable":true,"href":"https:\/\/swissmassage.weprocess.dev\/de\/wp-json\/wp\/v2\/product_folder?post=15021"}],"curies":[{"name":"wp","href":"https:\/\/api.w.org\/{rel}","templated":true}]}}