{"id":15020,"date":"2023-05-24T15:26:54","date_gmt":"2023-05-24T13:26:54","guid":{"rendered":"https:\/\/swissmassage.ch\/produit\/podologie-hocker-schonheit-der-fusse-oder-reiki-weiss\/"},"modified":"2025-03-14T14:02:51","modified_gmt":"2025-03-14T13:02:51","slug":"podologie-hocker-schonheit-der-fusse-oder-reiki-weiss","status":"publish","type":"product","link":"https:\/\/swissmassage.weprocess.dev\/de\/produits\/podologie-hocker-schonheit-der-fusse-oder-reiki-weiss\/","title":{"rendered":"Podologie, Hocker, Fu\u00dfsch\u00f6nheit oder wei\u00dfes Reiki"},"content":{"rendered":"<h2>Podologie, Hocker, Fu\u00dfsch\u00f6nheit oder Reiki.<\/h2>\n<p>Wei\u00dfer Sitz.<br \/>\nDurchmesser 37 cm Schaumstoff 7,5 cm Maximale H\u00f6he 55 cm Min. H\u00f6he<br \/>\n44cm Gewicht 8 kg und unterst\u00fctzt 120 kg.<br \/>\nDie R\u00fcckenlehne l\u00e4sst sich um 360\u00b0 drehen, um eine gr\u00e4tschende Nutzung zu erm\u00f6glichen.<br \/>\nBitte beachten Sie, dass wir aufgrund der morphologischen Unterschiede jeder Person dringend empfehlen, die Hocker in unserer Ausstellung in Aigle auszuprobieren, bevor Sie Ihren Kauf abschlie\u00dfen. Im Falle eines Fehlkaufs k\u00f6nnen die Hocker weder zur\u00fcckgegeben noch umgetauscht werden.<\/p>\n","protected":false},"excerpt":{"rendered":"<p>Podologie, Hocker, Fu\u00dfsch\u00f6nheit oder Reiki. Wei\u00dfer Sitz. Durchmesser 37 cm Schaumstoff 7,5 cm Maximale H\u00f6he 55 cm Min. H\u00f6he 44cm Gewicht 8 kg und unterst\u00fctzt 120 kg. Die R\u00fcckenlehne l\u00e4sst sich um 360\u00b0 drehen, um eine gr\u00e4tschende Nutzung zu erm\u00f6glichen. Bitte beachten Sie, dass wir aufgrund der morphologischen Unterschiede jeder Person dringend empfehlen, die Hocker&hellip;<\/p>\n","protected":false},"featured_media":12911,"template":"","meta":{"_seopress_robots_primary_cat":"none","_seopress_titles_title":"Podologie-Hocker Foot Beauty oder Wei\u00dfes Reiki - Swissmassage","_seopress_titles_desc":"Podologie-, Foot Beauty- oder Reiki-Hocker: wei\u00dfer Sitz mit 37 cm Durchmesser und 7,5 cm Schaumstoff f\u00fcr optimalen Komfort.","_seopress_robots_index":""},"pwb-brand":[],"product_brand":[],"product_cat":[1332,1330,1331,1333,1345,1326,1329,1325,1328,1327],"product_tag":[1425,1467],"product_folder":[992],"class_list":{"0":"post-15020","1":"product","2":"type-product","3":"status-publish","4":"has-post-thumbnail","6":"product_cat-alle-asthetischen-artikel","7":"product_cat-alle-massageliegen-massage-ausstattungen","8":"product_cat-alle-physio-medizinischen-artikel","9":"product_cat-alle-spa-beauty-produkte","10":"product_cat-alles-massagezubehor","11":"product_cat-hocker-fur-therapeuten","12":"product_cat-hocker-und-komfort","13":"product_cat-medizinischer-stuhl","14":"product_cat-spa-hocker","15":"product_cat-stuhle-fur-kosmetikerinnen","16":"product_tag-hocker-rader","17":"product_tag-podo-hocker","19":"first","20":"instock","21":"taxable","22":"shipping-taxable","23":"purchasable","24":"product-type-simple"},"exclude_global_add_ons":[],"addons":[],"brands":[],"_links":{"self":[{"href":"https:\/\/swissmassage.weprocess.dev\/de\/wp-json\/wp\/v2\/product\/15020","targetHints":{"allow":["GET"]}}],"collection":[{"href":"https:\/\/swissmassage.weprocess.dev\/de\/wp-json\/wp\/v2\/product"}],"about":[{"href":"https:\/\/swissmassage.weprocess.dev\/de\/wp-json\/wp\/v2\/types\/product"}],"wp:featuredmedia":[{"embeddable":true,"href":"https:\/\/swissmassage.weprocess.dev\/de\/wp-json\/wp\/v2\/media\/12911"}],"wp:attachment":[{"href":"https:\/\/swissmassage.weprocess.dev\/de\/wp-json\/wp\/v2\/media?parent=15020"}],"wp:term":[{"taxonomy":"pwb-brand","embeddable":true,"href":"https:\/\/swissmassage.weprocess.dev\/de\/wp-json\/wp\/v2\/pwb-brand?post=15020"},{"taxonomy":"product_brand","embeddable":true,"href":"https:\/\/swissmassage.weprocess.dev\/de\/wp-json\/wp\/v2\/product_brand?post=15020"},{"taxonomy":"product_cat","embeddable":true,"href":"https:\/\/swissmassage.weprocess.dev\/de\/wp-json\/wp\/v2\/product_cat?post=15020"},{"taxonomy":"product_tag","embeddable":true,"href":"https:\/\/swissmassage.weprocess.dev\/de\/wp-json\/wp\/v2\/product_tag?post=15020"},{"taxonomy":"product_folder","embeddable":true,"href":"https:\/\/swissmassage.weprocess.dev\/de\/wp-json\/wp\/v2\/product_folder?post=15020"}],"curies":[{"name":"wp","href":"https:\/\/api.w.org\/{rel}","templated":true}]}}