{"id":15019,"date":"2023-05-24T15:27:07","date_gmt":"2023-05-24T13:27:07","guid":{"rendered":"https:\/\/swissmassage.ch\/produit\/massageol-warmer-3-flaschen\/"},"modified":"2025-03-11T20:03:15","modified_gmt":"2025-03-11T19:03:15","slug":"massageol-erhitzer-3-flaschen","status":"publish","type":"product","link":"https:\/\/swissmassage.weprocess.dev\/de\/produits\/massageol-erhitzer-3-flaschen\/","title":{"rendered":"Massage\u00f6l-Erhitzer 3 Flaschen"},"content":{"rendered":"<h2 style=\"text-align: left;\">Massage\u00f6lw\u00e4rmer 3 Flaschen, geeignet f\u00fcr die Verwendung verschiedener Arten von Massage\u00f6len.<\/h2>\n<p><span style=\"font-size: 10pt;\">Einstellbare Temperatur von 40\u00b0 bis 60\u00b0<br \/>\nLeistung 150W<br \/>\nAbmessungen Breite 27 cm x Tiefe 12 cm x H\u00f6he 22,5 cm<br \/>\nFlaschendurchmesser 5 cm x H\u00f6he 15,5 cm<\/span><\/p>\n<p>Kompatibel mit dem <a href=\"Massage-Zubeh\u00f6r\">Massage\u00f6lg\u00fcrtel<\/a>.<\/p>\n<h3>Einschr\u00e4nkungen und Kontraindikationen in Bezug auf erw\u00e4rmende Massage\u00f6le, die \u00e4therische \u00d6le enthalten<\/h3>\n<p><strong>Einleitung<\/strong><br \/>\nMassage\u00f6le, die \u00e4therische \u00d6le enthalten, werden oft wegen ihrer therapeutischen und entspannenden Eigenschaften verwendet. Das Erhitzen dieser \u00d6le sollte jedoch mit Vorsicht erfolgen, da Risiken entstehen k\u00f6nnen, wenn sie falsch erhitzt oder bei zu hohen Temperaturen verwendet werden. In dieser Packungsbeilage werden die Einschr\u00e4nkungen und Kontraindikationen im Zusammenhang mit dem Erhitzen dieser \u00d6le erl\u00e4utert.<\/p>\n<p><strong>Einschr\u00e4nkungen des Erhitzens von Massage\u00f6len mit \u00e4therischen \u00d6len<\/strong><\/p>\n<p><strong>Degeneration der therapeutischen Eigenschaften:<\/strong> Einige \u00e4therische \u00d6le sind hitzeempfindlich, und die Einwirkung hoher Temperaturen kann ihre therapeutischen Eigenschaften ver\u00e4ndern. Zum Beispiel k\u00f6nnen Wirkstoffe wie Monoterpene und Ester abgebaut werden, wodurch die Wirksamkeit des \u00d6ls verringert wird.<br \/>\n<strong>Verlust von Aromen:<\/strong> Eine \u00dcberhitzung kann zu einem erheblichen Verlust der Aromen der \u00e4therischen \u00d6le f\u00fchren, was das sensorische Erlebnis der Massagesitzung verringert.<br \/>\n<strong>Ver\u00e4nderung der chemischen Zusammensetzung:<\/strong> Bei zu hohen Temperaturen k\u00f6nnen chemische Reaktionen auftreten, die die Zusammensetzung des \u00e4therischen \u00d6ls ver\u00e4ndern und Abbauprodukte erzeugen, die die Haut reizen k\u00f6nnen.<br \/>\n<strong>Kontraindikationen<br \/>\n<\/strong><strong>Temperatur zu hoch:<\/strong> Es wird nicht empfohlen, Massage\u00f6le \u00fcber 40-45\u00b0C zu erhitzen. H\u00f6here Temperaturen k\u00f6nnen zu negativen Auswirkungen f\u00fchren, sowohl auf die Qualit\u00e4t der \u00d6le als auch auf die Haut.<br \/>\n<strong>Empfindliche oder allergische Haut:<\/strong> Wenn Sie empfindliche Haut, Allergien oder Hauterkrankungen haben, wird empfohlen, dass Sie keine erhitzten \u00d6le auftragen, die \u00e4therische \u00d6le enthalten. Hitze kann das Risiko von Reizungen oder allergischen Reaktionen erh\u00f6hen, insbesondere bei bestimmten starken \u00e4therischen \u00d6len wie Zimt, Nelke oder Pfefferminze.<br \/>\n<strong>Schwangere und Kinder:<\/strong> Einige \u00e4therische \u00d6le k\u00f6nnen w\u00e4hrend der Schwangerschaft und bei Kindern kontraindiziert sein. Beim Erhitzen dieser \u00d6le k\u00f6nnen Substanzen freigesetzt werden, die f\u00fcr diese empfindlichen Gruppen reizend oder unsicher werden.<br \/>\n<strong>Atmungssystem:<\/strong> Bei l\u00e4ngerer Exposition gegen\u00fcber erhitzten \u00e4therischen \u00d6len k\u00f6nnen konzentriertere D\u00e4mpfe freigesetzt werden, die die Atemwege reizen k\u00f6nnen, insbesondere bei Menschen mit Asthma, Allergien oder anderen Atemwegserkrankungen.<br \/>\n<strong>Vorsichtsma\u00dfnahmen f\u00fcr den Gebrauch<br \/>\n<\/strong><strong>Vorversuch:<\/strong> Bevor Sie erhitzte \u00d6le am ganzen K\u00f6rper verwenden, f\u00fchren Sie einen Epikutantest an einer kleinen Hautstelle durch, um auf Nebenwirkungen zu pr\u00fcfen.<br \/>\n<strong>Verwenden Sie einen Diffusor oder ein Wasserbad:<\/strong> Wenn Sie das \u00d6l erhitzen m\u00f6chten, verwenden Sie einen Diffusor oder ein Wasserbad. Vermeiden Sie direktes Erhitzen (z. B. in einer Mikrowelle oder auf einer direkten W\u00e4rmequelle), da dies die Qualit\u00e4t des \u00e4therischen \u00d6ls beeintr\u00e4chtigen kann.<br \/>\n<strong>Temperatur-Check:<\/strong> Vergewissern Sie sich vor dem Auftragen des erhitzten \u00d6ls, dass sich die Temperatur angenehm anf\u00fchlt, idealerweise unter 40 \u00b0C. Das kannst du auf dem Handr\u00fccken testen.<\/p>\n<p><strong> Schlussfolgerung<br \/>\n<\/strong>Erw\u00e4rmende Massage\u00f6le mit \u00e4therischen \u00d6len k\u00f6nnen von Vorteil sein, wenn sie vorsichtig und bei moderaten Temperaturen durchgef\u00fchrt werden. Es ist jedoch wichtig, Kontraindikationen in Bezug auf die Hautempfindlichkeit, bestehende Erkrankungen sowie die Temperatur, auf die die \u00d6le erhitzt werden, zu ber\u00fccksichtigen. Wenn Sie diese Vorsichtsma\u00dfnahmen befolgen, k\u00f6nnen Sie ein sicheres und angenehmes Massageerlebnis gew\u00e4hrleisten.<\/p>\n","protected":false},"excerpt":{"rendered":"<p>Massage\u00f6lw\u00e4rmer 3 Flaschen, geeignet f\u00fcr die Verwendung verschiedener Arten von Massage\u00f6len. Einstellbare Temperatur von 40\u00b0 bis 60\u00b0 Leistung 150W Abmessungen Breite 27 cm x Tiefe 12 cm x H\u00f6he 22,5 cm Flaschendurchmesser 5 cm x H\u00f6he 15,5 cm Kompatibel mit dem Massage\u00f6lg\u00fcrtel. Einschr\u00e4nkungen und Kontraindikationen in Bezug auf erw\u00e4rmende Massage\u00f6le, die \u00e4therische \u00d6le enthalten Einleitung&hellip;<\/p>\n","protected":false},"featured_media":12947,"template":"","meta":{"_seopress_robots_primary_cat":"none","_seopress_titles_title":"","_seopress_titles_desc":"Massage\u00f6lw\u00e4rmer 3 Flaschen, geeignet f\u00fcr die Verwendung verschiedener Arten von Massage\u00f6len.\r\nEinstellbare Temperatur von 40\u00b0 bis 60\u00b0.","_seopress_robots_index":""},"pwb-brand":[],"product_brand":[],"product_cat":[1345,1337,1335],"product_tag":[],"product_folder":[1002],"class_list":{"0":"post-15019","1":"product","2":"type-product","3":"status-publish","4":"has-post-thumbnail","6":"product_cat-alles-massagezubehor","7":"product_cat-erganzung-fur-massagen","8":"product_cat-massagezubehor","10":"first","11":"instock","12":"taxable","13":"shipping-taxable","14":"purchasable","15":"product-type-simple"},"exclude_global_add_ons":[],"addons":[],"brands":[],"_links":{"self":[{"href":"https:\/\/swissmassage.weprocess.dev\/de\/wp-json\/wp\/v2\/product\/15019","targetHints":{"allow":["GET"]}}],"collection":[{"href":"https:\/\/swissmassage.weprocess.dev\/de\/wp-json\/wp\/v2\/product"}],"about":[{"href":"https:\/\/swissmassage.weprocess.dev\/de\/wp-json\/wp\/v2\/types\/product"}],"wp:featuredmedia":[{"embeddable":true,"href":"https:\/\/swissmassage.weprocess.dev\/de\/wp-json\/wp\/v2\/media\/12947"}],"wp:attachment":[{"href":"https:\/\/swissmassage.weprocess.dev\/de\/wp-json\/wp\/v2\/media?parent=15019"}],"wp:term":[{"taxonomy":"pwb-brand","embeddable":true,"href":"https:\/\/swissmassage.weprocess.dev\/de\/wp-json\/wp\/v2\/pwb-brand?post=15019"},{"taxonomy":"product_brand","embeddable":true,"href":"https:\/\/swissmassage.weprocess.dev\/de\/wp-json\/wp\/v2\/product_brand?post=15019"},{"taxonomy":"product_cat","embeddable":true,"href":"https:\/\/swissmassage.weprocess.dev\/de\/wp-json\/wp\/v2\/product_cat?post=15019"},{"taxonomy":"product_tag","embeddable":true,"href":"https:\/\/swissmassage.weprocess.dev\/de\/wp-json\/wp\/v2\/product_tag?post=15019"},{"taxonomy":"product_folder","embeddable":true,"href":"https:\/\/swissmassage.weprocess.dev\/de\/wp-json\/wp\/v2\/product_folder?post=15019"}],"curies":[{"name":"wp","href":"https:\/\/api.w.org\/{rel}","templated":true}]}}