{"id":15018,"date":"2023-05-24T15:27:10","date_gmt":"2023-05-24T13:27:10","guid":{"rendered":"https:\/\/swissmassage.ch\/produit\/massage-ol-gurtel-2-flaschchen\/"},"modified":"2023-05-24T15:27:10","modified_gmt":"2023-05-24T13:27:10","slug":"massage-ol-gurtel-2-flaschchen","status":"publish","type":"product","link":"https:\/\/swissmassage.weprocess.dev\/de\/produits\/massage-ol-gurtel-2-flaschchen\/","title":{"rendered":"Massage \u00d6l G\u00fcrtel 2 Flaschen"},"content":{"rendered":"<h2 style=\"text-align: left;\">G\u00fcrtel Massage\u00f6lhalter 2 Flaschen.<\/h2>\n<p style=\"text-align: left;\"><span style=\"font-size: 10pt;\">Geliefert mit 2 Flaschen, die mit Swissmassage-\u00d6lheizungen kompatibel sind  <\/span><\/p>\n","protected":false},"excerpt":{"rendered":"<p>G\u00fcrtel Massage\u00f6lhalter 2 Flaschen. Geliefert mit 2 Flaschen, die mit Swissmassage-\u00d6lheizungen kompatibel sind<\/p>\n","protected":false},"featured_media":12956,"template":"","meta":{"_seopress_robots_primary_cat":"none","_seopress_titles_title":"Massage \u00d6lhalter G\u00fcrtel 2 Flaschen","_seopress_titles_desc":"Massage \u00d6l G\u00fcrtel mit 2 Flaschen. Geliefert mit 2 Flaschen, die mit Swissmassage-\u00d6lheizungen kompatibel sind. ","_seopress_robots_index":""},"pwb-brand":[],"product_brand":[],"product_cat":[1345,1337,1335],"product_tag":[],"product_folder":[1002],"class_list":{"0":"post-15018","1":"product","2":"type-product","3":"status-publish","4":"has-post-thumbnail","6":"product_cat-alles-massagezubehor","7":"product_cat-erganzung-fur-massagen","8":"product_cat-massagezubehor","10":"first","11":"instock","12":"taxable","13":"shipping-taxable","14":"purchasable","15":"product-type-simple"},"exclude_global_add_ons":[],"addons":[],"brands":[],"_links":{"self":[{"href":"https:\/\/swissmassage.weprocess.dev\/de\/wp-json\/wp\/v2\/product\/15018","targetHints":{"allow":["GET"]}}],"collection":[{"href":"https:\/\/swissmassage.weprocess.dev\/de\/wp-json\/wp\/v2\/product"}],"about":[{"href":"https:\/\/swissmassage.weprocess.dev\/de\/wp-json\/wp\/v2\/types\/product"}],"wp:featuredmedia":[{"embeddable":true,"href":"https:\/\/swissmassage.weprocess.dev\/de\/wp-json\/wp\/v2\/media\/12956"}],"wp:attachment":[{"href":"https:\/\/swissmassage.weprocess.dev\/de\/wp-json\/wp\/v2\/media?parent=15018"}],"wp:term":[{"taxonomy":"pwb-brand","embeddable":true,"href":"https:\/\/swissmassage.weprocess.dev\/de\/wp-json\/wp\/v2\/pwb-brand?post=15018"},{"taxonomy":"product_brand","embeddable":true,"href":"https:\/\/swissmassage.weprocess.dev\/de\/wp-json\/wp\/v2\/product_brand?post=15018"},{"taxonomy":"product_cat","embeddable":true,"href":"https:\/\/swissmassage.weprocess.dev\/de\/wp-json\/wp\/v2\/product_cat?post=15018"},{"taxonomy":"product_tag","embeddable":true,"href":"https:\/\/swissmassage.weprocess.dev\/de\/wp-json\/wp\/v2\/product_tag?post=15018"},{"taxonomy":"product_folder","embeddable":true,"href":"https:\/\/swissmassage.weprocess.dev\/de\/wp-json\/wp\/v2\/product_folder?post=15018"}],"curies":[{"name":"wp","href":"https:\/\/api.w.org\/{rel}","templated":true}]}}