{"id":15017,"date":"2023-05-24T15:27:11","date_gmt":"2023-05-24T13:27:11","guid":{"rendered":"https:\/\/swissmassage.ch\/produit\/medizinischer-praxishocker-modell-rein-iso-anthrazit\/"},"modified":"2025-03-14T13:56:06","modified_gmt":"2025-03-14T12:56:06","slug":"medizinischer-praxishocker-modell-rein-iso-anthrazit","status":"publish","type":"product","link":"https:\/\/swissmassage.weprocess.dev\/de\/produits\/medizinischer-praxishocker-modell-rein-iso-anthrazit\/","title":{"rendered":"Anatomischer Hocker f\u00fcr Arztpraxis Pure ISO Anthrazit"},"content":{"rendered":"<h2>Hocker f\u00fcr Arztpraxis Modell Pure iso anthrazit.<\/h2>\n<p>Arzthocker mit runder Sitzfl\u00e4che Polsterung nach medizinischem Standard.<br \/>\nGro\u00dfe H\u00f6henverstellung von 52 cm bis 72 cm.<br \/>\nSitzma\u00dfe 34 cm.<br \/>\nGewicht 11 kg.<br \/>\nMaximal unterst\u00fctztes Gewicht 100 kg Mit Handsteuerung.<br \/>\nIdeal f\u00fcr \u00c4rzte.<br \/>\nBitte beachten Sie, dass wir aufgrund der morphologischen Unterschiede jeder Person dringend empfehlen, die Hocker in unserer Ausstellung in Aigle auszuprobieren, bevor Sie Ihren Kauf abschlie\u00dfen. Im Falle eines Fehlkaufs k\u00f6nnen die Hocker weder zur\u00fcckgegeben noch umgetauscht werden.<\/p>\n","protected":false},"excerpt":{"rendered":"<p>Hocker f\u00fcr Arztpraxis Modell Pure iso anthrazit. Arzthocker mit runder Sitzfl\u00e4che Polsterung nach medizinischem Standard. Gro\u00dfe H\u00f6henverstellung von 52 cm bis 72 cm. Sitzma\u00dfe 34 cm. Gewicht 11 kg. Maximal unterst\u00fctztes Gewicht 100 kg Mit Handsteuerung. Ideal f\u00fcr \u00c4rzte. Bitte beachten Sie, dass wir aufgrund der morphologischen Unterschiede jeder Person dringend empfehlen, die Hocker in&hellip;<\/p>\n","protected":false},"featured_media":12962,"template":"","meta":{"_seopress_robots_primary_cat":"none","_seopress_titles_title":"Hocker Arztpraxis Pure ISO Anthrazit - Swissmassage","_seopress_titles_desc":"Runder Hocker nach medizinischen Standards f\u00fcr \u00c4rzte, reines Iso-Modell anthrazitfarben.","_seopress_robots_index":""},"pwb-brand":[],"product_brand":[],"product_cat":[1332,1330,1331,1333,1345,1326,1329,1325,1328,1327],"product_tag":[],"product_folder":[992],"class_list":{"0":"post-15017","1":"product","2":"type-product","3":"status-publish","4":"has-post-thumbnail","6":"product_cat-alle-asthetischen-artikel","7":"product_cat-alle-massageliegen-massage-ausstattungen","8":"product_cat-alle-physio-medizinischen-artikel","9":"product_cat-alle-spa-beauty-produkte","10":"product_cat-alles-massagezubehor","11":"product_cat-hocker-fur-therapeuten","12":"product_cat-hocker-und-komfort","13":"product_cat-medizinischer-stuhl","14":"product_cat-spa-hocker","15":"product_cat-stuhle-fur-kosmetikerinnen","17":"first","18":"instock","19":"taxable","20":"shipping-taxable","21":"purchasable","22":"product-type-simple"},"exclude_global_add_ons":[],"addons":[],"brands":[],"_links":{"self":[{"href":"https:\/\/swissmassage.weprocess.dev\/de\/wp-json\/wp\/v2\/product\/15017","targetHints":{"allow":["GET"]}}],"collection":[{"href":"https:\/\/swissmassage.weprocess.dev\/de\/wp-json\/wp\/v2\/product"}],"about":[{"href":"https:\/\/swissmassage.weprocess.dev\/de\/wp-json\/wp\/v2\/types\/product"}],"wp:featuredmedia":[{"embeddable":true,"href":"https:\/\/swissmassage.weprocess.dev\/de\/wp-json\/wp\/v2\/media\/12962"}],"wp:attachment":[{"href":"https:\/\/swissmassage.weprocess.dev\/de\/wp-json\/wp\/v2\/media?parent=15017"}],"wp:term":[{"taxonomy":"pwb-brand","embeddable":true,"href":"https:\/\/swissmassage.weprocess.dev\/de\/wp-json\/wp\/v2\/pwb-brand?post=15017"},{"taxonomy":"product_brand","embeddable":true,"href":"https:\/\/swissmassage.weprocess.dev\/de\/wp-json\/wp\/v2\/product_brand?post=15017"},{"taxonomy":"product_cat","embeddable":true,"href":"https:\/\/swissmassage.weprocess.dev\/de\/wp-json\/wp\/v2\/product_cat?post=15017"},{"taxonomy":"product_tag","embeddable":true,"href":"https:\/\/swissmassage.weprocess.dev\/de\/wp-json\/wp\/v2\/product_tag?post=15017"},{"taxonomy":"product_folder","embeddable":true,"href":"https:\/\/swissmassage.weprocess.dev\/de\/wp-json\/wp\/v2\/product_folder?post=15017"}],"curies":[{"name":"wp","href":"https:\/\/api.w.org\/{rel}","templated":true}]}}