{"id":15016,"date":"2023-05-24T15:27:43","date_gmt":"2023-05-24T13:27:43","guid":{"rendered":"https:\/\/swissmassage.ch\/produit\/charlottes-fur-abitur-pedispa-blau\/"},"modified":"2024-09-22T08:47:39","modified_gmt":"2024-09-22T06:47:39","slug":"charlottes-fur-abitur-pedispa-blau","status":"publish","type":"product","link":"https:\/\/swissmassage.weprocess.dev\/de\/produits\/charlottes-fur-abitur-pedispa-blau\/","title":{"rendered":"Kappen f\u00fcr Pedispa Wanne Blau"},"content":{"rendered":"<h2>Einweg-Schutzkappen f\u00fcr blaue Pedispa-Beh\u00e4lter.<\/h2>\n<p>  Packung mit 50 St\u00fcck.<br \/>\nFassungsverm\u00f6gen 5 Liter. <\/p>\n","protected":false},"excerpt":{"rendered":"<p>Einweg-Schutzkappen f\u00fcr blaue Pedispa-Beh\u00e4lter. Packung mit 50 St\u00fcck. Fassungsverm\u00f6gen 5 Liter.<\/p>\n","protected":false},"featured_media":12998,"template":"","meta":{"_seopress_robots_primary_cat":"none","_seopress_titles_title":"","_seopress_titles_desc":"Einweg-Schutzkappen f\u00fcr blaue Pedispa-Beh\u00e4lter.\nPackung mit 50 St\u00fcck.\nFassungsverm\u00f6gen 5 Liter.  ","_seopress_robots_index":""},"pwb-brand":[],"product_brand":[],"product_cat":[1332,1331,1392,1349,1390,1376],"product_tag":[1466],"product_folder":[1000],"class_list":{"0":"post-15016","1":"product","2":"type-product","3":"status-publish","4":"has-post-thumbnail","6":"product_cat-alle-asthetischen-artikel","7":"product_cat-alle-physio-medizinischen-artikel","8":"product_cat-alle-seniorenartikel","9":"product_cat-ausstattungen-fur-pedikure-und-fuspflege","10":"product_cat-podologie-in-seniorenheimen-ems","11":"product_cat-podologie-und-pedikuere","12":"product_tag-fuspfleger","14":"first","15":"instock","16":"taxable","17":"shipping-taxable","18":"purchasable","19":"product-type-simple"},"exclude_global_add_ons":[],"addons":[],"brands":[],"_links":{"self":[{"href":"https:\/\/swissmassage.weprocess.dev\/de\/wp-json\/wp\/v2\/product\/15016","targetHints":{"allow":["GET"]}}],"collection":[{"href":"https:\/\/swissmassage.weprocess.dev\/de\/wp-json\/wp\/v2\/product"}],"about":[{"href":"https:\/\/swissmassage.weprocess.dev\/de\/wp-json\/wp\/v2\/types\/product"}],"wp:featuredmedia":[{"embeddable":true,"href":"https:\/\/swissmassage.weprocess.dev\/de\/wp-json\/wp\/v2\/media\/12998"}],"wp:attachment":[{"href":"https:\/\/swissmassage.weprocess.dev\/de\/wp-json\/wp\/v2\/media?parent=15016"}],"wp:term":[{"taxonomy":"pwb-brand","embeddable":true,"href":"https:\/\/swissmassage.weprocess.dev\/de\/wp-json\/wp\/v2\/pwb-brand?post=15016"},{"taxonomy":"product_brand","embeddable":true,"href":"https:\/\/swissmassage.weprocess.dev\/de\/wp-json\/wp\/v2\/product_brand?post=15016"},{"taxonomy":"product_cat","embeddable":true,"href":"https:\/\/swissmassage.weprocess.dev\/de\/wp-json\/wp\/v2\/product_cat?post=15016"},{"taxonomy":"product_tag","embeddable":true,"href":"https:\/\/swissmassage.weprocess.dev\/de\/wp-json\/wp\/v2\/product_tag?post=15016"},{"taxonomy":"product_folder","embeddable":true,"href":"https:\/\/swissmassage.weprocess.dev\/de\/wp-json\/wp\/v2\/product_folder?post=15016"}],"curies":[{"name":"wp","href":"https:\/\/api.w.org\/{rel}","templated":true}]}}