{"id":15014,"date":"2023-05-24T15:27:14","date_gmt":"2023-05-24T13:27:14","guid":{"rendered":"https:\/\/swissmassage.ch\/produit\/halbmond-massagekissen-65cm-x-11cm-anthrazit\/"},"modified":"2023-05-24T15:27:14","modified_gmt":"2023-05-24T13:27:14","slug":"halbmond-massagekissen-65cm-x-11cm-anthrazit","status":"publish","type":"product","link":"https:\/\/swissmassage.weprocess.dev\/de\/produits\/halbmond-massagekissen-65cm-x-11cm-anthrazit\/","title":{"rendered":"Halbmondf\u00f6rmiges Massagekissen 65cm x 11cm mittelgrau"},"content":{"rendered":"<h2>Halbmondf\u00f6rmiges Massagekissen mit einem Radius von 65 cm x 11 cm, mittelgrau.<\/h2>\n<p>  Extrem weiche und starke anthrazitfarbene Polyurethan-Beschichtung.<br \/>\n11 cm dicker Schaumstoff mit hoher Dichte.<br \/>\nIdeale Abmessungen: 65 cm lang und 11 cm Radius.<br \/>\nUnter den F\u00fc\u00dfen und unter dem Oberk\u00f6rper verwenden.<br \/>\nMassagekissen f\u00fcr die Neupositionierung der Beine und den Komfort der Lendenwirbels\u00e4ule.<br \/>\nKomfortkissen in Bauchlage     <\/p>\n","protected":false},"excerpt":{"rendered":"<p>Halbmondf\u00f6rmiges Massagekissen mit einem Radius von 65 cm x 11 cm, mittelgrau. Extrem weiche und starke anthrazitfarbene Polyurethan-Beschichtung. 11 cm dicker Schaumstoff mit hoher Dichte. Ideale Abmessungen: 65 cm lang und 11 cm Radius. Unter den F\u00fc\u00dfen und unter dem Oberk\u00f6rper verwenden. Massagekissen f\u00fcr die Neupositionierung der Beine und den Komfort der Lendenwirbels\u00e4ule. Komfortkissen in&hellip;<\/p>\n","protected":false},"featured_media":12968,"template":"","meta":{"_seopress_robots_primary_cat":"none","_seopress_titles_title":"Halbmondf\u00f6rmiges Massagekissen 65cm x 11cm mittelgrau","_seopress_titles_desc":"Halbmondf\u00f6rmiges Massagekissen mit einem Radius von 65 cm x 11 cm, mittelgrau.\nExtrem weiche und starke anthrazitfarbene Polyurethan-Beschichtung. ","_seopress_robots_index":""},"pwb-brand":[],"product_brand":[],"product_cat":[1345,1338],"product_tag":[],"product_folder":[1001],"class_list":{"0":"post-15014","1":"product","2":"type-product","3":"status-publish","4":"has-post-thumbnail","6":"product_cat-alles-massagezubehor","7":"product_cat-kissen-fur-massagen","9":"first","10":"instock","11":"taxable","12":"shipping-taxable","13":"purchasable","14":"product-type-simple"},"exclude_global_add_ons":[],"addons":[],"brands":[],"_links":{"self":[{"href":"https:\/\/swissmassage.weprocess.dev\/de\/wp-json\/wp\/v2\/product\/15014","targetHints":{"allow":["GET"]}}],"collection":[{"href":"https:\/\/swissmassage.weprocess.dev\/de\/wp-json\/wp\/v2\/product"}],"about":[{"href":"https:\/\/swissmassage.weprocess.dev\/de\/wp-json\/wp\/v2\/types\/product"}],"wp:featuredmedia":[{"embeddable":true,"href":"https:\/\/swissmassage.weprocess.dev\/de\/wp-json\/wp\/v2\/media\/12968"}],"wp:attachment":[{"href":"https:\/\/swissmassage.weprocess.dev\/de\/wp-json\/wp\/v2\/media?parent=15014"}],"wp:term":[{"taxonomy":"pwb-brand","embeddable":true,"href":"https:\/\/swissmassage.weprocess.dev\/de\/wp-json\/wp\/v2\/pwb-brand?post=15014"},{"taxonomy":"product_brand","embeddable":true,"href":"https:\/\/swissmassage.weprocess.dev\/de\/wp-json\/wp\/v2\/product_brand?post=15014"},{"taxonomy":"product_cat","embeddable":true,"href":"https:\/\/swissmassage.weprocess.dev\/de\/wp-json\/wp\/v2\/product_cat?post=15014"},{"taxonomy":"product_tag","embeddable":true,"href":"https:\/\/swissmassage.weprocess.dev\/de\/wp-json\/wp\/v2\/product_tag?post=15014"},{"taxonomy":"product_folder","embeddable":true,"href":"https:\/\/swissmassage.weprocess.dev\/de\/wp-json\/wp\/v2\/product_folder?post=15014"}],"curies":[{"name":"wp","href":"https:\/\/api.w.org\/{rel}","templated":true}]}}