{"id":15013,"date":"2023-05-24T15:27:12","date_gmt":"2023-05-24T13:27:12","guid":{"rendered":"https:\/\/swissmassage.ch\/produit\/massagekissen-zylinder-weich-anthrazit\/"},"modified":"2025-04-24T10:34:25","modified_gmt":"2025-04-24T08:34:25","slug":"massagekissen-zylinder-weich-anthrazit","status":"publish","type":"product","link":"https:\/\/swissmassage.weprocess.dev\/de\/produits\/massagekissen-zylinder-weich-anthrazit\/","title":{"rendered":"Massagekissen weicher Zylinder mittelgrau"},"content":{"rendered":"<h2>Mittelgraues Mehrzweck-Massagekissen mit weichem Zylinder f\u00fcr die Positionierung und den Komfort des Patienten.<\/h2>\n<p>  Extrem weiche und starke wei\u00dfe Polyurethan-Beschichtung.<br \/>\nDieses Massagekissen nimmt die Form des K\u00f6rpers an.<br \/>\nIdeale Abmessungen 68 cm lang und 20 cm Durchmesser.<br \/>\nUnter den Knien verwenden, so dass der R\u00fccken des Patienten flach und entspannt ist.<br \/>\nUnter den Kn\u00f6cheln f\u00fcr die Bein- und R\u00fcckenpositionierung.<br \/>\nUnter dem Pool f\u00fcr Sportmassagen.<br \/>\nUnter dem Bauch, um den R\u00fccken flach zu machen und die Massage zu erleichtern.<br \/>\nUnter dem Oberk\u00f6rper, um den Druck auf die Brust w\u00e4hrend einer Wellness-Massage zu reduzieren.       <\/p>\n","protected":false},"excerpt":{"rendered":"<p>Mittelgraues Mehrzweck-Massagekissen mit weichem Zylinder f\u00fcr die Positionierung und den Komfort des Patienten. Extrem weiche und starke wei\u00dfe Polyurethan-Beschichtung. Dieses Massagekissen nimmt die Form des K\u00f6rpers an. Ideale Abmessungen 68 cm lang und 20 cm Durchmesser. Unter den Knien verwenden, so dass der R\u00fccken des Patienten flach und entspannt ist. Unter den Kn\u00f6cheln f\u00fcr die&hellip;<\/p>\n","protected":false},"featured_media":12965,"template":"","meta":{"_seopress_robots_primary_cat":"none","_seopress_titles_title":"","_seopress_titles_desc":"Mittelgraues Mehrzweck-Massagekissen mit weichem Zylinder f\u00fcr die Positionierung und den Komfort des Patienten.\nDieses Massagekissen nimmt die Form des K\u00f6rpers an. ","_seopress_robots_index":""},"pwb-brand":[],"product_brand":[],"product_cat":[1345,1338],"product_tag":[1461,1397,1460],"product_folder":[1001],"class_list":{"0":"post-15013","1":"product","2":"type-product","3":"status-publish","4":"has-post-thumbnail","6":"product_cat-alles-massagezubehor","7":"product_cat-kissen-fur-massagen","8":"product_tag-beinpolster","9":"product_tag-kissen","10":"product_tag-massagekissen","12":"first","13":"instock","14":"taxable","15":"shipping-taxable","16":"purchasable","17":"product-type-simple"},"exclude_global_add_ons":[],"addons":[],"brands":[],"_links":{"self":[{"href":"https:\/\/swissmassage.weprocess.dev\/de\/wp-json\/wp\/v2\/product\/15013","targetHints":{"allow":["GET"]}}],"collection":[{"href":"https:\/\/swissmassage.weprocess.dev\/de\/wp-json\/wp\/v2\/product"}],"about":[{"href":"https:\/\/swissmassage.weprocess.dev\/de\/wp-json\/wp\/v2\/types\/product"}],"wp:featuredmedia":[{"embeddable":true,"href":"https:\/\/swissmassage.weprocess.dev\/de\/wp-json\/wp\/v2\/media\/12965"}],"wp:attachment":[{"href":"https:\/\/swissmassage.weprocess.dev\/de\/wp-json\/wp\/v2\/media?parent=15013"}],"wp:term":[{"taxonomy":"pwb-brand","embeddable":true,"href":"https:\/\/swissmassage.weprocess.dev\/de\/wp-json\/wp\/v2\/pwb-brand?post=15013"},{"taxonomy":"product_brand","embeddable":true,"href":"https:\/\/swissmassage.weprocess.dev\/de\/wp-json\/wp\/v2\/product_brand?post=15013"},{"taxonomy":"product_cat","embeddable":true,"href":"https:\/\/swissmassage.weprocess.dev\/de\/wp-json\/wp\/v2\/product_cat?post=15013"},{"taxonomy":"product_tag","embeddable":true,"href":"https:\/\/swissmassage.weprocess.dev\/de\/wp-json\/wp\/v2\/product_tag?post=15013"},{"taxonomy":"product_folder","embeddable":true,"href":"https:\/\/swissmassage.weprocess.dev\/de\/wp-json\/wp\/v2\/product_folder?post=15013"}],"curies":[{"name":"wp","href":"https:\/\/api.w.org\/{rel}","templated":true}]}}