{"id":15011,"date":"2023-05-24T15:27:52","date_gmt":"2023-05-24T13:27:52","guid":{"rendered":"https:\/\/swissmassage.ch\/produit\/tendy-manikure-pedikure-pedikure-hocker-und-sitz\/"},"modified":"2023-05-24T15:27:52","modified_gmt":"2023-05-24T13:27:52","slug":"tendy-manikure-pedikure-pedikure-hocker-und-sitz","status":"publish","type":"product","link":"https:\/\/swissmassage.weprocess.dev\/de\/produits\/tendy-manikure-pedikure-pedikure-hocker-und-sitz\/","title":{"rendered":"Tendy Manicure Pedik\u00fcre Hocker &amp; Sitz"},"content":{"rendered":"<h2>Hocker und Pedik\u00fcre Sitzgarnitur Manik\u00fcre Modell Tendy<\/h2>\n<p>  Der einfache und praktische Pedik\u00fcrestuhl besteht aus einem Hocker mit zwei Schubladen, beide mit R\u00e4dern.<br \/>\nAusgestattet mit seitlichem und drehbarem Tablett mit Handauflage, Kissen und Manik\u00fcreschalen im Lieferumfang enthalten.<br \/>\nVerstellbare Fu\u00dfst\u00fctze  <\/p>\n","protected":false},"excerpt":{"rendered":"<p>Hocker und Pedik\u00fcre Sitzgarnitur Manik\u00fcre Modell Tendy Der einfache und praktische Pedik\u00fcrestuhl besteht aus einem Hocker mit zwei Schubladen, beide mit R\u00e4dern. Ausgestattet mit seitlichem und drehbarem Tablett mit Handauflage, Kissen und Manik\u00fcreschalen im Lieferumfang enthalten. Verstellbare Fu\u00dfst\u00fctze<\/p>\n","protected":false},"featured_media":13004,"template":"","meta":{"_seopress_robots_primary_cat":"none","_seopress_titles_title":"","_seopress_titles_desc":"Hocker und Pedik\u00fcre Stuhl Set Manik\u00fcre Modell Tendy. Der einfache und praktische Pedik\u00fcre Stuhl besteht aus einem Hocker mit zwei Schubladen, beide mit R\u00e4dern. ","_seopress_robots_index":""},"pwb-brand":[],"product_brand":[],"product_cat":[1332,1331,1392,1349,1390,1376],"product_tag":[],"product_folder":[1000],"class_list":{"0":"post-15011","1":"product","2":"type-product","3":"status-publish","4":"has-post-thumbnail","6":"product_cat-alle-asthetischen-artikel","7":"product_cat-alle-physio-medizinischen-artikel","8":"product_cat-alle-seniorenartikel","9":"product_cat-ausstattungen-fur-pedikure-und-fuspflege","10":"product_cat-podologie-in-seniorenheimen-ems","11":"product_cat-podologie-und-pedikuere","13":"first","14":"outofstock","15":"taxable","16":"shipping-taxable","17":"purchasable","18":"product-type-simple"},"exclude_global_add_ons":[],"addons":[],"brands":[],"_links":{"self":[{"href":"https:\/\/swissmassage.weprocess.dev\/de\/wp-json\/wp\/v2\/product\/15011","targetHints":{"allow":["GET"]}}],"collection":[{"href":"https:\/\/swissmassage.weprocess.dev\/de\/wp-json\/wp\/v2\/product"}],"about":[{"href":"https:\/\/swissmassage.weprocess.dev\/de\/wp-json\/wp\/v2\/types\/product"}],"wp:featuredmedia":[{"embeddable":true,"href":"https:\/\/swissmassage.weprocess.dev\/de\/wp-json\/wp\/v2\/media\/13004"}],"wp:attachment":[{"href":"https:\/\/swissmassage.weprocess.dev\/de\/wp-json\/wp\/v2\/media?parent=15011"}],"wp:term":[{"taxonomy":"pwb-brand","embeddable":true,"href":"https:\/\/swissmassage.weprocess.dev\/de\/wp-json\/wp\/v2\/pwb-brand?post=15011"},{"taxonomy":"product_brand","embeddable":true,"href":"https:\/\/swissmassage.weprocess.dev\/de\/wp-json\/wp\/v2\/product_brand?post=15011"},{"taxonomy":"product_cat","embeddable":true,"href":"https:\/\/swissmassage.weprocess.dev\/de\/wp-json\/wp\/v2\/product_cat?post=15011"},{"taxonomy":"product_tag","embeddable":true,"href":"https:\/\/swissmassage.weprocess.dev\/de\/wp-json\/wp\/v2\/product_tag?post=15011"},{"taxonomy":"product_folder","embeddable":true,"href":"https:\/\/swissmassage.weprocess.dev\/de\/wp-json\/wp\/v2\/product_folder?post=15011"}],"curies":[{"name":"wp","href":"https:\/\/api.w.org\/{rel}","templated":true}]}}