{"id":15010,"date":"2023-05-24T15:27:48","date_gmt":"2023-05-24T13:27:48","guid":{"rendered":"https:\/\/swissmassage.ch\/produit\/haarband\/"},"modified":"2025-11-26T14:37:14","modified_gmt":"2025-11-26T13:37:14","slug":"haarband","status":"publish","type":"product","link":"https:\/\/swissmassage.weprocess.dev\/de\/produits\/haarband\/","title":{"rendered":"Haarstirnb\u00e4nder Packung mit 48 St\u00fcck"},"content":{"rendered":"<h2 style=\"text-align: left;\">Haarb\u00e4nder.<\/h2>\n<p><span style=\"font-size: 10pt;\">Zum Schutz des Haares bei Sch\u00f6nheitsbehandlungen.<\/span><\/p>\n","protected":false},"excerpt":{"rendered":"<p>Haarb\u00e4nder. Zum Schutz des Haares bei Sch\u00f6nheitsbehandlungen.<\/p>\n","protected":false},"featured_media":13001,"template":"","meta":{"_seopress_robots_primary_cat":"none","_seopress_titles_title":"","_seopress_titles_desc":"Haarb\u00e4nder zum Schutz des Haares w\u00e4hrend der Sch\u00f6nheitsbehandlungen.","_seopress_robots_index":""},"pwb-brand":[],"product_brand":[],"product_cat":[1345,1335],"product_tag":[],"product_folder":[1002],"class_list":{"0":"post-15010","1":"product","2":"type-product","3":"status-publish","4":"has-post-thumbnail","6":"product_cat-alles-massagezubehor","7":"product_cat-massagezubehor","9":"first","10":"instock","11":"taxable","12":"shipping-taxable","13":"purchasable","14":"product-type-simple"},"exclude_global_add_ons":[],"addons":[],"brands":[],"_links":{"self":[{"href":"https:\/\/swissmassage.weprocess.dev\/de\/wp-json\/wp\/v2\/product\/15010","targetHints":{"allow":["GET"]}}],"collection":[{"href":"https:\/\/swissmassage.weprocess.dev\/de\/wp-json\/wp\/v2\/product"}],"about":[{"href":"https:\/\/swissmassage.weprocess.dev\/de\/wp-json\/wp\/v2\/types\/product"}],"wp:featuredmedia":[{"embeddable":true,"href":"https:\/\/swissmassage.weprocess.dev\/de\/wp-json\/wp\/v2\/media\/13001"}],"wp:attachment":[{"href":"https:\/\/swissmassage.weprocess.dev\/de\/wp-json\/wp\/v2\/media?parent=15010"}],"wp:term":[{"taxonomy":"pwb-brand","embeddable":true,"href":"https:\/\/swissmassage.weprocess.dev\/de\/wp-json\/wp\/v2\/pwb-brand?post=15010"},{"taxonomy":"product_brand","embeddable":true,"href":"https:\/\/swissmassage.weprocess.dev\/de\/wp-json\/wp\/v2\/product_brand?post=15010"},{"taxonomy":"product_cat","embeddable":true,"href":"https:\/\/swissmassage.weprocess.dev\/de\/wp-json\/wp\/v2\/product_cat?post=15010"},{"taxonomy":"product_tag","embeddable":true,"href":"https:\/\/swissmassage.weprocess.dev\/de\/wp-json\/wp\/v2\/product_tag?post=15010"},{"taxonomy":"product_folder","embeddable":true,"href":"https:\/\/swissmassage.weprocess.dev\/de\/wp-json\/wp\/v2\/product_folder?post=15010"}],"curies":[{"name":"wp","href":"https:\/\/api.w.org\/{rel}","templated":true}]}}