{"id":15004,"date":"2023-05-24T15:27:54","date_gmt":"2023-05-24T15:27:54","guid":{"rendered":"https:\/\/swissmassage.ch\/produit\/extra-grosse-medizinische-untersuchungsliege-80-cm\/"},"modified":"2025-10-27T13:41:21","modified_gmt":"2025-10-27T12:41:21","slug":"table-d-examen-medical-extra-large-75-cm","status":"publish","type":"product","link":"https:\/\/swissmassage.weprocess.dev\/de\/produits\/table-d-examen-medical-extra-large-75-cm\/","title":{"rendered":"Medizinische Untersuchungsliege XL 75 cm breit"},"content":{"rendered":"<h2>Medizinische Untersuchungsliege und XL-Behandlungsliege 75 cm breit mit Elektromotor zur H\u00f6henverstellung.<\/h2>\n<p>Pratique simple, fiable , la table d&#8217;examens m\u00e9dicaux \u00e9lectrique de soins pour m\u00e9decins g\u00e9n\u00e9ralistes est r\u00e9glable en hauteur par commande \u00e0 pieds de 46 \u00e0 94 cm.<br \/>\nDiese Ma\u00dfe, 75 cm breit und 195 cm lang, bieten mehr Komfort f\u00fcr den Patienten und sind auch in der P\u00e4diatrie sehr beliebt.<br \/>\nSein 5 cm dicker Schaumstoff mit einer Dichte von 36 kg\/m3 sorgt f\u00fcr Komfort und Entspannung.<br \/>\nDie R\u00fcckenlehne, die durch eine Gasfeder angehoben werden kann, erm\u00f6glicht die Untersuchung des Patienten im Sitzen. Es ist mit einem Gesichtsloch und einer Kappe ausgestattet, um Behandlungen in Bauchlage durchzuf\u00fchren.<br \/>\nSeine H\u00f6he von 94 cm erm\u00f6glicht eine pr\u00e4zise Auskultation, insbesondere in der Dermatologie.<br \/>\nDie Behandlungsliege wiegt 65 kg und tr\u00e4gt bis zu 225 kg.<br \/>\nSeine PVC-MED-Beschichtung entspricht dem medizinischen Standard und kann daher in Krankenh\u00e4usern eingesetzt werden.<br \/>\nZertifizierung 93\/42\/EWG Medizinprodukterichtlinie  <\/p>\n<h3>Video medizinische Liege Healthy XL<\/h3>\n<div style=\"width: 1170px;\" class=\"wp-video\"><video class=\"wp-video-shortcode\" id=\"video-15004-1\" width=\"1170\" height=\"662\" preload=\"metadata\" controls=\"controls\"><source type=\"video\/mp4\" src=\"https:\/\/swissmassage.weprocess.dev\/wp-content\/uploads\/Video-table-medicale-large-swissmassage.mp4?_=1\" \/><a href=\"https:\/\/swissmassage.weprocess.dev\/wp-content\/uploads\/Video-table-medicale-large-swissmassage.mp4\">https:\/\/swissmassage.weprocess.dev\/wp-content\/uploads\/Video-table-medicale-large-swissmassage.mp4<\/a><\/video><\/div>\n<p>Swissmassage ist eine eingetragene Marke, die Ihnen die Garantie f\u00fcr Seriosit\u00e4t und Nachverfolgung w\u00e4hrend Ihrer gesamten T\u00e4tigkeit bietet.<br \/>\nUnsere Werkstatt verf\u00fcgt \u00fcber alle Ersatzteile.<br \/>\n<strong>Copyright \u00a9 Swissmassage S\u00e0rl<\/strong><\/p>\n","protected":false},"excerpt":{"rendered":"<p>Medizinische Untersuchungsliege und XL-Behandlungsliege 75 cm breit mit Elektromotor zur H\u00f6henverstellung. Pratique simple, fiable , la table d&#8217;examens m\u00e9dicaux \u00e9lectrique de soins pour m\u00e9decins g\u00e9n\u00e9ralistes est r\u00e9glable en hauteur par commande \u00e0 pieds de 46 \u00e0 94 cm. Diese Ma\u00dfe, 75 cm breit und 195 cm lang, bieten mehr Komfort f\u00fcr den Patienten und sind&hellip;<\/p>\n","protected":false},"featured_media":20960,"template":"","meta":{"_seopress_robots_primary_cat":"none","_seopress_titles_title":"","_seopress_titles_desc":"Extra gro\u00dfe 75 cm gro\u00dfe medizinische Untersuchungsliege mit Elektromotor zur H\u00f6henverstellung mit anhebbarer R\u00fcckenlehne und Gesichtsloch.","_seopress_robots_index":""},"pwb-brand":[],"product_brand":[],"product_cat":[1331,1382],"product_tag":[1458],"product_folder":[1013],"class_list":{"0":"post-15004","1":"product","2":"type-product","3":"status-publish","4":"has-post-thumbnail","6":"product_cat-alle-physio-medizinischen-artikel","7":"product_cat-medizinische-untersuchungsliegen","8":"product_tag-liege-fur-medizinische-untersuchungen","10":"first","11":"instock","12":"taxable","13":"shipping-taxable","14":"purchasable","15":"product-type-simple"},"exclude_global_add_ons":false,"addons":[{"name":"Papierspender f\u00fcr medizinische Untersuchungen","type":"multiple_choice","position":0,"required":false,"title_format":"label","description_enable":false,"description":null,"placeholder_enable":false,"placeholder":null,"display":"images","restrictions_type":"any_text","adjust_price":false,"price":"","price_type":"flat_fee","restrictions":false,"min":0,"max":0,"options":[{"label":"Mit Papierspender f\u00fcr medizinische Untersuchungen","price":"80","price_type":"flat_fee","image":8506}],"id":1718011474}],"brands":[],"_links":{"self":[{"href":"https:\/\/swissmassage.weprocess.dev\/de\/wp-json\/wp\/v2\/product\/15004","targetHints":{"allow":["GET"]}}],"collection":[{"href":"https:\/\/swissmassage.weprocess.dev\/de\/wp-json\/wp\/v2\/product"}],"about":[{"href":"https:\/\/swissmassage.weprocess.dev\/de\/wp-json\/wp\/v2\/types\/product"}],"wp:featuredmedia":[{"embeddable":true,"href":"https:\/\/swissmassage.weprocess.dev\/de\/wp-json\/wp\/v2\/media\/20960"}],"wp:attachment":[{"href":"https:\/\/swissmassage.weprocess.dev\/de\/wp-json\/wp\/v2\/media?parent=15004"}],"wp:term":[{"taxonomy":"pwb-brand","embeddable":true,"href":"https:\/\/swissmassage.weprocess.dev\/de\/wp-json\/wp\/v2\/pwb-brand?post=15004"},{"taxonomy":"product_brand","embeddable":true,"href":"https:\/\/swissmassage.weprocess.dev\/de\/wp-json\/wp\/v2\/product_brand?post=15004"},{"taxonomy":"product_cat","embeddable":true,"href":"https:\/\/swissmassage.weprocess.dev\/de\/wp-json\/wp\/v2\/product_cat?post=15004"},{"taxonomy":"product_tag","embeddable":true,"href":"https:\/\/swissmassage.weprocess.dev\/de\/wp-json\/wp\/v2\/product_tag?post=15004"},{"taxonomy":"product_folder","embeddable":true,"href":"https:\/\/swissmassage.weprocess.dev\/de\/wp-json\/wp\/v2\/product_folder?post=15004"}],"curies":[{"name":"wp","href":"https:\/\/api.w.org\/{rel}","templated":true}]}}