{"id":14996,"date":"2023-05-24T15:29:30","date_gmt":"2023-05-24T15:29:30","guid":{"rendered":"https:\/\/swissmassage.ch\/produit\/medizinischer-wagen-modell-fussel\/"},"modified":"2024-12-03T09:22:20","modified_gmt":"2024-12-03T08:22:20","slug":"medizinischer-wagen-modell-lint","status":"publish","type":"product","link":"https:\/\/swissmassage.weprocess.dev\/de\/produits\/medizinischer-wagen-modell-lint\/","title":{"rendered":"Medizinischer Wagen Modell Lint"},"content":{"rendered":"<h2>Medizinischer Wagen auf R\u00e4dern mit 4 Schubladen, Modell Lint, bestellbar.<\/h2>\n<p>Der medizinische Wagen des Modells Lint wurde f\u00fcr Krankenh\u00e4user und medizinische Zentren entwickelt und l\u00e4sst sich dank seiner kugelgelagerten R\u00e4der leicht bewegen.<br \/>\nEr ist mit seinem Fu\u00dfbremssystem ausgestattet.<br \/>\nAusgestattet mit vier abschlie\u00dfbaren Schubladen kann der Arztwagen mit einer ausziehbaren Ablage erweitert werden.<br \/>\nEr tr\u00e4gt zwei graue und gelbe Beh\u00e4lter, einen wei\u00dfen Korb und einen gelben Mehrzweckbeh\u00e4lter.<br \/>\nDie Schubladen haben modulare Trennw\u00e4nde.<\/p>\n<h2>Technische Beschreibung:<\/h2>\n<p>4 Schubladen, 2 M\u00fclleimer, 1 Mehrzweckbox, 1 Korb aus Edelstahl 304, 1 ausziehbares Seitentablett, Regal.<br \/>\nSchubladen-Organizer Soft-Close-Schienen 4 abschlie\u00dfbare R\u00e4der 1 Schl\u00fcsselschloss in der Mitte 1 Schiebegriff<\/p>\n<h2>Gr\u00f6\u00dfe:<\/h2>\n<p>Breite: 67 cm Tiefe: 50 cm H\u00f6he: 90 cm \u00d8 Rad: 10 cm Gewicht: 42 kg Maximale Belastung: 50 kg \/ Schublade Material: Aluminiumlegierung und ABS Oberfl\u00e4che: wei\u00df ABS Farbe: Grau<\/p>\n<div style=\"width: 640px;\" class=\"wp-video\"><video class=\"wp-video-shortcode\" id=\"video-14996-1\" width=\"640\" height=\"368\" preload=\"auto\" controls=\"controls\"><source type=\"video\/mp4\" src=\"https:\/\/swissmassage.weprocess.dev\/wp-content\/uploads\/Video-chariot-medical-swissmassage-lint.mp4?_=1\" \/><a href=\"https:\/\/swissmassage.weprocess.dev\/wp-content\/uploads\/Video-chariot-medical-swissmassage-lint.mp4\">https:\/\/swissmassage.weprocess.dev\/wp-content\/uploads\/Video-chariot-medical-swissmassage-lint.mp4<\/a><\/video><\/div>\n","protected":false},"excerpt":{"rendered":"<p>Medizinischer Wagen auf R\u00e4dern mit 4 Schubladen, Modell Lint, bestellbar. Der medizinische Wagen des Modells Lint wurde f\u00fcr Krankenh\u00e4user und medizinische Zentren entwickelt und l\u00e4sst sich dank seiner kugelgelagerten R\u00e4der leicht bewegen. Er ist mit seinem Fu\u00dfbremssystem ausgestattet. Ausgestattet mit vier abschlie\u00dfbaren Schubladen kann der Arztwagen mit einer ausziehbaren Ablage erweitert werden. Er tr\u00e4gt zwei&hellip;<\/p>\n","protected":false},"featured_media":14211,"template":"","meta":{"_seopress_robots_primary_cat":"none","_seopress_titles_title":"","_seopress_titles_desc":"Medizinischer Wagen mit Lint modell f\u00fcr Krankenh\u00e4user und medizinische Zentren.","_seopress_robots_index":""},"pwb-brand":[],"product_brand":[],"product_cat":[1331,1392,1372],"product_tag":[1411,1452],"product_folder":[1014],"class_list":{"0":"post-14996","1":"product","2":"type-product","3":"status-publish","4":"has-post-thumbnail","6":"product_cat-alle-physio-medizinischen-artikel","7":"product_cat-alle-seniorenartikel","8":"product_cat-medizinische-wagen","9":"product_tag-medizinisch","10":"product_tag-medizinische-wagen","12":"first","13":"instock","14":"taxable","15":"shipping-taxable","16":"purchasable","17":"product-type-simple"},"exclude_global_add_ons":[],"addons":[],"brands":[],"_links":{"self":[{"href":"https:\/\/swissmassage.weprocess.dev\/de\/wp-json\/wp\/v2\/product\/14996","targetHints":{"allow":["GET"]}}],"collection":[{"href":"https:\/\/swissmassage.weprocess.dev\/de\/wp-json\/wp\/v2\/product"}],"about":[{"href":"https:\/\/swissmassage.weprocess.dev\/de\/wp-json\/wp\/v2\/types\/product"}],"wp:featuredmedia":[{"embeddable":true,"href":"https:\/\/swissmassage.weprocess.dev\/de\/wp-json\/wp\/v2\/media\/14211"}],"wp:attachment":[{"href":"https:\/\/swissmassage.weprocess.dev\/de\/wp-json\/wp\/v2\/media?parent=14996"}],"wp:term":[{"taxonomy":"pwb-brand","embeddable":true,"href":"https:\/\/swissmassage.weprocess.dev\/de\/wp-json\/wp\/v2\/pwb-brand?post=14996"},{"taxonomy":"product_brand","embeddable":true,"href":"https:\/\/swissmassage.weprocess.dev\/de\/wp-json\/wp\/v2\/product_brand?post=14996"},{"taxonomy":"product_cat","embeddable":true,"href":"https:\/\/swissmassage.weprocess.dev\/de\/wp-json\/wp\/v2\/product_cat?post=14996"},{"taxonomy":"product_tag","embeddable":true,"href":"https:\/\/swissmassage.weprocess.dev\/de\/wp-json\/wp\/v2\/product_tag?post=14996"},{"taxonomy":"product_folder","embeddable":true,"href":"https:\/\/swissmassage.weprocess.dev\/de\/wp-json\/wp\/v2\/product_folder?post=14996"}],"curies":[{"name":"wp","href":"https:\/\/api.w.org\/{rel}","templated":true}]}}