{"id":14992,"date":"2023-05-24T15:29:36","date_gmt":"2023-05-24T15:29:36","guid":{"rendered":"https:\/\/swissmassage.ch\/produit\/medizinischer-wagen-modell-anzi\/"},"modified":"2025-11-21T15:46:12","modified_gmt":"2025-11-21T14:46:12","slug":"medizinischer-wagen-modell-anzi","status":"publish","type":"product","link":"https:\/\/swissmassage.weprocess.dev\/de\/produits\/medizinischer-wagen-modell-anzi\/","title":{"rendered":"Medizinischer Wagen Modell Anzi"},"content":{"rendered":"<h2>Medizinischer Wagen auf R\u00e4dern mit 5 Schubladen, Modell Anzi, bestellbar.<\/h2>\n<p>Der medizinische Wagen des Modells Anzi wurde f\u00fcr Krankenh\u00e4user und medizinische Zentren entwickelt und l\u00e4sst sich dank seiner kugelgelagerten R\u00e4der leicht bewegen.<br \/>\nEr ist mit seinem Fu\u00dfbremssystem ausgestattet.<br \/>\nAusgestattet mit f\u00fcnf abschlie\u00dfbaren Schubladen kann der Arztwagen mit einer ausziehbaren Ablage erweitert werden.<br \/>\nEr tr\u00e4gt zwei graue und gelbe Beh\u00e4lter, einen wei\u00dfen Korb und einen gelben Mehrzweckbeh\u00e4lter.<br \/>\nDie Schubladen haben modulare Trennw\u00e4nde.<br \/>\nEr ist mit kleinen H\u00e4ngest\u00e4ndern versehen.<\/p>\n<h2>Technische Beschreibung:<\/h2>\n<p>1 Defibrillator-Ablage<br \/>\n5 Schubladen<br \/>\n1 Halterung f\u00fcr Sauerstoffflaschen<br \/>\n1 CPR-Tafel<br \/>\n2 M\u00fclltonnen<br \/>\n1 Korb aus Edelstahldraht<br \/>\n1 Steckdosensockel<br \/>\n1 ausziehbares Seitentablett<br \/>\nTrennw\u00e4nde zum Organisieren von Schubladen<br \/>\nSoft-Close-Rei\u00dfverschl\u00fcsse<br \/>\nFeststellbare R\u00e4der<br \/>\nZentralschloss mit Schl\u00fcssel<\/p>\n<h2>Gr\u00f6\u00dfe:<\/h2>\n<p>Breite: 67 cm<br \/>\nTiefe: 50 cm<br \/>\nH\u00f6he: 100 cm<br \/>\n(Oberfl\u00e4che)<br \/>\nRad-\u00d8: 10 cm<br \/>\nGewicht: 52 kg<br \/>\nMaximale Belastung: 50 kg \/ Schublade<br \/>\nMaterial: Aluminiumlegierung und ABS<br \/>\nOberfl\u00e4che: Wei\u00dfes ABS<br \/>\nFarbe: Rot<\/p>\n<div style=\"width: 640px;\" class=\"wp-video\"><video class=\"wp-video-shortcode\" id=\"video-14992-1\" width=\"640\" height=\"368\" preload=\"auto\" controls=\"controls\"><source type=\"video\/mp4\" src=\"https:\/\/swissmassage.weprocess.dev\/wp-content\/uploads\/Video-chariot-medical-Swissmassage-Anzi.mp4?_=1\" \/><a href=\"https:\/\/swissmassage.weprocess.dev\/wp-content\/uploads\/Video-chariot-medical-Swissmassage-Anzi.mp4\">https:\/\/swissmassage.weprocess.dev\/wp-content\/uploads\/Video-chariot-medical-Swissmassage-Anzi.mp4<\/a><\/video><\/div>\n","protected":false},"excerpt":{"rendered":"<p>Medizinischer Wagen auf R\u00e4dern mit 5 Schubladen, Modell Anzi, bestellbar. Der medizinische Wagen des Modells Anzi wurde f\u00fcr Krankenh\u00e4user und medizinische Zentren entwickelt und l\u00e4sst sich dank seiner kugelgelagerten R\u00e4der leicht bewegen. Er ist mit seinem Fu\u00dfbremssystem ausgestattet. Ausgestattet mit f\u00fcnf abschlie\u00dfbaren Schubladen kann der Arztwagen mit einer ausziehbaren Ablage erweitert werden. Er tr\u00e4gt zwei&hellip;<\/p>\n","protected":false},"featured_media":14184,"template":"","meta":{"_seopress_robots_primary_cat":"none","_seopress_titles_title":"","_seopress_titles_desc":"Anzi Modell medizinischer Wagen f\u00fcr Krankenh\u00e4user und medizinische Zentren.","_seopress_robots_index":""},"pwb-brand":[],"product_brand":[],"product_cat":[1331,1372],"product_tag":[1411,1452],"product_folder":[1014],"class_list":{"0":"post-14992","1":"product","2":"type-product","3":"status-publish","4":"has-post-thumbnail","6":"product_cat-alle-physio-medizinischen-artikel","7":"product_cat-medizinische-wagen","8":"product_tag-medizinisch","9":"product_tag-medizinische-wagen","11":"first","12":"instock","13":"taxable","14":"shipping-taxable","15":"purchasable","16":"product-type-simple"},"exclude_global_add_ons":[],"addons":[],"brands":[],"_links":{"self":[{"href":"https:\/\/swissmassage.weprocess.dev\/de\/wp-json\/wp\/v2\/product\/14992","targetHints":{"allow":["GET"]}}],"collection":[{"href":"https:\/\/swissmassage.weprocess.dev\/de\/wp-json\/wp\/v2\/product"}],"about":[{"href":"https:\/\/swissmassage.weprocess.dev\/de\/wp-json\/wp\/v2\/types\/product"}],"wp:featuredmedia":[{"embeddable":true,"href":"https:\/\/swissmassage.weprocess.dev\/de\/wp-json\/wp\/v2\/media\/14184"}],"wp:attachment":[{"href":"https:\/\/swissmassage.weprocess.dev\/de\/wp-json\/wp\/v2\/media?parent=14992"}],"wp:term":[{"taxonomy":"pwb-brand","embeddable":true,"href":"https:\/\/swissmassage.weprocess.dev\/de\/wp-json\/wp\/v2\/pwb-brand?post=14992"},{"taxonomy":"product_brand","embeddable":true,"href":"https:\/\/swissmassage.weprocess.dev\/de\/wp-json\/wp\/v2\/product_brand?post=14992"},{"taxonomy":"product_cat","embeddable":true,"href":"https:\/\/swissmassage.weprocess.dev\/de\/wp-json\/wp\/v2\/product_cat?post=14992"},{"taxonomy":"product_tag","embeddable":true,"href":"https:\/\/swissmassage.weprocess.dev\/de\/wp-json\/wp\/v2\/product_tag?post=14992"},{"taxonomy":"product_folder","embeddable":true,"href":"https:\/\/swissmassage.weprocess.dev\/de\/wp-json\/wp\/v2\/product_folder?post=14992"}],"curies":[{"name":"wp","href":"https:\/\/api.w.org\/{rel}","templated":true}]}}