{"id":14991,"date":"2023-05-24T15:31:11","date_gmt":"2023-05-24T15:31:11","guid":{"rendered":"https:\/\/swissmassage.ch\/produit\/matratzenauflage-verbreiterung-fur-behandlungsliege\/"},"modified":"2023-05-24T15:31:11","modified_gmt":"2023-05-24T13:31:11","slug":"matratzenauflage-verbreiterung-fur-behandlungsliege","status":"publish","type":"product","link":"https:\/\/swissmassage.weprocess.dev\/de\/produits\/matratzenauflage-verbreiterung-fur-behandlungsliege\/","title":{"rendered":"Matratzenauflage f\u00fcr Behandlungsliege"},"content":{"rendered":"<h2>Spezielle Vinyl-Matratzenauflage f\u00fcr Behandlungsliegen<\/h2>\n<p><span style=\"font-size: 10pt;\">Die Matratzenauflage f\u00fcr den Behandlungstisch wurde entwickelt, um Ihr Pflegeerlebnis zu verbessern, indem sie eine zus\u00e4tzliche Komfortschicht hinzuf\u00fcgt.<br \/>\nMit einer um 6 cm erh\u00f6hten Dicke bietet die Matratzenauflage ein Gef\u00fchl von Weichheit und gesteigertem Komfort, was neue M\u00f6glichkeiten f\u00fcr wohlf\u00fchlorientierte Pflegetechniken er\u00f6ffnet.<br \/>\nEs ist ideal f\u00fcr Tische mit d\u00fcnnerem oder alterndem Schaumstoff oder einer zu hohen Dichte, die nicht den gew\u00fcnschten Komfort bieten.<br \/>\nDie Matratzenauflage wurde speziell entwickelt, um den Bed\u00fcrfnissen von Therapeuten gerecht zu werden, die vielseitige Pflegetechniken anwenden, die verschiedene Arten von Schaumstoffen erfordern, die manchmal fester und manchmal bequemer sind.<br \/>\nSo verwandelt es beispielsweise Physiotherapieliegen mit reduzierten Breiten und Schaumstoffen einfach und tempor\u00e4r in \u00e4u\u00dferst komfortable Massageliegen.<br \/>\nDer Bezug der Matratzenauflage besteht aus weichem Vinyl, das ein weiches Hautgef\u00fchl bietet, widerstandsf\u00e4hig gegen h\u00e4ufige Reinigung ist und so eine lange Lebensdauer gew\u00e4hrleistet.     <\/span><\/p>\n<h2>Gr\u00f6\u00dfe:<\/h2>\n<p>  180 cm lang.<br \/>\n80 cm breit.<br \/>\n6 cm dick.  <\/p>\n","protected":false},"excerpt":{"rendered":"<p>Spezielle Vinyl-Matratzenauflage f\u00fcr Behandlungsliegen Die Matratzenauflage f\u00fcr den Behandlungstisch wurde entwickelt, um Ihr Pflegeerlebnis zu verbessern, indem sie eine zus\u00e4tzliche Komfortschicht hinzuf\u00fcgt. Mit einer um 6 cm erh\u00f6hten Dicke bietet die Matratzenauflage ein Gef\u00fchl von Weichheit und gesteigertem Komfort, was neue M\u00f6glichkeiten f\u00fcr wohlf\u00fchlorientierte Pflegetechniken er\u00f6ffnet. Es ist ideal f\u00fcr Tische mit d\u00fcnnerem oder alterndem&hellip;<\/p>\n","protected":false},"featured_media":13554,"template":"","meta":{"_seopress_robots_primary_cat":"none","_seopress_titles_title":"","_seopress_titles_desc":"Die Matratzenauflage f\u00fcr den Behandlungstisch wurde entwickelt, um Ihr Pflegeerlebnis zu verbessern, indem sie eine zus\u00e4tzliche Komfortschicht hinzuf\u00fcgt.","_seopress_robots_index":""},"pwb-brand":[],"product_brand":[],"product_cat":[1345,1336],"product_tag":[1397,1451],"product_folder":[1030],"class_list":{"0":"post-14991","1":"product","2":"type-product","3":"status-publish","4":"has-post-thumbnail","6":"product_cat-alles-massagezubehor","7":"product_cat-zubehor-fur-massageliegen","8":"product_tag-kissen","9":"product_tag-trosten","10":"product_shipping_class-sperrige-swisspost","12":"first","13":"instock","14":"taxable","15":"shipping-taxable","16":"purchasable","17":"product-type-simple"},"exclude_global_add_ons":[],"addons":[],"brands":[],"_links":{"self":[{"href":"https:\/\/swissmassage.weprocess.dev\/de\/wp-json\/wp\/v2\/product\/14991","targetHints":{"allow":["GET"]}}],"collection":[{"href":"https:\/\/swissmassage.weprocess.dev\/de\/wp-json\/wp\/v2\/product"}],"about":[{"href":"https:\/\/swissmassage.weprocess.dev\/de\/wp-json\/wp\/v2\/types\/product"}],"wp:featuredmedia":[{"embeddable":true,"href":"https:\/\/swissmassage.weprocess.dev\/de\/wp-json\/wp\/v2\/media\/13554"}],"wp:attachment":[{"href":"https:\/\/swissmassage.weprocess.dev\/de\/wp-json\/wp\/v2\/media?parent=14991"}],"wp:term":[{"taxonomy":"pwb-brand","embeddable":true,"href":"https:\/\/swissmassage.weprocess.dev\/de\/wp-json\/wp\/v2\/pwb-brand?post=14991"},{"taxonomy":"product_brand","embeddable":true,"href":"https:\/\/swissmassage.weprocess.dev\/de\/wp-json\/wp\/v2\/product_brand?post=14991"},{"taxonomy":"product_cat","embeddable":true,"href":"https:\/\/swissmassage.weprocess.dev\/de\/wp-json\/wp\/v2\/product_cat?post=14991"},{"taxonomy":"product_tag","embeddable":true,"href":"https:\/\/swissmassage.weprocess.dev\/de\/wp-json\/wp\/v2\/product_tag?post=14991"},{"taxonomy":"product_folder","embeddable":true,"href":"https:\/\/swissmassage.weprocess.dev\/de\/wp-json\/wp\/v2\/product_folder?post=14991"}],"curies":[{"name":"wp","href":"https:\/\/api.w.org\/{rel}","templated":true}]}}