{"id":14990,"date":"2023-05-24T15:31:09","date_gmt":"2023-05-24T15:31:09","guid":{"rendered":"https:\/\/swissmassage.ch\/produit\/einfuehrung-in-die-sportliche-oder-entspannende-massage\/"},"modified":"2026-02-05T09:35:31","modified_gmt":"2026-02-05T08:35:31","slug":"initiation-au-massage-sportif","status":"publish","type":"product","link":"https:\/\/swissmassage.weprocess.dev\/de\/produits\/initiation-au-massage-sportif\/","title":{"rendered":"Einf\u00fchrungskurs Sportmassage"},"content":{"rendered":"<h2>Einf\u00fchrung in die Sportmassage<\/h2>\n<p>Die Einf\u00fchrung in die Sportmassagen ist eine gro\u00dfartige Gelegenheit f\u00fcr Menschen, die die Grundlagen der Massagetechniken erlernen und F\u00e4higkeiten erwerben m\u00f6chten, um ihren Sportfreunden, ihrer Familie oder sich selbst Massagen anzubieten.<br \/>\nEs handelt sich um einen halbt\u00e4gigen Workshop, in dem Ihnen ein qualifizierter Therapeut die Grundlagen der Sportmassagetechniken beibringt, wobei der Schwerpunkt auf der Praxis liegt.<br \/>\nGer\u00e4te wie Massageliegen, Pads und \u00d6le werden von Swissmassage zur Verf\u00fcgung gestellt, ebenso wie ein grosses XL-Massagetuch, welches Ihnen am Ende des Kurses angeboten wird.<\/p>\n<h2>Programm des Vormittags:<\/h2>\n<p><strong>08:00 &#8211; 08:10 Uhr<\/strong> Empfang und Installation der klappbaren Massageliegen<br \/>\n<strong>08:10 &#8211; 08:15 Uhr<\/strong> Begr\u00fc\u00dfung und Vormittagsprogramm<br \/>\n<strong>08:15 Uhr &#8211; 08:35 Uhr<\/strong> Runder Tisch, Beziehung jeder Person zur Massage, Interesse und Erwartungen der Teilnehmer, schnelle Pr\u00e4sentation des Hintergrunds des Referenten<br \/>\n<strong>08:35 &#8211; 08:45 Uhr<\/strong> Erl\u00e4uterungen zu den Kontraindikationen f\u00fcr die Massage und wichtige Punkte der Vorgeschichte<br \/>\n<strong>08:45 &#8211; 09:20 Uhr<\/strong> Demonstrationen von Bewegungen pro Teil, 1 (Fu\u00df &#8211; Bein doppelt\/R\u00fccken), 2 (R\u00fccken, Nacken, Arme, Brustmuskeln)<br \/>\n<strong>09:20 &#8211; 09:40 Uhr<\/strong> Gruppe 1 Bewegungspraxis (untere Gliedma\u00dfen)<br \/>\n<strong>09:40 &#8211; 10:00 Uhr<\/strong> Gruppe 2 Bewegungs\u00fcbungen (untere Gliedma\u00dfen)<br \/>\n<strong>10:00 &#8211; 10:15 Uhr<\/strong> Brechen<br \/>\n<strong>10:15 &#8211; 10:45<\/strong> Uhr Gruppe 1 Bewegungspraxis (obere Gliedma\u00dfen)<br \/>\n<strong>10:45 Uhr &#8211; 11:15 Uhr<\/strong> Bewegungspraxis der Gruppe 2 (obere Extremit\u00e4t)<br \/>\n<strong>11:15 Uhr &#8211; 11:30 Uhr<\/strong> Fragen und \u00dcberarbeitungen der zu zeigenden K\u00f6rperpassagen + \u00dcberpr\u00fcfung der Kontraindikationen f\u00fcr die Massage<br \/>\n<strong>11:30 &#8211; 11:50 Uhr<\/strong> Pr\u00e4sentation von Massageliegen, \u00d6len und Zubeh\u00f6r<br \/>\n<strong>11:50 &#8211; 12:00 Uhr<\/strong> Abschluss und Auswertung des Vormittags<\/p>\n<h2>Praktische Informationen:<\/h2>\n<p>Der Kurs beginnt um 8 Uhr bei <a href=\"https:\/\/maps.app.goo.gl\/HLG517iD5GJQRj8w6\">Swissmassage (Chemin des \u00eeles 16, 1860 Aigle)<\/a> und endet um 12 Uhr.<br \/>\nWir haben Parkpl\u00e4tze.<br \/>\nDer Kurs wird zu zweit durchgef\u00fchrt. Jeder der Reihe nach wird der Masseur massiert und umgekehrt.<br \/>\nWenn Sie sich nicht zu zweit anmelden, k\u00f6nnen Sie den Kurs trotzdem mit einem anderen alleine angemeldeten Teilnehmer belegen.<br \/>\nPlanen Sie, einen Badeanzug mitzunehmen, um guten Komfort zu gew\u00e4hrleisten.<br \/>\nW\u00e4hrend des gesamten Kurses k\u00f6nnen Sie selbstverst\u00e4ndlich Fragen stellen und wir beantworten diese gerne.<br \/>\nAm Ende des Vormittags wird Ihnen ein gro\u00dfes Massagetuch angeboten.<\/p>\n<h2>Ziel des Sportmassage-Workshops<\/h2>\n<p>Wenn Sie nach einer Einf\u00fchrungsmassage schnell \u00fcben, k\u00f6nnen Sie die erlernten Informationen und F\u00e4higkeiten besser behalten und sie effektiv in die Praxis umsetzen. Durch regelm\u00e4\u00dfiges Massieren k\u00f6nnen Sie fortgeschrittene F\u00e4higkeiten und Techniken entwickeln, um Massagen anzubieten, die auf spezifische Bed\u00fcrfnisse zugeschnitten sind.Indem Sie die Unterschiede zwischen den Massagetechniken kennen, werden Sie die Vorteile und den Nutzen jeder Art von Massage verstehen. Zum Beispiel ist die sogenannte \u201eschwedische\u201c Massage eine Art von Massage, die oft zur Entspannung und zum Stressabbau eingesetzt wird, w\u00e4hrend die Sportmassage zur Linderung von Muskelkater und zur Verbesserung der Genesung nach anstrengender k\u00f6rperlicher Aktivit\u00e4t eingesetzt wird.Wenn Sie lernen, wie Sie das richtige Massage\u00f6l ausw\u00e4hlen, k\u00f6nnen Sie ein angenehmeres und wohltuenderes Massageerlebnis schaffen. Die Wahl des richtigen \u00d6ls tr\u00e4gt dazu bei, die Flie\u00dff\u00e4higkeit der Massage zu verbessern und zus\u00e4tzliche Vorteile f\u00fcr die Haut zu bieten.Der Workshop \u201eEinf\u00fchrung in die Massagen\u201c kann f\u00fcr manche Menschen eine Offenbarung sein, da er ihr Wissen und Verst\u00e4ndnis f\u00fcr den menschlichen K\u00f6rper erweitert und es ihnen erm\u00f6glicht, ihrem engsten Umfeld entspannende und sportliche Massagen anzubieten. Es kann auch eine gro\u00dfartige Gelegenheit f\u00fcr diejenigen sein, die berufliche F\u00e4higkeiten im Bereich Wellness und Gesundheit entwickeln m\u00f6chten.<\/p>\n","protected":false},"excerpt":{"rendered":"<p>Einf\u00fchrung in die Sportmassage Die Einf\u00fchrung in die Sportmassagen ist eine gro\u00dfartige Gelegenheit f\u00fcr Menschen, die die Grundlagen der Massagetechniken erlernen und F\u00e4higkeiten erwerben m\u00f6chten, um ihren Sportfreunden, ihrer Familie oder sich selbst Massagen anzubieten. Es handelt sich um einen halbt\u00e4gigen Workshop, in dem Ihnen ein qualifizierter Therapeut die Grundlagen der Sportmassagetechniken beibringt, wobei der&hellip;<\/p>\n","protected":false},"featured_media":20131,"template":"","meta":{"_seopress_robots_primary_cat":"none","_seopress_titles_title":"Einf\u00fchrungskurs in Sportmassage - Swissmassage","_seopress_titles_desc":"Die Einf\u00fchrung in die Massage ist eine gro\u00dfartige Gelegenheit f\u00fcr Menschen, die die Grundlagen der Massagetechniken erlernen und F\u00e4higkeiten erwerben m\u00f6chten.","_seopress_robots_index":""},"pwb-brand":[],"product_brand":[],"product_cat":[1330,1359],"product_tag":[],"product_folder":[1005],"class_list":{"0":"post-14990","1":"product","2":"type-product","3":"status-publish","4":"has-post-thumbnail","6":"product_cat-alle-massageliegen-massage-ausstattungen","7":"product_cat-massagekurse","8":"product_shipping_class-versandkosten-inklusive-paket","10":"first","11":"instock","12":"taxable","13":"shipping-taxable","14":"purchasable","15":"product-type-simple"},"exclude_global_add_ons":[],"addons":[],"brands":[],"_links":{"self":[{"href":"https:\/\/swissmassage.weprocess.dev\/de\/wp-json\/wp\/v2\/product\/14990","targetHints":{"allow":["GET"]}}],"collection":[{"href":"https:\/\/swissmassage.weprocess.dev\/de\/wp-json\/wp\/v2\/product"}],"about":[{"href":"https:\/\/swissmassage.weprocess.dev\/de\/wp-json\/wp\/v2\/types\/product"}],"wp:featuredmedia":[{"embeddable":true,"href":"https:\/\/swissmassage.weprocess.dev\/de\/wp-json\/wp\/v2\/media\/20131"}],"wp:attachment":[{"href":"https:\/\/swissmassage.weprocess.dev\/de\/wp-json\/wp\/v2\/media?parent=14990"}],"wp:term":[{"taxonomy":"pwb-brand","embeddable":true,"href":"https:\/\/swissmassage.weprocess.dev\/de\/wp-json\/wp\/v2\/pwb-brand?post=14990"},{"taxonomy":"product_brand","embeddable":true,"href":"https:\/\/swissmassage.weprocess.dev\/de\/wp-json\/wp\/v2\/product_brand?post=14990"},{"taxonomy":"product_cat","embeddable":true,"href":"https:\/\/swissmassage.weprocess.dev\/de\/wp-json\/wp\/v2\/product_cat?post=14990"},{"taxonomy":"product_tag","embeddable":true,"href":"https:\/\/swissmassage.weprocess.dev\/de\/wp-json\/wp\/v2\/product_tag?post=14990"},{"taxonomy":"product_folder","embeddable":true,"href":"https:\/\/swissmassage.weprocess.dev\/de\/wp-json\/wp\/v2\/product_folder?post=14990"}],"curies":[{"name":"wp","href":"https:\/\/api.w.org\/{rel}","templated":true}]}}