{"id":14979,"date":"2023-10-20T13:49:35","date_gmt":"2023-10-20T11:49:35","guid":{"rendered":"https:\/\/swissmassage.ch\/produit\/elektrische-massageliege-modell-virgin\/"},"modified":"2025-12-11T10:35:10","modified_gmt":"2025-12-11T09:35:10","slug":"elektrische-massageliege-modell-virgin","status":"publish","type":"product","link":"https:\/\/swissmassage.weprocess.dev\/de\/produits\/elektrische-massageliege-modell-virgin\/","title":{"rendered":"Virgin Elektrische Massageliege"},"content":{"rendered":"<h2>Virgin Elektrische Massageliege<\/h2>\n<p class=\"rouge\" style=\"text-align: justify;\"><span style=\"color: #000000;\">Beschreibung der Virgin Massageliege:<\/span><\/p>\n<p class=\"rouge\" style=\"text-align: justify;\"><span style=\"color: #000000;\">1 Motor zur H\u00f6henverstellung von 60 cm bis 93 cm.<\/span><br \/>\n<span style=\"color: #000000;\">1 Motor verstellt die R\u00fcckenlehne in eine sitzende Position.<\/span><br \/>\n<span style=\"color: #000000;\">1 Motor erm\u00f6glicht es Ihnen, die Beine anzuheben, um den unteren R\u00fccken zu entlasten.<\/span><br \/>\n<span style=\"color: #000000;\">Flexible wei\u00dfe Polyurethan-Beschichtung.<\/span><br \/>\n<span style=\"color: #000000;\">R\u00fcckenlehne mit Gesichtsloch und Kappe.<\/span><br \/>\n<span style=\"color: #000000;\">Verstellbare Armlehnen f\u00fcr besseren Komfort in Bauchlage.<\/span><br \/>\n<span style=\"color: #000000;\">Spezieller Extra-Komfort-Schaumstoff von <\/span><span style=\"color: #000000;\">12 <span class=\"rouge\">cm<\/span><\/span><span style=\"color: #000000;\">.<\/span><br \/>\n<span style=\"color: #000000;\">Ideales Design f\u00fcr moderne Hotels, Spas und Institute.<br \/>\nIntegrierte Heizmatte (!)<br \/>\nIntegrierte LED-Beleuchtung.<\/span><br \/>\n<span style=\"color: #000000;\">Breite 74 cm,<\/span><br \/>\n<span style=\"color: #000000;\">L\u00e4nge 198 cm.<\/span><br \/>\n<span style=\"color: #000000;\">H\u00f6he 60 bis 93 cm.<\/span><br \/>\n<span style=\"color: #000000;\">Gewicht 90 kg.<br \/>\nMaximales Arbeitsgewicht 175 kg.<br \/>\n<\/span><\/p>\n<p><span style=\"color: #000000;\">(!)<\/span><br \/>\n<span style=\"color: #000000;\">Die eingebaute Heizmatte ist so konzipiert, dass sie die Matratze erw\u00e4rmt und dem Patienten ein Gef\u00fchl des Wohlbefindens vermittelt. Die bereitgestellte W\u00e4rme ist diffus und hat keinen therapeutischen Zweck. <\/span><br \/>\n<span style=\"color: #000000;\">F\u00fcr den therapeutischen Einsatz empfehlen wir den Kauf unserer <a style=\"color: #000000;\" href=\"https:\/\/swissmassage.weprocess.dev\/produit\/couverture-chauffante-table-de-massage\/\">Heizdecke<\/a>, die auf 10 Temperaturstufen einstellbar und mit einem programmierbaren Timer von einer bis zehn Stunden ausgestattet ist, der sich nach Gebrauch automatisch abschaltet.<\/span><\/p>\n<h3>Philosophie der Massageliege Modell Virgin:<\/h3>\n<p>In der beruhigenden Atmosph\u00e4re eines Luxushotels, Spas oder modernen Instituts findet die elektrische Massageliege Virgin einen unverzichtbaren Platz. Mit seinem eleganten Design und seiner ausgekl\u00fcgelten Funktionalit\u00e4t bietet es einer Kundschaft, die an High-End-Salons gew\u00f6hnt ist, eine unvergleichliche Entspannung.<br \/>\nAusgestattet mit einem Motor zur H\u00f6henverstellung des Tisches sowie der Sitzr\u00fcckenlehne und den Beinen zur Entlastung der Lendenwirbels\u00e4ule passt sich dieser Tisch perfekt an die Bed\u00fcrfnisse aller an. Die weiche und bequeme wei\u00dfe Polyurethanbeschichtung schafft eine einladende Umgebung, w\u00e4hrend die R\u00fcckenlehne mit Gesichtsloch und verstellbaren Armlehnen unter allen Umst\u00e4nden optimalen Komfort bietet.<br \/>\nDer spezielle Extra-Komfort-Schaum umh\u00fcllt den K\u00f6rper mit einem Kokon aus Weichheit und bietet perfekten Halt w\u00e4hrend der Massage. Sein schlankes Design f\u00fcgt sich nahtlos in jede moderne Umgebung ein und verleiht dem Entspannungsbereich einen Hauch von Raffinesse.<br \/>\nDie optional eingebaute Heizmatte sorgt f\u00fcr eine zus\u00e4tzliche Dimension des Wohlbefindens und sorgt f\u00fcr ein weiches und angenehmes W\u00e4rmegef\u00fchl. Obwohl es nicht therapeutisch ist, tr\u00e4gt es zum Erlebnis der Entspannung bei. F\u00fcr spezifische therapeutische Bed\u00fcrfnisse wird eine verstellbare Heizdecke empfohlen.<br \/>\nMit seinen gro\u00dfz\u00fcgigen Abmessungen bietet dieser Tisch einen komfortablen und funktionalen Arbeitsplatz. Leicht und robust, garantiert es ein hervorragendes Massageerlebnis f\u00fcr alle Kunden.<br \/>\nDie elektrische Massageliege Virgin verk\u00f6rpert Exzellenz auf dem Gebiet des Wohlbefindens und der Entspannung. Es stellt eine hochwertige Investition f\u00fcr jedes Unternehmen dar, das seinen Kunden das Beste in Bezug auf Entspannung und Pflege bieten m\u00f6chte.      <\/p>\n","protected":false},"excerpt":{"rendered":"<p>Virgin Elektrische Massageliege Beschreibung der Virgin Massageliege: 1 Motor zur H\u00f6henverstellung von 60 cm bis 93 cm. 1 Motor verstellt die R\u00fcckenlehne in eine sitzende Position. 1 Motor erm\u00f6glicht es Ihnen, die Beine anzuheben, um den unteren R\u00fccken zu entlasten. Flexible wei\u00dfe Polyurethan-Beschichtung. R\u00fcckenlehne mit Gesichtsloch und Kappe. Verstellbare Armlehnen f\u00fcr besseren Komfort in Bauchlage.&hellip;<\/p>\n","protected":false},"featured_media":14535,"template":"","meta":{"_seopress_robots_primary_cat":"286","_seopress_titles_title":"","_seopress_titles_desc":"Die elektrische Massageliege Virgin verk\u00f6rpert Exzellenz im Bereich des Wohlbefindens und der Entspannung.","_seopress_robots_index":""},"pwb-brand":[],"product_brand":[],"product_cat":[1332,1330,1333,1356,1368,1387],"product_tag":[1440,1447,1445,1443,1441,1444,1446],"product_folder":[987],"class_list":{"0":"post-14979","1":"product","2":"type-product","3":"status-publish","4":"has-post-thumbnail","6":"product_cat-alle-asthetischen-artikel","7":"product_cat-alle-massageliegen-massage-ausstattungen","8":"product_cat-alle-spa-beauty-produkte","9":"product_cat-asthetikliegen","10":"product_cat-elektrische-massageliegen","11":"product_cat-spa-liegen","12":"product_tag-asthetisch","13":"product_tag-asthetische-massageliege","14":"product_tag-elektrische-massageliege","15":"product_tag-massageliege","16":"product_tag-spa-de","17":"product_tag-spa-massageliege","18":"product_tag-spa-einrichtungen","20":"first","21":"instock","22":"taxable","23":"shipping-taxable","24":"purchasable","25":"product-type-simple"},"exclude_global_add_ons":false,"addons":[{"name":"Option f\u00fcr einen sch\u00fctzenden Papierspender","type":"multiple_choice","position":0,"required":false,"title_format":"label","description_enable":false,"description":null,"placeholder_enable":false,"placeholder":null,"display":"images","restrictions_type":"any_text","adjust_price":false,"price":"","price_type":"flat_fee","restrictions":false,"min":0,"max":0,"options":[{"label":"Mit sch\u00fctzendem Papierspender","price":"50","price_type":"flat_fee","image":8603}],"id":1720448926},{"name":"Option f\u00fcr Fu\u00dfschalter","type":"multiple_choice","position":1,"required":false,"title_format":"label","description_enable":false,"description":null,"placeholder_enable":false,"placeholder":null,"display":"images","restrictions_type":"any_text","adjust_price":false,"price":"","price_type":"flat_fee","restrictions":false,"min":0,"max":0,"options":[{"label":"Mit Fu\u00dfschalter","price":"260","price_type":"flat_fee","image":8602}],"id":1720448927},{"name":"Verl\u00e4ngerungsm\u00f6glichkeit +16 cm","type":"multiple_choice","position":2,"required":false,"title_format":"label","description_enable":false,"description":null,"placeholder_enable":false,"placeholder":null,"display":"images","restrictions_type":"any_text","adjust_price":false,"price":"","price_type":"flat_fee","restrictions":false,"min":0,"max":0,"options":[{"label":"Verl\u00e4ngerung +16 cm","price":"260","price_type":"flat_fee","image":19778}],"id":1756910387},{"name":"Finanzierungsm\u00f6glichkeit","type":"checkbox","position":3,"required":false,"title_format":"label","description_enable":false,"description":null,"placeholder_enable":false,"placeholder":null,"display":"select","restrictions_type":"any_text","adjust_price":false,"price":"","price_type":"flat_fee","restrictions":false,"min":0,"max":0,"options":[{"label":"F\u00fcr Gewerbetreibende besteht die M\u00f6glichkeit einer Finanzierung \u00fcber 24 Monate","price":"","price_type":"flat_fee","image":0}],"id":1720448928}],"brands":[],"_links":{"self":[{"href":"https:\/\/swissmassage.weprocess.dev\/de\/wp-json\/wp\/v2\/product\/14979","targetHints":{"allow":["GET"]}}],"collection":[{"href":"https:\/\/swissmassage.weprocess.dev\/de\/wp-json\/wp\/v2\/product"}],"about":[{"href":"https:\/\/swissmassage.weprocess.dev\/de\/wp-json\/wp\/v2\/types\/product"}],"wp:featuredmedia":[{"embeddable":true,"href":"https:\/\/swissmassage.weprocess.dev\/de\/wp-json\/wp\/v2\/media\/14535"}],"wp:attachment":[{"href":"https:\/\/swissmassage.weprocess.dev\/de\/wp-json\/wp\/v2\/media?parent=14979"}],"wp:term":[{"taxonomy":"pwb-brand","embeddable":true,"href":"https:\/\/swissmassage.weprocess.dev\/de\/wp-json\/wp\/v2\/pwb-brand?post=14979"},{"taxonomy":"product_brand","embeddable":true,"href":"https:\/\/swissmassage.weprocess.dev\/de\/wp-json\/wp\/v2\/product_brand?post=14979"},{"taxonomy":"product_cat","embeddable":true,"href":"https:\/\/swissmassage.weprocess.dev\/de\/wp-json\/wp\/v2\/product_cat?post=14979"},{"taxonomy":"product_tag","embeddable":true,"href":"https:\/\/swissmassage.weprocess.dev\/de\/wp-json\/wp\/v2\/product_tag?post=14979"},{"taxonomy":"product_folder","embeddable":true,"href":"https:\/\/swissmassage.weprocess.dev\/de\/wp-json\/wp\/v2\/product_folder?post=14979"}],"curies":[{"name":"wp","href":"https:\/\/api.w.org\/{rel}","templated":true}]}}