{"id":14972,"date":"2023-10-20T11:42:09","date_gmt":"2023-10-20T09:42:09","guid":{"rendered":"https:\/\/swissmassage.ch\/produit\/elektrische-massageliege-modell-triumph-weiss\/"},"modified":"2025-10-20T14:52:56","modified_gmt":"2025-10-20T12:52:56","slug":"elektrische-massageliege-modell-triumph-weiss","status":"publish","type":"product","link":"https:\/\/swissmassage.weprocess.dev\/de\/produits\/elektrische-massageliege-modell-triumph-weiss\/","title":{"rendered":"Elektrische Massageliege Modell Triumph wei\u00df"},"content":{"rendered":"<h2>Elektrische Massageliege Modell Triumph wei\u00df<\/h2>\n<p class=\"rouge\" style=\"text-align: justify;\">Beschreibung der Triumph Massageliege:<\/p>\n<p class=\"rouge\" style=\"text-align: justify;\"><span style=\"color: #000000;\">2 Motoren zur H\u00f6henverstellung von 65 cm bis 86 cm.<\/span><br \/>\n<span style=\"color: #000000;\">1 Motor verstellt die R\u00fcckenlehne in eine sitzende Position.<\/span><br \/>\n<span style=\"color: #000000;\">1 Motor erm\u00f6glicht es Ihnen, die Beine anzuheben, um den unteren R\u00fccken zu entlasten.<\/span><br \/>\n<span style=\"color: #000000;\">Flexible wei\u00dfe Polyurethan-Beschichtung.<\/span><br \/>\n<span style=\"color: #000000;\">R\u00fcckenlehne mit Gesichtsloch und Kappe.<\/span><br \/>\n<span style=\"color: #000000;\">Verstellbare Armlehnen f\u00fcr besseren Komfort in Bauchlage.<\/span><br \/>\n<span style=\"color: #000000;\">Spezieller Extra-Komfort-Schaumstoff von <\/span><span style=\"color: #000000;\">12 <span class=\"rouge\">cm<\/span><\/span><span style=\"color: #000000;\">.<\/span><br \/>\n<span style=\"color: #000000;\">Ideales Design f\u00fcr moderne Hotels, Spas und Institute.<br \/>\nIntegrierte Heizmatte. (!)<br \/>\nIntegrierte LED-Beleuchtung.<br \/>\n2 Schlie\u00dff\u00e4cher. <\/span><br \/>\n<span style=\"color: #000000;\">Breite 79 cm,<\/span><br \/>\n<span style=\"color: #000000;\">L\u00e4nge 200 cm.<\/span><br \/>\n<span style=\"color: #000000;\">H\u00f6he 65 bis 86 cm.<\/span><br \/>\n<span style=\"color: #000000;\">Gewicht 132 kg.<br \/>\nMaximales Arbeitsgewicht 200 kg.<\/span><\/p>\n<p class=\"rouge\" style=\"text-align: justify;\"><span style=\"color: #000000;\">(!)<br \/>\nDie integrierte Heizmatte ist so konzipiert, dass sie die Matratze erw\u00e4rmt und dem Patienten ein sehr gesch\u00e4tztes Gef\u00fchl des Wohlbefindens vermittelt. Die bereitgestellte W\u00e4rme ist diffus und hat keinen therapeutischen Zweck.  F\u00fcr den therapeutischen Einsatz empfehlen wir den Kauf unserer<span style=\"color: #993300;\"> <a style=\"color: #993300;\" href=\"https:\/\/swissmassage.weprocess.dev\/produit\/couverture-chauffante-table-de-massage\/\"><span style=\"color: #993366;\">Heizdecke<\/span><\/a><\/span>, die auf 10 Temperaturstufen einstellbar und mit einem programmierbaren Timer von einer bis zehn Stunden ausgestattet ist, der sich nach Gebrauch automatisch abschaltet.<br \/>\n<\/span><\/p>\n<h3>Philosophie der wei\u00dfen Massageliege Modell Triumph:<\/h3>\n<p>In der beruhigenden Atmosph\u00e4re eines Spas oder Wellness-Instituts finden Sie die elektrische Massageliege Triumph, ein wertvoller Verb\u00fcndeter zur Entspannung und zum Abbau von Verspannungen. Es ist sehr elegant und bietet bemerkenswerten Komfort und Funktionen, die auf das Wohlbefinden des Patienten ausgelegt sind.<x id=\"gid_0\"><\/x>Mit seinen zwei Motoren, die eine stufenlose Verstellung der H\u00f6he und der R\u00fcckenlehne erm\u00f6glichen, sowie der M\u00f6glichkeit, die Beine anzuheben, um die Lendenwirbels\u00e4ule zu entlasten, passt sich dieser Tisch an die Bed\u00fcrfnisse aller an. Die weiche und pflegeleichte wei\u00dfe Polyurethanbeschichtung schafft eine einladende Umgebung, w\u00e4hrend die R\u00fcckenlehne mit Gesichtsloch eine bequeme Position f\u00fcr den Kunden gew\u00e4hrleistet.<x id=\"gid_1\"><\/x>Der spezielle Extra-Komfort-Schaumstoff bietet optimalen Halt und umh\u00fcllt den K\u00f6rper mit einem weichen Gef\u00fchl. Mit seinem schlanken Design f\u00fcgt sich der Tisch harmonisch in moderne R\u00e4ume ein, egal ob es sich um ein Luxushotel, ein High-End-Spa oder einen Sch\u00f6nheitssalon handelt.<br \/>\nDie eingebaute Heizmatte sorgt f\u00fcr einen Hauch von Luxus und sorgt f\u00fcr weiche, wohlige W\u00e4rme. Obwohl diese Funktion nicht therapeutisch ist, bietet sie ein Gef\u00fchl des Wohlbefindens, das von den Kunden sehr gesch\u00e4tzt wird. F\u00fcr diejenigen, die nach therapeutischen Vorteilen suchen, wird eine verstellbare Heizdecke mit einem programmierbaren Timer f\u00fcr eine sichere und personalisierte Anwendung empfohlen.<x id=\"gid_0\"><\/x>Mit seinen gro\u00dfz\u00fcgigen Abmessungen und zwei praktischen Ablagef\u00e4chern bietet der Triumph Tisch einen funktionalen und organisierten Arbeitsbereich. Robust und zuverl\u00e4ssig verspricht sie dem Kunden ein angenehmes und entspannendes Massageerlebnis und erleichtert gleichzeitig die Arbeit des Behandlers.   <\/p>\n","protected":false},"excerpt":{"rendered":"<p>Elektrische Massageliege Modell Triumph wei\u00df Beschreibung der Triumph Massageliege: 2 Motoren zur H\u00f6henverstellung von 65 cm bis 86 cm. 1 Motor verstellt die R\u00fcckenlehne in eine sitzende Position. 1 Motor erm\u00f6glicht es Ihnen, die Beine anzuheben, um den unteren R\u00fccken zu entlasten. Flexible wei\u00dfe Polyurethan-Beschichtung. R\u00fcckenlehne mit Gesichtsloch und Kappe. Verstellbare Armlehnen f\u00fcr besseren Komfort&hellip;<\/p>\n","protected":false},"featured_media":14010,"template":"","meta":{"_seopress_robots_primary_cat":"286","_seopress_titles_title":"Triumph elektrische Massageliege weiss - Swissmassage","_seopress_titles_desc":"In der beruhigenden Atmosph\u00e4re eines Wellness-Instituts befindet sich die elektrische Massageliege Modell Triumph, ein wertvoller Verb\u00fcndeter f\u00fcr die Entspannung.","_seopress_robots_index":""},"pwb-brand":[],"product_brand":[],"product_cat":[1332,1330,1333,1356,1368,1387],"product_tag":[1440,1447,1445,1443,1441,1444,1446],"product_folder":[987],"class_list":{"0":"post-14972","1":"product","2":"type-product","3":"status-publish","4":"has-post-thumbnail","6":"product_cat-alle-asthetischen-artikel","7":"product_cat-alle-massageliegen-massage-ausstattungen","8":"product_cat-alle-spa-beauty-produkte","9":"product_cat-asthetikliegen","10":"product_cat-elektrische-massageliegen","11":"product_cat-spa-liegen","12":"product_tag-asthetisch","13":"product_tag-asthetische-massageliege","14":"product_tag-elektrische-massageliege","15":"product_tag-massageliege","16":"product_tag-spa-de","17":"product_tag-spa-massageliege","18":"product_tag-spa-einrichtungen","20":"first","21":"instock","22":"taxable","23":"shipping-taxable","24":"purchasable","25":"product-type-simple"},"exclude_global_add_ons":false,"addons":[{"name":"Option f\u00fcr Fu\u00dfschalter","type":"multiple_choice","position":0,"required":false,"title_format":"label","description_enable":false,"description":null,"placeholder_enable":false,"placeholder":null,"display":"images","restrictions_type":"any_text","adjust_price":false,"price":"","price_type":"flat_fee","restrictions":false,"min":0,"max":0,"options":[{"label":"Mit Fu\u00dfschalter","price":"290","price_type":"flat_fee","image":8598}],"id":1720448555},{"name":"Option f\u00fcr einen sch\u00fctzenden Papierspender","type":"multiple_choice","position":1,"required":false,"title_format":"label","description_enable":false,"description":null,"placeholder_enable":false,"placeholder":null,"display":"images","restrictions_type":"any_text","adjust_price":false,"price":"","price_type":"flat_fee","restrictions":false,"min":0,"max":0,"options":[{"label":"Mit sch\u00fctzendem Papierspender","price":"80","price_type":"flat_fee","image":8739}],"id":1720448556},{"name":"Filzoption unter den F\u00fc\u00dfen, macht es leicht zu bewegen","type":"multiple_choice","position":2,"required":false,"title_format":"label","description_enable":false,"description":null,"placeholder_enable":false,"placeholder":null,"display":"images","restrictions_type":"any_text","adjust_price":false,"price":"","price_type":"flat_fee","restrictions":false,"min":0,"max":0,"options":[{"label":"Mit Filzunterbeinen","price":"24","price_type":"flat_fee","image":8612}],"id":1720448557},{"name":"Verl\u00e4ngerungsm\u00f6glichkeit +16 cm","type":"multiple_choice","position":3,"required":false,"title_format":"label","description_enable":false,"description":null,"placeholder_enable":false,"placeholder":null,"display":"images","restrictions_type":"any_text","adjust_price":false,"price":"","price_type":"flat_fee","restrictions":false,"min":0,"max":0,"options":[{"label":"Verl\u00e4ngerungsm\u00f6glichkeit +16 cm","price":"260","price_type":"flat_fee","image":19778}],"id":1756911536},{"name":"Finanzierungsm\u00f6glichkeit","type":"checkbox","position":4,"required":false,"title_format":"label","description_enable":false,"description":null,"placeholder_enable":false,"placeholder":null,"display":"select","restrictions_type":"any_text","adjust_price":false,"price":"","price_type":"flat_fee","restrictions":false,"min":0,"max":0,"options":[{"label":"F\u00fcr Gewerbetreibende besteht die M\u00f6glichkeit einer Finanzierung \u00fcber 24 Monate","price":"","price_type":"flat_fee","image":0}],"id":1720448558}],"brands":[],"_links":{"self":[{"href":"https:\/\/swissmassage.weprocess.dev\/de\/wp-json\/wp\/v2\/product\/14972","targetHints":{"allow":["GET"]}}],"collection":[{"href":"https:\/\/swissmassage.weprocess.dev\/de\/wp-json\/wp\/v2\/product"}],"about":[{"href":"https:\/\/swissmassage.weprocess.dev\/de\/wp-json\/wp\/v2\/types\/product"}],"wp:featuredmedia":[{"embeddable":true,"href":"https:\/\/swissmassage.weprocess.dev\/de\/wp-json\/wp\/v2\/media\/14010"}],"wp:attachment":[{"href":"https:\/\/swissmassage.weprocess.dev\/de\/wp-json\/wp\/v2\/media?parent=14972"}],"wp:term":[{"taxonomy":"pwb-brand","embeddable":true,"href":"https:\/\/swissmassage.weprocess.dev\/de\/wp-json\/wp\/v2\/pwb-brand?post=14972"},{"taxonomy":"product_brand","embeddable":true,"href":"https:\/\/swissmassage.weprocess.dev\/de\/wp-json\/wp\/v2\/product_brand?post=14972"},{"taxonomy":"product_cat","embeddable":true,"href":"https:\/\/swissmassage.weprocess.dev\/de\/wp-json\/wp\/v2\/product_cat?post=14972"},{"taxonomy":"product_tag","embeddable":true,"href":"https:\/\/swissmassage.weprocess.dev\/de\/wp-json\/wp\/v2\/product_tag?post=14972"},{"taxonomy":"product_folder","embeddable":true,"href":"https:\/\/swissmassage.weprocess.dev\/de\/wp-json\/wp\/v2\/product_folder?post=14972"}],"curies":[{"name":"wp","href":"https:\/\/api.w.org\/{rel}","templated":true}]}}