{"id":14965,"date":"2023-10-19T17:07:20","date_gmt":"2023-10-19T15:07:20","guid":{"rendered":"https:\/\/swissmassage.ch\/produit\/elektrische-massageliege-modell-noah\/"},"modified":"2025-10-14T10:44:12","modified_gmt":"2025-10-14T08:44:12","slug":"elektrische-massageliege-modell-noah","status":"publish","type":"product","link":"https:\/\/swissmassage.weprocess.dev\/de\/produits\/elektrische-massageliege-modell-noah\/","title":{"rendered":"Elektrische Massageliege Modell No\u00e9"},"content":{"rendered":"<h2>Elektrische Massageliege Modell No\u00e9<\/h2>\n<p class=\"rouge\" style=\"text-align: justify;\">Beschreibung der Massageliege No\u00e9:<\/p>\n<p class=\"rouge\" style=\"text-align: justify;\"><span style=\"color: #000000;\">2 Motoren zur H\u00f6henverstellung von 70 cm bis 101 cm.<\/span><br \/>\n<span style=\"color: #000000;\">1 Motor verstellt die R\u00fcckenlehne in eine sitzende Position.<\/span><br \/>\n<span style=\"color: #000000;\">1 Motor erm\u00f6glicht es Ihnen, die Beine anzuheben, um den unteren R\u00fccken zu entlasten.<\/span><br \/>\n<span style=\"color: #000000;\">Flexible wei\u00dfe Polyurethan-Beschichtung.<\/span><br \/>\n<span style=\"color: #000000;\">R\u00fcckenlehne mit Gesichtsloch und Kappe.<\/span><br \/>\n<span style=\"color: #000000;\">Verstellbare Armlehnen f\u00fcr besseren Komfort in Bauchlage.<\/span><br \/>\n<span style=\"color: #000000;\">Spezieller Extra-Komfort-Schaumstoff von <\/span><span style=\"color: #000000;\">12 <span class=\"rouge\">cm<\/span><\/span><span style=\"color: #000000;\">.<\/span><br \/>\n<span style=\"color: #000000;\">Ideales Design f\u00fcr moderne Hotels, Spas und Institute.<br \/>\nIntegrierte Heizmatte. (!)<br \/>\nIntegrierte LED-Beleuchtung. <\/span><br \/>\n<span style=\"color: #000000;\">Breite 81 cm,<\/span><br \/>\n<span style=\"color: #000000;\">L\u00e4nge 200 cm.<\/span><br \/>\n<span style=\"color: #000000;\">H\u00f6he 70 bis 101 cm.<\/span><br \/>\n<span style=\"color: #000000;\">Gewicht 110 kg.<br \/>\nMaximales Arbeitsgewicht 200 kg.<br \/>\n<\/span><\/p>\n<p>(!)<br \/>\nDie eingebaute Heizmatte ist so konzipiert, dass sie die Matratze erw\u00e4rmt und dem Patienten ein Gef\u00fchl des Wohlbefindens vermittelt. Die bereitgestellte W\u00e4rme ist diffus und hat keinen therapeutischen Zweck.<br \/>\nF\u00fcr therapeutische Zwecke empfehlen wir den Kauf unserer <a href=\"https:\/\/swissmassage.weprocess.dev\/produit\/couverture-chauffante-table-de-massage\/\"><br \/>\n  <span style=\"color: #993366;\">Heizdecke<\/span><br \/>\n<\/a>, die auf 10 Temperaturstufen einstellbar und mit einem programmierbaren Timer von einer bis zehn Stunden ausgestattet ist, der sich nach Gebrauch automatisch abschaltet. <\/p>\n<h3>Philosophie der Massageliege Modell No\u00e9:<\/h3>\n<p>In der stillen Atmosph\u00e4re eines modernen Instituts oder eines luxuri\u00f6sen Spas sitzt die elektrische Massageliege No\u00e9 Modell von Swissmassage majest\u00e4tisch, eine Verk\u00f6rperung von Eleganz und Komfort. Imposant und einladend l\u00e4dt es Sie zu einer au\u00dfergew\u00f6hnlichen Sinnesreise ein.<br \/>\nDieser genial gebaute Tisch ist mit 2 Motoren ausgestattet, die eine perfekte H\u00f6henverstellung von 58 cm auf 78 cm erm\u00f6glichen, um allen Vorlieben gerecht zu werden. Ein zus\u00e4tzlicher Motor sorgt f\u00fcr die Verstellung der R\u00fcckenlehne und bietet so eine ideale Sitzposition f\u00fcr bestimmte Behandlungen. Die auff\u00e4lligste Innovation liegt jedoch in dem Motor, der die Beine anhebt und so die Lendenmuskulatur des Patienten entlastet, ein unvergleichlicher Luxus des Wohlbefindens.<br \/>\nEr ist mit einem weichen wei\u00dfen Polyurethan-Material \u00fcberzogen und verbindet Zweckm\u00e4\u00dfigkeit mit raffinierter \u00c4sthetik. Die R\u00fcckenlehne mit einem dezenten Gesichtsloch und einer Kappe f\u00fcr unvergleichliche Vielseitigkeit empf\u00e4ngt den Kunden mit absolutem Komfort. Verstellbare Armlehnen sorgen f\u00fcr einen Hauch von Raffinesse und sorgen f\u00fcr eine entspannte Position nach vorne.<br \/>\nDie Dicke des speziellen 12 cm dicken Extra-Komfortschaums umh\u00fcllt den K\u00f6rper mit einem Kokon aus Weichheit, w\u00e4hrend sein schlankes Design perfekt mit der Einrichtung renommierter Hotels, High-End-Spas und moderner Sch\u00f6nheitssalons harmoniert.<br \/>\nWas den No\u00e9-Tisch wirklich auszeichnet, ist die eingebaute Heizmatte, ein Hauch von h\u00f6chstem Luxus. Entwickelt, um die Matratze subtil zu erw\u00e4rmen, umh\u00fcllt es den Kunden mit diffuser W\u00e4rme und schenkt ihm ein unvergleichliches Gef\u00fchl des Wohlbefindens. Es ist zu beachten, dass diese Funktion nicht therapeutisch ist. F\u00fcr spezifische therapeutische Bed\u00fcrfnisse empfiehlt Swissmassage den Kauf der verstellbaren Heizdecke, die \u00fcber fortschrittliche Funktionen wie 10 Temperaturstufen und einen programmierbaren Timer von einer bis zehn Stunden verf\u00fcgt und ma\u00dfgeschneiderten Komfort und optimale Sicherheit garantiert.<br \/>\nMit gro\u00dfz\u00fcgigen Abmessungen von 80 cm Breite und 200 cm L\u00e4nge bietet die No\u00e9-Liege problemlos Platz f\u00fcr eine Vielzahl von Kunden, w\u00e4hrend ihre Robustheit mit einem Gewicht von 110 kg und einer maximalen Arbeitskapazit\u00e4t von 200 kg eine einwandfreie Zuverl\u00e4ssigkeit gew\u00e4hrleistet, eine Garantie f\u00fcr ein au\u00dfergew\u00f6hnliches Massageerlebnis.     <\/p>\n","protected":false},"excerpt":{"rendered":"<p>Elektrische Massageliege Modell No\u00e9 Beschreibung der Massageliege No\u00e9: 2 Motoren zur H\u00f6henverstellung von 70 cm bis 101 cm. 1 Motor verstellt die R\u00fcckenlehne in eine sitzende Position. 1 Motor erm\u00f6glicht es Ihnen, die Beine anzuheben, um den unteren R\u00fccken zu entlasten. Flexible wei\u00dfe Polyurethan-Beschichtung. R\u00fcckenlehne mit Gesichtsloch und Kappe. Verstellbare Armlehnen f\u00fcr besseren Komfort in&hellip;<\/p>\n","protected":false},"featured_media":14966,"template":"","meta":{"_seopress_robots_primary_cat":"286","_seopress_titles_title":"","_seopress_titles_desc":"Neben einem sehr eleganten Design bietet die elektrische Massageliege No\u00e9 dank ihres speziellen 12 cm Schaumstoffs einen sehr guten Komfort.","_seopress_robots_index":""},"pwb-brand":[],"product_brand":[],"product_cat":[1332,1330,1333,1356,1368,1387],"product_tag":[1440,1447,1445,1443,1441,1444,1446],"product_folder":[987],"class_list":{"0":"post-14965","1":"product","2":"type-product","3":"status-publish","4":"has-post-thumbnail","6":"product_cat-alle-asthetischen-artikel","7":"product_cat-alle-massageliegen-massage-ausstattungen","8":"product_cat-alle-spa-beauty-produkte","9":"product_cat-asthetikliegen","10":"product_cat-elektrische-massageliegen","11":"product_cat-spa-liegen","12":"product_tag-asthetisch","13":"product_tag-asthetische-massageliege","14":"product_tag-elektrische-massageliege","15":"product_tag-massageliege","16":"product_tag-spa-de","17":"product_tag-spa-massageliege","18":"product_tag-spa-einrichtungen","20":"first","21":"instock","22":"taxable","23":"shipping-taxable","24":"purchasable","25":"product-type-simple"},"exclude_global_add_ons":false,"addons":[{"name":"Option f\u00fcr einen sch\u00fctzenden Papierspender","type":"multiple_choice","position":0,"required":false,"title_format":"label","description_enable":false,"description":null,"placeholder_enable":false,"placeholder":null,"display":"images","restrictions_type":"any_text","adjust_price":false,"price":"","price_type":"flat_fee","restrictions":false,"min":0,"max":0,"options":[{"label":"Mit sch\u00fctzendem Papierspender","price":"50","price_type":"flat_fee","image":8565}],"id":1720448433},{"name":"Option mit Fu\u00dffernbedienung","type":"multiple_choice","position":1,"required":false,"title_format":"label","description_enable":false,"description":"Handbestellung ist sowieso inklusive.\nFu\u00dfsteuerung ist eine Option.","placeholder_enable":false,"placeholder":null,"display":"images","restrictions_type":"any_text","adjust_price":false,"price":"","price_type":"flat_fee","restrictions":false,"min":0,"max":0,"options":[{"label":"Mit Fu\u00dfschalter","price":"260","price_type":"flat_fee","image":8568}],"id":1720448434},{"name":"Filzoption unter den F\u00fc\u00dfen, macht es leicht zu bewegen","type":"multiple_choice","position":2,"required":false,"title_format":"label","description_enable":false,"description":null,"placeholder_enable":false,"placeholder":null,"display":"images","restrictions_type":"any_text","adjust_price":false,"price":"","price_type":"flat_fee","restrictions":false,"min":0,"max":0,"options":[{"label":"Mit Filzunterbeinen","price":"24","price_type":"flat_fee","image":8612}],"id":1720448435},{"name":"Verl\u00e4ngerungsm\u00f6glichkeit +16 cm","type":"multiple_choice","position":3,"required":false,"title_format":"label","description_enable":false,"description":null,"placeholder_enable":false,"placeholder":null,"display":"images","restrictions_type":"any_text","adjust_price":false,"price":"","price_type":"flat_fee","restrictions":false,"min":0,"max":0,"options":[{"label":"Verl\u00e4ngerungsm\u00f6glichkeit +16 cm","price":"260","price_type":"flat_fee","image":19778}],"id":1756911710},{"name":"Finanzierungsm\u00f6glichkeit","type":"checkbox","position":4,"required":false,"title_format":"label","description_enable":false,"description":null,"placeholder_enable":false,"placeholder":null,"display":"select","restrictions_type":"any_text","adjust_price":false,"price":"","price_type":"flat_fee","restrictions":false,"min":0,"max":0,"options":[{"label":"F\u00fcr Profis besteht die M\u00f6glichkeit der Finanzierung \u00fcber 24 Monate.","price":"","price_type":"flat_fee","image":0}],"id":1720448436}],"brands":[],"_links":{"self":[{"href":"https:\/\/swissmassage.weprocess.dev\/de\/wp-json\/wp\/v2\/product\/14965","targetHints":{"allow":["GET"]}}],"collection":[{"href":"https:\/\/swissmassage.weprocess.dev\/de\/wp-json\/wp\/v2\/product"}],"about":[{"href":"https:\/\/swissmassage.weprocess.dev\/de\/wp-json\/wp\/v2\/types\/product"}],"wp:featuredmedia":[{"embeddable":true,"href":"https:\/\/swissmassage.weprocess.dev\/de\/wp-json\/wp\/v2\/media\/14966"}],"wp:attachment":[{"href":"https:\/\/swissmassage.weprocess.dev\/de\/wp-json\/wp\/v2\/media?parent=14965"}],"wp:term":[{"taxonomy":"pwb-brand","embeddable":true,"href":"https:\/\/swissmassage.weprocess.dev\/de\/wp-json\/wp\/v2\/pwb-brand?post=14965"},{"taxonomy":"product_brand","embeddable":true,"href":"https:\/\/swissmassage.weprocess.dev\/de\/wp-json\/wp\/v2\/product_brand?post=14965"},{"taxonomy":"product_cat","embeddable":true,"href":"https:\/\/swissmassage.weprocess.dev\/de\/wp-json\/wp\/v2\/product_cat?post=14965"},{"taxonomy":"product_tag","embeddable":true,"href":"https:\/\/swissmassage.weprocess.dev\/de\/wp-json\/wp\/v2\/product_tag?post=14965"},{"taxonomy":"product_folder","embeddable":true,"href":"https:\/\/swissmassage.weprocess.dev\/de\/wp-json\/wp\/v2\/product_folder?post=14965"}],"curies":[{"name":"wp","href":"https:\/\/api.w.org\/{rel}","templated":true}]}}